{"id":61644,"date":"2019-11-09T01:50:07","date_gmt":"2021-02-16T09:16:22","guid":{"rendered":"https:\/\/dev.tactic.net\/tuote\/larsen-apollo-11-maxi\/"},"modified":"2023-10-19T15:08:55","modified_gmt":"2023-10-19T12:08:55","slug":"larsen-apollo-11-maxi","status":"publish","type":"product","link":"https:\/\/games.tactic.net\/sv\/tuote\/larsen-apollo-11-maxi\/","title":{"rendered":"Larsen Maxi Apollo 11 50 pcs pussel"},"content":{"rendered":"<p>Larsen Maxi Apollo 11 50 bitar pussel 36,5 x 28,5 cm. 5, 4, 3, 2, 1 \u2013 uppskjutning! Vill du f\u00f6lja med herr Armstrong p\u00e5 hans v\u00e4g mot Apollo 11 medan raketen Columbia kretsar runt m\u00e5nen? Eller vill du blicka ut i rymden och f\u00f6rundras \u00f6ver stj\u00e4rnorna? Neil Armstrong \u00e4r p\u00e5 v\u00e4g ner f\u00f6r stegen medan miljontals stj\u00e4rnor gnistrar p\u00e5 natthimlen. Medan farkosten Eagle f\u00f6rbereder sig f\u00f6r landning p\u00e5 m\u00e5nen, kan du gissa vem som flyger Columbia p\u00e5 sin ensamresa? Detta rymdpussel med 50 bitar visar en tidl\u00f6s illustration av raketer och rymdfarkoster som kretsar kring jorden och m\u00e5nen. Fem bitar bildar jorden, och en av dessa bitar \u00e4r medvetet gjord i form av en rymdfarkost. Vilken typ av rymdfarkost kan det vara?<\/p>\n<p>Larsen Maxi \u00e4r en h\u00f6gkvalitativ pusselserie f\u00f6r barn som kombinerar l\u00e4rande och lek. F\u00e4rgstarka illustrationer och stadiga rambitar g\u00f6r pusslen enkla och roliga att l\u00e4gga. Larsen Maxi-pussel \u00e4r idealiska f\u00f6r yngre barn och hj\u00e4lper till att utveckla finmotorik och koncentration.<\/p>\n<p>Larsen tillverkar h\u00f6gkvalitativa pedagogiska pussel som \u00e4r utformade f\u00f6r att st\u00f6dja l\u00e4rande genom lek. Detta norska familjef\u00f6retag har varit verksamt sedan 1953, och alla pussel tillverkas i Norge. Sortimentet omfattar m\u00e5nga olika teman som djur, kartor, fordon, rymden och natur. Tydliga illustrationer och h\u00e5llbara bitar g\u00f6r Larsen-pussel till ett utm\u00e4rkt val f\u00f6r barn.<\/p>\n","protected":false},"excerpt":{"rendered":"<p>Larsen Maxi Apollo 11 50 bitars pussel 36,5 x 28,5 cm visar raketer, rymdfarkoster och m\u00e5nlandningen. Pedagogiskt rymdpussel som v\u00e4cker nyfikenhet kring rymden och uppt\u00e4ckande.<\/p>\n","protected":false},"featured_media":0,"template":"","meta":{"content-type":"","_monsterinsights_skip_tracking":false,"_monsterinsights_sitenote_active":false,"_monsterinsights_sitenote_note":"","_monsterinsights_sitenote_category":0},"product_brand":[],"product_cat":[1520],"product_tag":[1235,932,845],"brand":[],"target-group":[],"discontinued":[],"class_list":{"0":"post-61644","1":"product","2":"type-product","3":"status-publish","5":"product_cat-barn-pussel","6":"product_tag-kombinera-sv","7":"product_tag-tidsfordriv","8":"product_tag-tillsammans","10":"first","11":"instock","12":"taxable","13":"shipping-taxable","14":"product-type-simple"},"aioseo_notices":[],"_links":{"self":[{"href":"https:\/\/games.tactic.net\/sv\/wp-json\/wp\/v2\/product\/61644","targetHints":{"allow":["GET"]}}],"collection":[{"href":"https:\/\/games.tactic.net\/sv\/wp-json\/wp\/v2\/product"}],"about":[{"href":"https:\/\/games.tactic.net\/sv\/wp-json\/wp\/v2\/types\/product"}],"wp:attachment":[{"href":"https:\/\/games.tactic.net\/sv\/wp-json\/wp\/v2\/media?parent=61644"}],"wp:term":[{"taxonomy":"product_brand","embeddable":true,"href":"https:\/\/games.tactic.net\/sv\/wp-json\/wp\/v2\/product_brand?post=61644"},{"taxonomy":"product_cat","embeddable":true,"href":"https:\/\/games.tactic.net\/sv\/wp-json\/wp\/v2\/product_cat?post=61644"},{"taxonomy":"product_tag","embeddable":true,"href":"https:\/\/games.tactic.net\/sv\/wp-json\/wp\/v2\/product_tag?post=61644"},{"taxonomy":"brand","embeddable":true,"href":"https:\/\/games.tactic.net\/sv\/wp-json\/wp\/v2\/brand?post=61644"},{"taxonomy":"target-group","embeddable":true,"href":"https:\/\/games.tactic.net\/sv\/wp-json\/wp\/v2\/target-group?post=61644"},{"taxonomy":"discontinued","embeddable":true,"href":"https:\/\/games.tactic.net\/sv\/wp-json\/wp\/v2\/discontinued?post=61644"}],"curies":[{"name":"wp","href":"https:\/\/api.w.org\/{rel}","templated":true}]}}