{"id":616430,"date":"2022-07-27T09:59:01","date_gmt":"2022-07-27T06:59:01","guid":{"rendered":"http:\/\/games.tactic.net\/tuote\/lumo-stars-kawaii-jade\/"},"modified":"2024-08-12T12:37:31","modified_gmt":"2024-08-12T09:37:31","slug":"lumo-stars-kawaii-jade","status":"archive","type":"product","link":"https:\/\/games.tactic.net\/sv\/tuote\/lumo-stars-kawaii-jade\/","title":{"rendered":"Lumo Stars Kawaii J\u00e4de plush"},"content":{"rendered":"<p>Den roliga J\u00e4de-plyschen f\u00e5r vem som helst att le. Den h\u00e4r gosiga killen \u00e4r bra f\u00f6r spel och s\u00f6tar \u00e4ven inredningen i barnrummet.<\/p>\n","protected":false},"excerpt":{"rendered":"<p>Den roliga J\u00e4de-plyschen f\u00e5r vem som helst att le. Den h\u00e4r gosiga killen \u00e4r bra f\u00f6r spel och s\u00f6tar \u00e4ven inredningen i barnrummet.<\/p>\n","protected":false},"featured_media":0,"template":"","meta":{"content-type":"","_monsterinsights_skip_tracking":false,"_monsterinsights_sitenote_active":false,"_monsterinsights_sitenote_note":"","_monsterinsights_sitenote_category":0},"product_brand":[],"product_cat":[1570],"product_tag":[853,1264,854],"brand":[{"id":1018,"name":"Lumo Stars","slug":"lumo-stars-13"}],"target-group":[],"discontinued":[],"class_list":{"0":"post-616430","1":"product","2":"type-product","3":"status-archive","5":"product_cat-ovrigt","6":"product_tag-kramgo","7":"product_tag-lumo-stars-sv","8":"product_tag-mjukdjur","9":"brand-lumo-stars-13","11":"first","12":"outofstock","13":"taxable","14":"shipping-taxable","15":"product-type-simple"},"aioseo_notices":[],"_links":{"self":[{"href":"https:\/\/games.tactic.net\/sv\/wp-json\/wp\/v2\/product\/616430","targetHints":{"allow":["GET"]}}],"collection":[{"href":"https:\/\/games.tactic.net\/sv\/wp-json\/wp\/v2\/product"}],"about":[{"href":"https:\/\/games.tactic.net\/sv\/wp-json\/wp\/v2\/types\/product"}],"wp:attachment":[{"href":"https:\/\/games.tactic.net\/sv\/wp-json\/wp\/v2\/media?parent=616430"}],"wp:term":[{"taxonomy":"product_brand","embeddable":true,"href":"https:\/\/games.tactic.net\/sv\/wp-json\/wp\/v2\/product_brand?post=616430"},{"taxonomy":"product_cat","embeddable":true,"href":"https:\/\/games.tactic.net\/sv\/wp-json\/wp\/v2\/product_cat?post=616430"},{"taxonomy":"product_tag","embeddable":true,"href":"https:\/\/games.tactic.net\/sv\/wp-json\/wp\/v2\/product_tag?post=616430"},{"taxonomy":"brand","embeddable":true,"href":"https:\/\/games.tactic.net\/sv\/wp-json\/wp\/v2\/brand?post=616430"},{"taxonomy":"target-group","embeddable":true,"href":"https:\/\/games.tactic.net\/sv\/wp-json\/wp\/v2\/target-group?post=616430"},{"taxonomy":"discontinued","embeddable":true,"href":"https:\/\/games.tactic.net\/sv\/wp-json\/wp\/v2\/discontinued?post=616430"}],"curies":[{"name":"wp","href":"https:\/\/api.w.org\/{rel}","templated":true}]}}