{"id":61642,"date":"2019-11-09T01:48:52","date_gmt":"2021-02-16T09:16:15","guid":{"rendered":"https:\/\/dev.tactic.net\/tuote\/larsen-skogsdjur-maxi\/"},"modified":"2023-10-19T15:32:13","modified_gmt":"2023-10-19T12:32:13","slug":"larsen-skogsdjur-maxi","status":"publish","type":"product","link":"https:\/\/games.tactic.net\/sv\/tuote\/larsen-skogsdjur-maxi\/","title":{"rendered":"Larsen Maxi Skogsdjur 29 pcs pussel"},"content":{"rendered":"<p>Larsen Maxi Skogsdjur 29 bitar pussel 36,5 x 28,5 cm. Djupt inne i skogen finns en m\u00e4ngd olika djur. H\u00e4r hittar du \u00e4lgar och kronhjortar som letar efter mat. En vargfamilj leker glatt n\u00e4ra sitt ide medan n\u00e5gra orrar \u00e4ter i n\u00e4rheten. En bj\u00f6rn och hennes unge utforskar en b\u00e4ck i n\u00e4rheten. Vad \u00e4r bj\u00f6rnungen nyfiken p\u00e5? Ett lodjur med sina ungar har kommit f\u00f6r att se vad som h\u00e4nder. En duvh\u00f6k flyger ovanf\u00f6r medan andra f\u00e5glar och ekorrar leker i tr\u00e4den. Kan du hitta r\u00e4ven som g\u00f6mmer sig l\u00e4ngst bak i skogen?<\/p>\n<p>Larsen Maxi \u00e4r en h\u00f6gkvalitativ pusselserie f\u00f6r barn som kombinerar l\u00e4rande och lek. F\u00e4rgstarka illustrationer och stadiga rambitar g\u00f6r pusslen enkla och roliga att l\u00e4gga. Larsen Maxi-pussel \u00e4r idealiska f\u00f6r yngre barn och hj\u00e4lper till att utveckla finmotorik och koncentration.<\/p>\n<p>Larsen tillverkar h\u00f6gkvalitativa pedagogiska pussel som \u00e4r utformade f\u00f6r att st\u00f6dja l\u00e4rande genom lek. Detta norska familjef\u00f6retag har varit verksamt sedan 1953, och alla pussel tillverkas i Norge. Sortimentet omfattar m\u00e5nga olika teman som djur, kartor, fordon, rymden och natur. Tydliga illustrationer och h\u00e5llbara bitar g\u00f6r Larsen-pussel till ett utm\u00e4rkt val f\u00f6r barn.<\/p>\n","protected":false},"excerpt":{"rendered":"<p>Larsen Maxi Skogsdjur 29 bitars pussel 36,5 x 28,5 cm visar skogsdjur som bj\u00f6rn, varg och lodjur. Pedagogiskt pussel som st\u00f6djer naturkunskap.<\/p>\n","protected":false},"featured_media":0,"template":"","meta":{"content-type":"","_monsterinsights_skip_tracking":false,"_monsterinsights_sitenote_active":false,"_monsterinsights_sitenote_note":"","_monsterinsights_sitenote_category":0},"product_brand":[],"product_cat":[1520],"product_tag":[1235,932,845],"brand":[],"target-group":[],"discontinued":[],"class_list":{"0":"post-61642","1":"product","2":"type-product","3":"status-publish","5":"product_cat-barn-pussel","6":"product_tag-kombinera-sv","7":"product_tag-tidsfordriv","8":"product_tag-tillsammans","10":"first","11":"instock","12":"taxable","13":"shipping-taxable","14":"product-type-simple"},"aioseo_notices":[],"_links":{"self":[{"href":"https:\/\/games.tactic.net\/sv\/wp-json\/wp\/v2\/product\/61642","targetHints":{"allow":["GET"]}}],"collection":[{"href":"https:\/\/games.tactic.net\/sv\/wp-json\/wp\/v2\/product"}],"about":[{"href":"https:\/\/games.tactic.net\/sv\/wp-json\/wp\/v2\/types\/product"}],"wp:attachment":[{"href":"https:\/\/games.tactic.net\/sv\/wp-json\/wp\/v2\/media?parent=61642"}],"wp:term":[{"taxonomy":"product_brand","embeddable":true,"href":"https:\/\/games.tactic.net\/sv\/wp-json\/wp\/v2\/product_brand?post=61642"},{"taxonomy":"product_cat","embeddable":true,"href":"https:\/\/games.tactic.net\/sv\/wp-json\/wp\/v2\/product_cat?post=61642"},{"taxonomy":"product_tag","embeddable":true,"href":"https:\/\/games.tactic.net\/sv\/wp-json\/wp\/v2\/product_tag?post=61642"},{"taxonomy":"brand","embeddable":true,"href":"https:\/\/games.tactic.net\/sv\/wp-json\/wp\/v2\/brand?post=61642"},{"taxonomy":"target-group","embeddable":true,"href":"https:\/\/games.tactic.net\/sv\/wp-json\/wp\/v2\/target-group?post=61642"},{"taxonomy":"discontinued","embeddable":true,"href":"https:\/\/games.tactic.net\/sv\/wp-json\/wp\/v2\/discontinued?post=61642"}],"curies":[{"name":"wp","href":"https:\/\/api.w.org\/{rel}","templated":true}]}}