{"id":61637,"date":"2021-02-16T11:15:58","date_gmt":"2021-02-16T09:15:58","guid":{"rendered":"https:\/\/dev.tactic.net\/tuote\/tygbok-kanin\/"},"modified":"2022-03-21T10:36:58","modified_gmt":"2022-03-21T08:36:58","slug":"tygbok-kanin","status":"archive","type":"product","link":"https:\/\/games.tactic.net\/sv\/tuote\/tygbok-kanin\/","title":{"rendered":"TYGBOK (KANIN)"},"content":{"rendered":"<div>En mjuk tygbok f\u00f6r stora \u00f6gon och sm\u00e5 h\u00e4nder!<\/div>\n<div>Boken b\u00e5de prasslar och skallrar.<\/div>\n<div>F\u00f6rpackad i plastp\u00e5se med header.<\/div>\n","protected":false},"excerpt":{"rendered":"<p>En mjuk tygbok f\u00f6r stora \u00f6gon och sm\u00e5 h\u00e4nder!<\/p>\n","protected":false},"featured_media":0,"template":"","meta":{"content-type":"","_monsterinsights_skip_tracking":false,"_monsterinsights_sitenote_active":false,"_monsterinsights_sitenote_note":"","_monsterinsights_sitenote_category":0},"product_brand":[],"product_cat":[1544],"product_tag":[],"brand":[],"target-group":[],"discontinued":[],"class_list":{"0":"post-61637","1":"product","2":"type-product","3":"status-archive","5":"product_cat-min-forsta-bok","7":"first","8":"outofstock","9":"taxable","10":"shipping-taxable","11":"product-type-simple"},"aioseo_notices":[],"_links":{"self":[{"href":"https:\/\/games.tactic.net\/sv\/wp-json\/wp\/v2\/product\/61637","targetHints":{"allow":["GET"]}}],"collection":[{"href":"https:\/\/games.tactic.net\/sv\/wp-json\/wp\/v2\/product"}],"about":[{"href":"https:\/\/games.tactic.net\/sv\/wp-json\/wp\/v2\/types\/product"}],"wp:attachment":[{"href":"https:\/\/games.tactic.net\/sv\/wp-json\/wp\/v2\/media?parent=61637"}],"wp:term":[{"taxonomy":"product_brand","embeddable":true,"href":"https:\/\/games.tactic.net\/sv\/wp-json\/wp\/v2\/product_brand?post=61637"},{"taxonomy":"product_cat","embeddable":true,"href":"https:\/\/games.tactic.net\/sv\/wp-json\/wp\/v2\/product_cat?post=61637"},{"taxonomy":"product_tag","embeddable":true,"href":"https:\/\/games.tactic.net\/sv\/wp-json\/wp\/v2\/product_tag?post=61637"},{"taxonomy":"brand","embeddable":true,"href":"https:\/\/games.tactic.net\/sv\/wp-json\/wp\/v2\/brand?post=61637"},{"taxonomy":"target-group","embeddable":true,"href":"https:\/\/games.tactic.net\/sv\/wp-json\/wp\/v2\/target-group?post=61637"},{"taxonomy":"discontinued","embeddable":true,"href":"https:\/\/games.tactic.net\/sv\/wp-json\/wp\/v2\/discontinued?post=61637"}],"curies":[{"name":"wp","href":"https:\/\/api.w.org\/{rel}","templated":true}]}}