{"id":61636,"date":"2021-02-16T11:15:54","date_gmt":"2021-02-16T09:15:54","guid":{"rendered":"https:\/\/dev.tactic.net\/tuote\/kimble-fia\/"},"modified":"2023-10-25T14:20:29","modified_gmt":"2023-10-25T11:20:29","slug":"kimble-fia","status":"publish","type":"product","link":"https:\/\/games.tactic.net\/sv\/tuote\/kimble-fia\/","title":{"rendered":"Tactic Kimble br\u00e4dspel"},"content":{"rendered":"<p>Tryck p\u00e5 pop-upp-t\u00e4rningen i mitten p\u00e5 spelplanen och flytta dina spelpj\u00e4ser runt banan. Spelaren som f\u00f6rst f\u00e5r sina spelpj\u00e4ser till boet vinner. Ett klassiskt Fia med extra knorr. Spelplan i h\u00e5llbar h\u00e5rdplast. Fia innehar den perfekta balansen mellan tur och strategi.<\/p>\n","protected":false},"excerpt":{"rendered":"<p>Tryck p\u00e5 pop-upp-t\u00e4rningen i mitten p\u00e5 spelplanen och flytta dina spelpj\u00e4ser runt banan. Spelaren som f\u00f6rst f\u00e5r sina spelpj\u00e4ser till boet vinner.<\/p>\n","protected":false},"featured_media":0,"template":"","meta":{"content-type":"","_monsterinsights_skip_tracking":false,"_monsterinsights_sitenote_active":false,"_monsterinsights_sitenote_note":"","_monsterinsights_sitenote_category":0},"product_brand":[],"product_cat":[1461],"product_tag":[1249,1238,857],"brand":[{"id":1272,"name":"Kimble","slug":"kimble-3"}],"target-group":[],"discontinued":[],"class_list":{"0":"post-61636","1":"product","2":"type-product","3":"status-publish","5":"product_cat-bradspel","6":"product_tag-skicklighet-sv","7":"product_tag-strategi-sv","8":"product_tag-tur","9":"brand-kimble-3","11":"first","12":"instock","13":"taxable","14":"shipping-taxable","15":"product-type-simple"},"aioseo_notices":[],"_links":{"self":[{"href":"https:\/\/games.tactic.net\/sv\/wp-json\/wp\/v2\/product\/61636","targetHints":{"allow":["GET"]}}],"collection":[{"href":"https:\/\/games.tactic.net\/sv\/wp-json\/wp\/v2\/product"}],"about":[{"href":"https:\/\/games.tactic.net\/sv\/wp-json\/wp\/v2\/types\/product"}],"wp:attachment":[{"href":"https:\/\/games.tactic.net\/sv\/wp-json\/wp\/v2\/media?parent=61636"}],"wp:term":[{"taxonomy":"product_brand","embeddable":true,"href":"https:\/\/games.tactic.net\/sv\/wp-json\/wp\/v2\/product_brand?post=61636"},{"taxonomy":"product_cat","embeddable":true,"href":"https:\/\/games.tactic.net\/sv\/wp-json\/wp\/v2\/product_cat?post=61636"},{"taxonomy":"product_tag","embeddable":true,"href":"https:\/\/games.tactic.net\/sv\/wp-json\/wp\/v2\/product_tag?post=61636"},{"taxonomy":"brand","embeddable":true,"href":"https:\/\/games.tactic.net\/sv\/wp-json\/wp\/v2\/brand?post=61636"},{"taxonomy":"target-group","embeddable":true,"href":"https:\/\/games.tactic.net\/sv\/wp-json\/wp\/v2\/target-group?post=61636"},{"taxonomy":"discontinued","embeddable":true,"href":"https:\/\/games.tactic.net\/sv\/wp-json\/wp\/v2\/discontinued?post=61636"}],"curies":[{"name":"wp","href":"https:\/\/api.w.org\/{rel}","templated":true}]}}