{"id":61635,"date":"2021-02-16T11:15:50","date_gmt":"2021-02-16T09:15:50","guid":{"rendered":"https:\/\/dev.tactic.net\/tuote\/xl-yatzy\/"},"modified":"2023-10-06T18:28:50","modified_gmt":"2023-10-06T15:28:50","slug":"xl-yatzy","status":"publish","type":"product","link":"https:\/\/games.tactic.net\/sv\/tuote\/xl-yatzy\/","title":{"rendered":"Tactic XL Yatzy"},"content":{"rendered":"<p>Kasta de stora tr\u00e4t\u00e4rningarna och f\u00f6rs\u00f6k att f\u00e5 alla kombinationerna som finns p\u00e5 po\u00e4ngblocket. H\u00f6gst po\u00e4ng vinner!<br \/>\nEn h\u00e4rlig XXL-version av det klassiska Yatzy.<br \/>\nSpela det i tr\u00e4dg\u00e5rden eller i parken.<br \/>\nPerfekt till midsommarfesten!<\/p>\n","protected":false},"excerpt":{"rendered":"<p>Kasta de stora tr\u00e4t\u00e4rningarna och f\u00f6rs\u00f6k att f\u00e5 alla kombinationerna som finns p\u00e5 po\u00e4ngblocket. H\u00f6gst po\u00e4ng vinner!<\/p>\n","protected":false},"featured_media":0,"template":"","meta":{"content-type":"","_monsterinsights_skip_tracking":false,"_monsterinsights_sitenote_active":false,"_monsterinsights_sitenote_note":"","_monsterinsights_sitenote_category":0},"product_brand":[],"product_cat":[1543,1576],"product_tag":[1235,1240],"brand":[],"target-group":[],"discontinued":[],"class_list":{"0":"post-61635","1":"product","2":"type-product","3":"status-publish","5":"product_cat-active-play-utomhus-spel","6":"product_cat-active-play-barnspel","7":"product_tag-kombinera-sv","8":"product_tag-rakning-sv","10":"first","11":"instock","12":"taxable","13":"shipping-taxable","14":"product-type-simple"},"aioseo_notices":[],"_links":{"self":[{"href":"https:\/\/games.tactic.net\/sv\/wp-json\/wp\/v2\/product\/61635","targetHints":{"allow":["GET"]}}],"collection":[{"href":"https:\/\/games.tactic.net\/sv\/wp-json\/wp\/v2\/product"}],"about":[{"href":"https:\/\/games.tactic.net\/sv\/wp-json\/wp\/v2\/types\/product"}],"wp:attachment":[{"href":"https:\/\/games.tactic.net\/sv\/wp-json\/wp\/v2\/media?parent=61635"}],"wp:term":[{"taxonomy":"product_brand","embeddable":true,"href":"https:\/\/games.tactic.net\/sv\/wp-json\/wp\/v2\/product_brand?post=61635"},{"taxonomy":"product_cat","embeddable":true,"href":"https:\/\/games.tactic.net\/sv\/wp-json\/wp\/v2\/product_cat?post=61635"},{"taxonomy":"product_tag","embeddable":true,"href":"https:\/\/games.tactic.net\/sv\/wp-json\/wp\/v2\/product_tag?post=61635"},{"taxonomy":"brand","embeddable":true,"href":"https:\/\/games.tactic.net\/sv\/wp-json\/wp\/v2\/brand?post=61635"},{"taxonomy":"target-group","embeddable":true,"href":"https:\/\/games.tactic.net\/sv\/wp-json\/wp\/v2\/target-group?post=61635"},{"taxonomy":"discontinued","embeddable":true,"href":"https:\/\/games.tactic.net\/sv\/wp-json\/wp\/v2\/discontinued?post=61635"}],"curies":[{"name":"wp","href":"https:\/\/api.w.org\/{rel}","templated":true}]}}