{"id":61634,"date":"2021-02-16T11:15:46","date_gmt":"2021-02-16T09:15:46","guid":{"rendered":"https:\/\/dev.tactic.net\/tuote\/banana-kick\/"},"modified":"2023-06-30T12:54:16","modified_gmt":"2023-06-30T09:54:16","slug":"banana-kick","status":"archive","type":"product","link":"https:\/\/games.tactic.net\/sv\/tuote\/banana-kick\/","title":{"rendered":"Banana Kick"},"content":{"rendered":"<div>S\u00e4tt upp en spelplan, bilda lag och f\u00f6rs\u00f6k att g\u00f6ra s\u00e5 m\u00e5nga m\u00e5l som m\u00f6jligt!<\/div>\n<div>Spelet spelas i tv\u00e5 halvlekar och den som f\u00e5r h\u00f6gst po\u00e4ng vinner.<\/div>\n<div>Men kom ih\u00e5g att bananen inte alltid hamnar d\u00e4r du \u00f6nskar &#8230;<\/div>\n<div><\/div>\n<div>\u2022 Spelet inneh\u00e5ller en stor, mjuk banan som ni sparkar!<\/div>\n<div>\u2022 Tydliga och enkla regler g\u00f6r det l\u00e4tt att spela<\/div>\n<div>\u2022 Det perfekta utomhusspelet f\u00f6r tr\u00e4dg\u00e5rden, parken och bollplanen!<\/div>\n","protected":false},"excerpt":{"rendered":"<div>S\u00e4tt upp en spelplan, bilda lag och f\u00f6rs\u00f6k att g\u00f6ra s\u00e5 m\u00e5nga m\u00e5l som m\u00f6jligt!<\/div>\n<div>Spelet spelas i tv\u00e5 halvlekar och den som f\u00e5r h\u00f6gst po\u00e4ng vinner.<\/div>\n","protected":false},"featured_media":0,"template":"","meta":{"content-type":"","_monsterinsights_skip_tracking":false,"_monsterinsights_sitenote_active":false,"_monsterinsights_sitenote_note":"","_monsterinsights_sitenote_category":0},"product_brand":[],"product_cat":[1536,2087],"product_tag":[1220,1226,1249],"brand":[],"target-group":[],"discontinued":[],"class_list":{"0":"post-61634","1":"product","2":"type-product","3":"status-archive","5":"product_cat-andra-utomhusspel","6":"product_cat-outlet-3","7":"product_tag-aktion-sv","8":"product_tag-hastighet-sv","9":"product_tag-skicklighet-sv","11":"first","12":"outofstock","13":"taxable","14":"shipping-taxable","15":"product-type-simple"},"aioseo_notices":[],"_links":{"self":[{"href":"https:\/\/games.tactic.net\/sv\/wp-json\/wp\/v2\/product\/61634","targetHints":{"allow":["GET"]}}],"collection":[{"href":"https:\/\/games.tactic.net\/sv\/wp-json\/wp\/v2\/product"}],"about":[{"href":"https:\/\/games.tactic.net\/sv\/wp-json\/wp\/v2\/types\/product"}],"wp:attachment":[{"href":"https:\/\/games.tactic.net\/sv\/wp-json\/wp\/v2\/media?parent=61634"}],"wp:term":[{"taxonomy":"product_brand","embeddable":true,"href":"https:\/\/games.tactic.net\/sv\/wp-json\/wp\/v2\/product_brand?post=61634"},{"taxonomy":"product_cat","embeddable":true,"href":"https:\/\/games.tactic.net\/sv\/wp-json\/wp\/v2\/product_cat?post=61634"},{"taxonomy":"product_tag","embeddable":true,"href":"https:\/\/games.tactic.net\/sv\/wp-json\/wp\/v2\/product_tag?post=61634"},{"taxonomy":"brand","embeddable":true,"href":"https:\/\/games.tactic.net\/sv\/wp-json\/wp\/v2\/brand?post=61634"},{"taxonomy":"target-group","embeddable":true,"href":"https:\/\/games.tactic.net\/sv\/wp-json\/wp\/v2\/target-group?post=61634"},{"taxonomy":"discontinued","embeddable":true,"href":"https:\/\/games.tactic.net\/sv\/wp-json\/wp\/v2\/discontinued?post=61634"}],"curies":[{"name":"wp","href":"https:\/\/api.w.org\/{rel}","templated":true}]}}