{"id":61633,"date":"2021-02-16T11:15:42","date_gmt":"2021-02-16T09:15:42","guid":{"rendered":"https:\/\/dev.tactic.net\/tuote\/classic-bean-bag-game\/"},"modified":"2023-10-17T19:31:28","modified_gmt":"2023-10-17T16:31:28","slug":"classic-bean-bag-game","status":"publish","type":"product","link":"https:\/\/games.tactic.net\/sv\/tuote\/classic-bean-bag-game\/","title":{"rendered":"Tactic Active Play Bean Bag Game"},"content":{"rendered":"<p>Kasta \u00e4rtp\u00e5sarna p\u00e5 plattorna och vinn flest po\u00e4ng. Om du kastar en p\u00e5se genom h\u00e5let f\u00e5r du \u00e4nnu fler po\u00e4ng!<br \/>\nPopul\u00e4rt utomhusspel fr\u00e5n USA &#8211; \u00e4ven inomhus.<br \/>\nTar lite plats \u2013 l\u00e4tt att f\u00f6rvara.<br \/>\nLadda ner appen s\u00e5 blir det l\u00e4ttare att r\u00e4kna po\u00e4ng!<\/p>\n","protected":false},"excerpt":{"rendered":"<p>Kasta \u00e4rtp\u00e5sarna p\u00e5 plattorna och vinn flest po\u00e4ng. Om du kastar en p\u00e5se genom h\u00e5let f\u00e5r du \u00e4nnu fler po\u00e4ng!<\/p>\n","protected":false},"featured_media":0,"template":"","meta":{"content-type":"","_monsterinsights_skip_tracking":false,"_monsterinsights_sitenote_active":false,"_monsterinsights_sitenote_note":"","_monsterinsights_sitenote_category":0},"product_brand":[],"product_cat":[1543,1576],"product_tag":[1220,1249],"brand":[],"target-group":[],"discontinued":[],"class_list":{"0":"post-61633","1":"product","2":"type-product","3":"status-publish","5":"product_cat-active-play-utomhus-spel","6":"product_cat-active-play-barnspel","7":"product_tag-aktion-sv","8":"product_tag-skicklighet-sv","10":"first","11":"instock","12":"taxable","13":"shipping-taxable","14":"product-type-simple"},"aioseo_notices":[],"_links":{"self":[{"href":"https:\/\/games.tactic.net\/sv\/wp-json\/wp\/v2\/product\/61633","targetHints":{"allow":["GET"]}}],"collection":[{"href":"https:\/\/games.tactic.net\/sv\/wp-json\/wp\/v2\/product"}],"about":[{"href":"https:\/\/games.tactic.net\/sv\/wp-json\/wp\/v2\/types\/product"}],"wp:attachment":[{"href":"https:\/\/games.tactic.net\/sv\/wp-json\/wp\/v2\/media?parent=61633"}],"wp:term":[{"taxonomy":"product_brand","embeddable":true,"href":"https:\/\/games.tactic.net\/sv\/wp-json\/wp\/v2\/product_brand?post=61633"},{"taxonomy":"product_cat","embeddable":true,"href":"https:\/\/games.tactic.net\/sv\/wp-json\/wp\/v2\/product_cat?post=61633"},{"taxonomy":"product_tag","embeddable":true,"href":"https:\/\/games.tactic.net\/sv\/wp-json\/wp\/v2\/product_tag?post=61633"},{"taxonomy":"brand","embeddable":true,"href":"https:\/\/games.tactic.net\/sv\/wp-json\/wp\/v2\/brand?post=61633"},{"taxonomy":"target-group","embeddable":true,"href":"https:\/\/games.tactic.net\/sv\/wp-json\/wp\/v2\/target-group?post=61633"},{"taxonomy":"discontinued","embeddable":true,"href":"https:\/\/games.tactic.net\/sv\/wp-json\/wp\/v2\/discontinued?post=61633"}],"curies":[{"name":"wp","href":"https:\/\/api.w.org\/{rel}","templated":true}]}}