{"id":61632,"date":"2021-02-16T11:15:39","date_gmt":"2021-02-16T09:15:39","guid":{"rendered":"https:\/\/dev.tactic.net\/tuote\/xl-tower-i-kartong\/"},"modified":"2023-10-06T18:35:13","modified_gmt":"2023-10-06T15:35:13","slug":"xl-tower-i-kartong","status":"publish","type":"product","link":"https:\/\/games.tactic.net\/sv\/tuote\/xl-tower-i-kartong\/","title":{"rendered":"Tactic Active Play Giant Tower"},"content":{"rendered":"<p>Bygg ett torn genom att dra ut en kloss i taget och l\u00e4gga den uppe p\u00e5 tornet. Men var f\u00f6rsiktig, den spelare som f\u00e5r tornet att rasa f\u00f6rlorar! Ett klassiskt spel f\u00f6r hela familjen och f\u00f6r alla utan darr p\u00e5 handen.<br \/>\nEn klassiker i jumbostorlek!<br \/>\nEn perfekt variant p\u00e5 ett klassiskt staplingsspel.<br \/>\nMed de enkla reglerna kan ni b\u00f6rja spela med detsamma!<\/p>\n","protected":false},"excerpt":{"rendered":"<p>Bygg ett torn genom att dra ut en kloss i taget och l\u00e4gga den uppe p\u00e5 tornet. Men var f\u00f6rsiktig, den spelare som f\u00e5r tornet att rasa f\u00f6rlorar! Ett klassiskt spel f\u00f6r hela familjen och f\u00f6r alla utan darr p\u00e5 handen.<\/p>\n","protected":false},"featured_media":0,"template":"","meta":{"content-type":"","_monsterinsights_skip_tracking":false,"_monsterinsights_sitenote_active":false,"_monsterinsights_sitenote_note":"","_monsterinsights_sitenote_category":0},"product_brand":[],"product_cat":[1543,1576],"product_tag":[1238,857],"brand":[],"target-group":[],"discontinued":[],"class_list":{"0":"post-61632","1":"product","2":"type-product","3":"status-publish","5":"product_cat-active-play-utomhus-spel","6":"product_cat-active-play-barnspel","7":"product_tag-strategi-sv","8":"product_tag-tur","10":"first","11":"instock","12":"taxable","13":"shipping-taxable","14":"product-type-simple"},"aioseo_notices":[],"_links":{"self":[{"href":"https:\/\/games.tactic.net\/sv\/wp-json\/wp\/v2\/product\/61632","targetHints":{"allow":["GET"]}}],"collection":[{"href":"https:\/\/games.tactic.net\/sv\/wp-json\/wp\/v2\/product"}],"about":[{"href":"https:\/\/games.tactic.net\/sv\/wp-json\/wp\/v2\/types\/product"}],"wp:attachment":[{"href":"https:\/\/games.tactic.net\/sv\/wp-json\/wp\/v2\/media?parent=61632"}],"wp:term":[{"taxonomy":"product_brand","embeddable":true,"href":"https:\/\/games.tactic.net\/sv\/wp-json\/wp\/v2\/product_brand?post=61632"},{"taxonomy":"product_cat","embeddable":true,"href":"https:\/\/games.tactic.net\/sv\/wp-json\/wp\/v2\/product_cat?post=61632"},{"taxonomy":"product_tag","embeddable":true,"href":"https:\/\/games.tactic.net\/sv\/wp-json\/wp\/v2\/product_tag?post=61632"},{"taxonomy":"brand","embeddable":true,"href":"https:\/\/games.tactic.net\/sv\/wp-json\/wp\/v2\/brand?post=61632"},{"taxonomy":"target-group","embeddable":true,"href":"https:\/\/games.tactic.net\/sv\/wp-json\/wp\/v2\/target-group?post=61632"},{"taxonomy":"discontinued","embeddable":true,"href":"https:\/\/games.tactic.net\/sv\/wp-json\/wp\/v2\/discontinued?post=61632"}],"curies":[{"name":"wp","href":"https:\/\/api.w.org\/{rel}","templated":true}]}}