{"id":61631,"date":"2021-02-16T11:15:34","date_gmt":"2021-02-16T09:15:34","guid":{"rendered":"https:\/\/dev.tactic.net\/tuote\/collection-classique-bingo\/"},"modified":"2023-10-25T16:06:07","modified_gmt":"2023-10-25T13:06:07","slug":"collection-classique-bingo","status":"publish","type":"product","link":"https:\/\/games.tactic.net\/sv\/tuote\/collection-classique-bingo\/","title":{"rendered":"Tactic Trendy Bingo"},"content":{"rendered":"<p>Snurra p\u00e5 bingokorgen, l\u00e4s upp numret och v\u00e4nta p\u00e5 att n\u00e5gon ropar \u201dBingo!\u201d. Den h\u00e4r klassikern ger st\u00e4ndig underh\u00e5llning och sp\u00e4nning med sina enkla regler! Med spelkomponenter av h\u00f6g kvalitet och en fantastisk Bingo-korg av metall \u00e4r Collection Classique Bingo ett oslagbart spel!<\/p>\n","protected":false},"excerpt":{"rendered":"<p>Snurra p\u00e5 bingokorgen, l\u00e4s upp numret och v\u00e4nta p\u00e5 att n\u00e5gon ropar \u201dBingo!\u201d. Den h\u00e4r klassikern ger st\u00e4ndig underh\u00e5llning och sp\u00e4nning med sina enkla regler! Med spelkomponenter av h\u00f6g kvalitet och en fantastisk Bingo-korg av metall \u00e4r Collection Classique Bingo ett oslagbart spel!<\/p>\n","protected":false},"featured_media":0,"template":"","meta":{"content-type":"","_monsterinsights_skip_tracking":false,"_monsterinsights_sitenote_active":false,"_monsterinsights_sitenote_note":"","_monsterinsights_sitenote_category":0},"product_brand":[],"product_cat":[1525],"product_tag":[857],"brand":[],"target-group":[],"discontinued":[],"class_list":{"0":"post-61631","1":"product","2":"type-product","3":"status-publish","5":"product_cat-klassiker","6":"product_tag-tur","8":"first","9":"instock","10":"taxable","11":"shipping-taxable","12":"product-type-simple"},"aioseo_notices":[],"_links":{"self":[{"href":"https:\/\/games.tactic.net\/sv\/wp-json\/wp\/v2\/product\/61631","targetHints":{"allow":["GET"]}}],"collection":[{"href":"https:\/\/games.tactic.net\/sv\/wp-json\/wp\/v2\/product"}],"about":[{"href":"https:\/\/games.tactic.net\/sv\/wp-json\/wp\/v2\/types\/product"}],"wp:attachment":[{"href":"https:\/\/games.tactic.net\/sv\/wp-json\/wp\/v2\/media?parent=61631"}],"wp:term":[{"taxonomy":"product_brand","embeddable":true,"href":"https:\/\/games.tactic.net\/sv\/wp-json\/wp\/v2\/product_brand?post=61631"},{"taxonomy":"product_cat","embeddable":true,"href":"https:\/\/games.tactic.net\/sv\/wp-json\/wp\/v2\/product_cat?post=61631"},{"taxonomy":"product_tag","embeddable":true,"href":"https:\/\/games.tactic.net\/sv\/wp-json\/wp\/v2\/product_tag?post=61631"},{"taxonomy":"brand","embeddable":true,"href":"https:\/\/games.tactic.net\/sv\/wp-json\/wp\/v2\/brand?post=61631"},{"taxonomy":"target-group","embeddable":true,"href":"https:\/\/games.tactic.net\/sv\/wp-json\/wp\/v2\/target-group?post=61631"},{"taxonomy":"discontinued","embeddable":true,"href":"https:\/\/games.tactic.net\/sv\/wp-json\/wp\/v2\/discontinued?post=61631"}],"curies":[{"name":"wp","href":"https:\/\/api.w.org\/{rel}","templated":true}]}}