{"id":61630,"date":"2021-02-16T11:15:30","date_gmt":"2021-02-16T09:15:30","guid":{"rendered":"https:\/\/dev.tactic.net\/tuote\/molkky-i-kartong-med-barhandtag\/"},"modified":"2023-10-06T18:30:01","modified_gmt":"2023-10-06T15:30:01","slug":"molkky-i-kartong-med-barhandtag","status":"publish","type":"product","link":"https:\/\/games.tactic.net\/sv\/tuote\/molkky-i-kartong-med-barhandtag\/","title":{"rendered":"M\u00f6lkky\u00ae Go"},"content":{"rendered":"<p>M\u00f6lkky\u00ae Go \u00e4r en mindre version av det popul\u00e4ra spelet M\u00f6lkky\u00ae. Delarna skapade av bj\u00f6rktr\u00e4 som v\u00e4xt i de nordiska skogarna, och spelet skapas i Tactics fabrik i Pori, Finland. F\u00f6r att spela M\u00f6lkky\u00ae beh\u00f6ver du bara en plats utomhus, n\u00e5gra v\u00e4nner att spela med och ett M\u00f6lkky\u00ae-set. F\u00f6r att vinna ska en komma upp i exakt 50 po\u00e4ng, och det g\u00f6r en genom att f\u00e5 ner kubbarna. Om du f\u00e5r ner f\u00e5r du samma po\u00e4ng som st\u00e5r p\u00e5 kubben, och om du f\u00e5r ner fler \u00e4r det antalet kubbar som r\u00e4knas ist\u00e4llet. F\u00e5r n\u00e5gon spelare \u00f6ver 50 po\u00e4ng \u00e5ker den ner 25 po\u00e4ng och m\u00e5ste arbeta sig upp igen. Den som f\u00f6rst n\u00e5r exakt 50 vinner! Det finns en app som kan h\u00e5lla koll p\u00e5 alla spelares po\u00e4ng, som en kan anv\u00e4nda om en inte vill huvudr\u00e4kna.<\/p>\n","protected":false},"excerpt":{"rendered":"<p>M\u00f6lkky\u00ae Go \u00e4r en variant p\u00e5 M\u00f6lkky\u00ae som \u00e4r enkelt att ta med i sitt mindre format och kartongl\u00e5da med rephandtag.<\/p>\n","protected":false},"featured_media":0,"template":"","meta":{"content-type":"","_monsterinsights_skip_tracking":false,"_monsterinsights_sitenote_active":false,"_monsterinsights_sitenote_note":"","_monsterinsights_sitenote_category":0},"product_brand":[],"product_cat":[1537],"product_tag":[1240,1249,1238,1265],"brand":[{"id":1217,"name":"M\u00f6lkky","slug":"molkky_se"}],"target-group":[],"discontinued":[],"class_list":{"0":"post-61630","1":"product","2":"type-product","3":"status-publish","5":"product_cat-spel","6":"product_tag-rakning-sv","7":"product_tag-skicklighet-sv","8":"product_tag-strategi-sv","9":"product_tag-taktik-sv","10":"brand-molkky_se","12":"first","13":"outofstock","14":"taxable","15":"shipping-taxable","16":"product-type-simple"},"aioseo_notices":[],"_links":{"self":[{"href":"https:\/\/games.tactic.net\/sv\/wp-json\/wp\/v2\/product\/61630","targetHints":{"allow":["GET"]}}],"collection":[{"href":"https:\/\/games.tactic.net\/sv\/wp-json\/wp\/v2\/product"}],"about":[{"href":"https:\/\/games.tactic.net\/sv\/wp-json\/wp\/v2\/types\/product"}],"wp:attachment":[{"href":"https:\/\/games.tactic.net\/sv\/wp-json\/wp\/v2\/media?parent=61630"}],"wp:term":[{"taxonomy":"product_brand","embeddable":true,"href":"https:\/\/games.tactic.net\/sv\/wp-json\/wp\/v2\/product_brand?post=61630"},{"taxonomy":"product_cat","embeddable":true,"href":"https:\/\/games.tactic.net\/sv\/wp-json\/wp\/v2\/product_cat?post=61630"},{"taxonomy":"product_tag","embeddable":true,"href":"https:\/\/games.tactic.net\/sv\/wp-json\/wp\/v2\/product_tag?post=61630"},{"taxonomy":"brand","embeddable":true,"href":"https:\/\/games.tactic.net\/sv\/wp-json\/wp\/v2\/brand?post=61630"},{"taxonomy":"target-group","embeddable":true,"href":"https:\/\/games.tactic.net\/sv\/wp-json\/wp\/v2\/target-group?post=61630"},{"taxonomy":"discontinued","embeddable":true,"href":"https:\/\/games.tactic.net\/sv\/wp-json\/wp\/v2\/discontinued?post=61630"}],"curies":[{"name":"wp","href":"https:\/\/api.w.org\/{rel}","templated":true}]}}