{"id":61629,"date":"2021-02-16T11:15:27","date_gmt":"2021-02-16T09:15:27","guid":{"rendered":"https:\/\/dev.tactic.net\/tuote\/skattjakten\/"},"modified":"2025-04-09T09:15:55","modified_gmt":"2025-04-09T06:15:55","slug":"skattjakten","status":"archive","type":"product","link":"https:\/\/games.tactic.net\/sv\/tuote\/skattjakten\/","title":{"rendered":"Tactic Skattjakten"},"content":{"rendered":"<p>Det har aldrig varit s\u00e5 l\u00e4tt att starta en skattjakt! Rita, skriv eller markera ledtr\u00e5dar p\u00e5 ledtr\u00e5dsbr\u00e4dena, g\u00f6m dem och l\u00e5t piraterna leta, innan det glada g\u00e4nget g\u00e5r p\u00e5 jakt efter skatten. Vare sig ni spelar inomhus eller utomhus f\u00e5r det h\u00e4r spelet alla barn att r\u00f6ra p\u00e5 sig!<\/p>\n","protected":false},"excerpt":{"rendered":"<p>Det har aldrig varit s\u00e5 l\u00e4tt att starta en skattjakt! Rita, skriv eller markera ledtr\u00e5dar p\u00e5 ledtr\u00e5dsbr\u00e4dena, g\u00f6m dem och l\u00e5t piraterna leta, innan det glada g\u00e4nget g\u00e5r p\u00e5 jakt efter skatten. Vare sig ni spelar inomhus eller utomhus f\u00e5r det h\u00e4r spelet alla barn att r\u00f6ra p\u00e5 sig!<\/p>\n","protected":false},"featured_media":0,"template":"","meta":{"content-type":"","_monsterinsights_skip_tracking":false,"_monsterinsights_sitenote_active":false,"_monsterinsights_sitenote_note":"","_monsterinsights_sitenote_category":0},"product_brand":[],"product_cat":[1536],"product_tag":[1227],"brand":[],"target-group":[],"discontinued":[],"class_list":{"0":"post-61629","1":"product","2":"type-product","3":"status-archive","5":"product_cat-andra-utomhusspel","6":"product_tag-kreativitet-sv","8":"first","9":"outofstock","10":"taxable","11":"shipping-taxable","12":"product-type-simple"},"aioseo_notices":[],"_links":{"self":[{"href":"https:\/\/games.tactic.net\/sv\/wp-json\/wp\/v2\/product\/61629","targetHints":{"allow":["GET"]}}],"collection":[{"href":"https:\/\/games.tactic.net\/sv\/wp-json\/wp\/v2\/product"}],"about":[{"href":"https:\/\/games.tactic.net\/sv\/wp-json\/wp\/v2\/types\/product"}],"wp:attachment":[{"href":"https:\/\/games.tactic.net\/sv\/wp-json\/wp\/v2\/media?parent=61629"}],"wp:term":[{"taxonomy":"product_brand","embeddable":true,"href":"https:\/\/games.tactic.net\/sv\/wp-json\/wp\/v2\/product_brand?post=61629"},{"taxonomy":"product_cat","embeddable":true,"href":"https:\/\/games.tactic.net\/sv\/wp-json\/wp\/v2\/product_cat?post=61629"},{"taxonomy":"product_tag","embeddable":true,"href":"https:\/\/games.tactic.net\/sv\/wp-json\/wp\/v2\/product_tag?post=61629"},{"taxonomy":"brand","embeddable":true,"href":"https:\/\/games.tactic.net\/sv\/wp-json\/wp\/v2\/brand?post=61629"},{"taxonomy":"target-group","embeddable":true,"href":"https:\/\/games.tactic.net\/sv\/wp-json\/wp\/v2\/target-group?post=61629"},{"taxonomy":"discontinued","embeddable":true,"href":"https:\/\/games.tactic.net\/sv\/wp-json\/wp\/v2\/discontinued?post=61629"}],"curies":[{"name":"wp","href":"https:\/\/api.w.org\/{rel}","templated":true}]}}