{"id":61614,"date":"2021-02-16T11:15:23","date_gmt":"2021-02-16T09:15:23","guid":{"rendered":"https:\/\/dev.tactic.net\/tuote\/king-of-the-hill\/"},"modified":"2024-06-17T10:46:51","modified_gmt":"2024-06-17T07:46:51","slug":"king-of-the-hill","status":"archive","type":"product","link":"https:\/\/games.tactic.net\/sv\/tuote\/king-of-the-hill\/","title":{"rendered":"Tactic King of the Hill"},"content":{"rendered":"<p>Bygg ett stort slott, s\u00e4tt kungen och hans kumpaner i eller p\u00e5 det och starta attacken! Du tj\u00e4nar po\u00e4ng p\u00e5 bra kast, men bara om du sl\u00e5r omkull kungen. Spelaren med mest po\u00e4ng vinner! Med detta tr\u00e4dg\u00e5rdsspel i tr\u00e4 blir det en h\u00e4rlig match med skicklighet och taktik!<br \/>\nEtt fantastiskt tr\u00e4spel av h\u00f6g kvalitet!<br \/>\nSpelarna kan variera spelet genom att bygga olika slott.<br \/>\nEn perfekt kombination av bowling och kasttr\u00e4ning<\/p>\n","protected":false},"excerpt":{"rendered":"<p>Bygg ett stort slott, s\u00e4tt kungen och hans kumpaner i eller p\u00e5 det och starta attacken! Du tj\u00e4nar po\u00e4ng p\u00e5 bra kast, men bara om du sl\u00e5r omkull kungen.<\/p>\n","protected":false},"featured_media":0,"template":"","meta":{"content-type":"","_monsterinsights_skip_tracking":false,"_monsterinsights_sitenote_active":false,"_monsterinsights_sitenote_note":"","_monsterinsights_sitenote_category":0},"product_brand":[],"product_cat":[1536,2087],"product_tag":[1249,1265],"brand":[],"target-group":[],"discontinued":[],"class_list":{"0":"post-61614","1":"product","2":"type-product","3":"status-archive","5":"product_cat-andra-utomhusspel","6":"product_cat-outlet-3","7":"product_tag-skicklighet-sv","8":"product_tag-taktik-sv","10":"first","11":"outofstock","12":"sale","13":"taxable","14":"shipping-taxable","15":"product-type-simple"},"aioseo_notices":[],"_links":{"self":[{"href":"https:\/\/games.tactic.net\/sv\/wp-json\/wp\/v2\/product\/61614","targetHints":{"allow":["GET"]}}],"collection":[{"href":"https:\/\/games.tactic.net\/sv\/wp-json\/wp\/v2\/product"}],"about":[{"href":"https:\/\/games.tactic.net\/sv\/wp-json\/wp\/v2\/types\/product"}],"wp:attachment":[{"href":"https:\/\/games.tactic.net\/sv\/wp-json\/wp\/v2\/media?parent=61614"}],"wp:term":[{"taxonomy":"product_brand","embeddable":true,"href":"https:\/\/games.tactic.net\/sv\/wp-json\/wp\/v2\/product_brand?post=61614"},{"taxonomy":"product_cat","embeddable":true,"href":"https:\/\/games.tactic.net\/sv\/wp-json\/wp\/v2\/product_cat?post=61614"},{"taxonomy":"product_tag","embeddable":true,"href":"https:\/\/games.tactic.net\/sv\/wp-json\/wp\/v2\/product_tag?post=61614"},{"taxonomy":"brand","embeddable":true,"href":"https:\/\/games.tactic.net\/sv\/wp-json\/wp\/v2\/brand?post=61614"},{"taxonomy":"target-group","embeddable":true,"href":"https:\/\/games.tactic.net\/sv\/wp-json\/wp\/v2\/target-group?post=61614"},{"taxonomy":"discontinued","embeddable":true,"href":"https:\/\/games.tactic.net\/sv\/wp-json\/wp\/v2\/discontinued?post=61614"}],"curies":[{"name":"wp","href":"https:\/\/api.w.org\/{rel}","templated":true}]}}