{"id":61597,"date":"2021-02-16T11:15:14","date_gmt":"2021-02-16T09:15:14","guid":{"rendered":"https:\/\/dev.tactic.net\/tuote\/vem-vet-mest-junior-resespel\/"},"modified":"2024-11-19T09:57:53","modified_gmt":"2024-11-19T07:57:53","slug":"vem-vet-mest-junior-resespel","status":"archive","type":"product","link":"https:\/\/games.tactic.net\/sv\/tuote\/vem-vet-mest-junior-resespel\/","title":{"rendered":"Tactic Vem vet mest? Junior resespel"},"content":{"rendered":"<p>I det h\u00e4r resespelet, som bygger p\u00e5 det popul\u00e4ra TVprogrammet, f\u00e5r spelarna h\u00f6ra vilket \u00e4mne det g\u00e4ller och best\u00e4mma sig f\u00f6r att svara eller skicka fr\u00e5gan vidare till n\u00e4sta spelare. Du f\u00e5r po\u00e4ng om du svarar r\u00e4tt, men dina motspelare tj\u00e4nar p\u00e5 att du svarar fel!<br \/>\nBaserat p\u00e5 det popul\u00e4ra TV-programmet!<br \/>\nSpelarna spelar bara den intensiva finalen fr\u00e5n originalspelet.<br \/>\nPraktisk resestorlek!<\/p>\n","protected":false},"excerpt":{"rendered":"<p>I det h\u00e4r resespelet, som bygger p\u00e5 det popul\u00e4ra TV-programmet, f\u00e5r spelarna h\u00f6ra vilket \u00e4mne det g\u00e4ller och best\u00e4mma sig f\u00f6r att svara eller skicka fr\u00e5gan vidare till n\u00e4sta spelare.<\/p>\n","protected":false},"featured_media":0,"template":"","meta":{"content-type":"","_monsterinsights_skip_tracking":false,"_monsterinsights_sitenote_active":false,"_monsterinsights_sitenote_note":"","_monsterinsights_sitenote_category":0},"product_brand":[],"product_cat":[1532],"product_tag":[849],"brand":[],"target-group":[],"discontinued":[],"class_list":{"0":"post-61597","1":"product","2":"type-product","3":"status-archive","5":"product_cat-resespel-barnspel","6":"product_tag-kunskap","8":"first","9":"outofstock","10":"taxable","11":"shipping-taxable","12":"product-type-simple"},"aioseo_notices":[],"_links":{"self":[{"href":"https:\/\/games.tactic.net\/sv\/wp-json\/wp\/v2\/product\/61597","targetHints":{"allow":["GET"]}}],"collection":[{"href":"https:\/\/games.tactic.net\/sv\/wp-json\/wp\/v2\/product"}],"about":[{"href":"https:\/\/games.tactic.net\/sv\/wp-json\/wp\/v2\/types\/product"}],"wp:attachment":[{"href":"https:\/\/games.tactic.net\/sv\/wp-json\/wp\/v2\/media?parent=61597"}],"wp:term":[{"taxonomy":"product_brand","embeddable":true,"href":"https:\/\/games.tactic.net\/sv\/wp-json\/wp\/v2\/product_brand?post=61597"},{"taxonomy":"product_cat","embeddable":true,"href":"https:\/\/games.tactic.net\/sv\/wp-json\/wp\/v2\/product_cat?post=61597"},{"taxonomy":"product_tag","embeddable":true,"href":"https:\/\/games.tactic.net\/sv\/wp-json\/wp\/v2\/product_tag?post=61597"},{"taxonomy":"brand","embeddable":true,"href":"https:\/\/games.tactic.net\/sv\/wp-json\/wp\/v2\/brand?post=61597"},{"taxonomy":"target-group","embeddable":true,"href":"https:\/\/games.tactic.net\/sv\/wp-json\/wp\/v2\/target-group?post=61597"},{"taxonomy":"discontinued","embeddable":true,"href":"https:\/\/games.tactic.net\/sv\/wp-json\/wp\/v2\/discontinued?post=61597"}],"curies":[{"name":"wp","href":"https:\/\/api.w.org\/{rel}","templated":true}]}}