{"id":61567,"date":"2021-02-16T11:15:08","date_gmt":"2021-02-16T09:15:08","guid":{"rendered":"https:\/\/dev.tactic.net\/tuote\/stora-fordon-malarbok\/"},"modified":"2023-10-23T10:28:30","modified_gmt":"2023-10-23T07:28:30","slug":"stora-fordon-malarbok","status":"publish","type":"product","link":"https:\/\/games.tactic.net\/sv\/tuote\/stora-fordon-malarbok\/","title":{"rendered":"Tactic Stora fordon m\u00e5larbok"},"content":{"rendered":"<p>En m\u00e5larbok f\u00f6r dig som gillar stora och h\u00e4ftiga arbetsfordon. H\u00e4r finns traktorer, gr\u00e4vlastare, hjullastare och andra fantastiska maskiner p\u00e5 hjul. Plocka fram dina kritor och f\u00e4rgpennor och se fram emot riktigt roliga m\u00e5larstunder!<\/p>\n","protected":false},"excerpt":{"rendered":"<p>En m\u00e5larbok f\u00f6r dig som gillar stora och h\u00e4ftiga arbetsfordon. H\u00e4r finns traktorer, gr\u00e4vlastare, hjullastare och andra fantastiska maskiner p\u00e5 hjul. Plocka fram dina kritor och f\u00e4rgpennor och se fram emot riktigt roliga m\u00e5larstunder!<\/p>\n","protected":false},"featured_media":0,"template":"","meta":{"content-type":"","_monsterinsights_skip_tracking":false,"_monsterinsights_sitenote_active":false,"_monsterinsights_sitenote_note":"","_monsterinsights_sitenote_category":0},"product_brand":[],"product_cat":[1529],"product_tag":[],"brand":[],"target-group":[],"discontinued":[],"class_list":{"0":"post-61567","1":"product","2":"type-product","3":"status-publish","5":"product_cat-malarbocker-malar-och-pysselbocker","7":"first","8":"instock","9":"taxable","10":"shipping-taxable","11":"product-type-simple"},"aioseo_notices":[],"_links":{"self":[{"href":"https:\/\/games.tactic.net\/sv\/wp-json\/wp\/v2\/product\/61567","targetHints":{"allow":["GET"]}}],"collection":[{"href":"https:\/\/games.tactic.net\/sv\/wp-json\/wp\/v2\/product"}],"about":[{"href":"https:\/\/games.tactic.net\/sv\/wp-json\/wp\/v2\/types\/product"}],"wp:attachment":[{"href":"https:\/\/games.tactic.net\/sv\/wp-json\/wp\/v2\/media?parent=61567"}],"wp:term":[{"taxonomy":"product_brand","embeddable":true,"href":"https:\/\/games.tactic.net\/sv\/wp-json\/wp\/v2\/product_brand?post=61567"},{"taxonomy":"product_cat","embeddable":true,"href":"https:\/\/games.tactic.net\/sv\/wp-json\/wp\/v2\/product_cat?post=61567"},{"taxonomy":"product_tag","embeddable":true,"href":"https:\/\/games.tactic.net\/sv\/wp-json\/wp\/v2\/product_tag?post=61567"},{"taxonomy":"brand","embeddable":true,"href":"https:\/\/games.tactic.net\/sv\/wp-json\/wp\/v2\/brand?post=61567"},{"taxonomy":"target-group","embeddable":true,"href":"https:\/\/games.tactic.net\/sv\/wp-json\/wp\/v2\/target-group?post=61567"},{"taxonomy":"discontinued","embeddable":true,"href":"https:\/\/games.tactic.net\/sv\/wp-json\/wp\/v2\/discontinued?post=61567"}],"curies":[{"name":"wp","href":"https:\/\/api.w.org\/{rel}","templated":true}]}}