{"id":61552,"date":"2021-02-16T11:15:05","date_gmt":"2021-02-16T09:15:05","guid":{"rendered":"https:\/\/dev.tactic.net\/tuote\/vilda-djur-malarbok\/"},"modified":"2024-04-12T11:03:29","modified_gmt":"2024-04-12T08:03:29","slug":"vilda-djur-malarbok","status":"archive","type":"product","link":"https:\/\/games.tactic.net\/sv\/tuote\/vilda-djur-malarbok\/","title":{"rendered":"Vilda djur m\u00e5larbok"},"content":{"rendered":"<p>H\u00e4ng med p\u00e5 ett \u00e4ventyr i de vilda djurens fantastiska v\u00e4rld! Den h\u00e4r m\u00e5larboken \u00e4r fylld med alla m\u00f6jliga sorters vilda djur. Sm\u00e5, stora, sn\u00e4lla, farliga &#8230; Plocka fram dina kritor och f\u00e4rgpennor och se fram emot l\u00e5nga och roliga m\u00e5larstunder med 47 olika vilda djur!<\/p>\n","protected":false},"excerpt":{"rendered":"<p>H\u00e4ng med p\u00e5 ett \u00e4ventyr i de vilda djurens fantastiska v\u00e4rld! Den h\u00e4r m\u00e5larboken \u00e4r fylld med alla m\u00f6jliga sorters vilda djur. Sm\u00e5, stora, sn\u00e4lla, farliga &#8230; Plocka fram dina kritor och f\u00e4rgpennor och se fram emot l\u00e5nga och roliga m\u00e5larstunder med 47 olika vilda djur!<\/p>\n","protected":false},"featured_media":0,"template":"","meta":{"content-type":"","_monsterinsights_skip_tracking":false,"_monsterinsights_sitenote_active":false,"_monsterinsights_sitenote_note":"","_monsterinsights_sitenote_category":0},"product_brand":[],"product_cat":[1529],"product_tag":[],"brand":[],"target-group":[],"discontinued":[],"class_list":{"0":"post-61552","1":"product","2":"type-product","3":"status-archive","5":"product_cat-malarbocker-malar-och-pysselbocker","7":"first","8":"outofstock","9":"taxable","10":"shipping-taxable","11":"product-type-simple"},"aioseo_notices":[],"_links":{"self":[{"href":"https:\/\/games.tactic.net\/sv\/wp-json\/wp\/v2\/product\/61552","targetHints":{"allow":["GET"]}}],"collection":[{"href":"https:\/\/games.tactic.net\/sv\/wp-json\/wp\/v2\/product"}],"about":[{"href":"https:\/\/games.tactic.net\/sv\/wp-json\/wp\/v2\/types\/product"}],"wp:attachment":[{"href":"https:\/\/games.tactic.net\/sv\/wp-json\/wp\/v2\/media?parent=61552"}],"wp:term":[{"taxonomy":"product_brand","embeddable":true,"href":"https:\/\/games.tactic.net\/sv\/wp-json\/wp\/v2\/product_brand?post=61552"},{"taxonomy":"product_cat","embeddable":true,"href":"https:\/\/games.tactic.net\/sv\/wp-json\/wp\/v2\/product_cat?post=61552"},{"taxonomy":"product_tag","embeddable":true,"href":"https:\/\/games.tactic.net\/sv\/wp-json\/wp\/v2\/product_tag?post=61552"},{"taxonomy":"brand","embeddable":true,"href":"https:\/\/games.tactic.net\/sv\/wp-json\/wp\/v2\/brand?post=61552"},{"taxonomy":"target-group","embeddable":true,"href":"https:\/\/games.tactic.net\/sv\/wp-json\/wp\/v2\/target-group?post=61552"},{"taxonomy":"discontinued","embeddable":true,"href":"https:\/\/games.tactic.net\/sv\/wp-json\/wp\/v2\/discontinued?post=61552"}],"curies":[{"name":"wp","href":"https:\/\/api.w.org\/{rel}","templated":true}]}}