{"id":61537,"date":"2021-02-16T11:15:00","date_gmt":"2021-02-16T09:15:00","guid":{"rendered":"https:\/\/dev.tactic.net\/tuote\/monster-pa-toaletten-och-andra-historier-om-kim\/"},"modified":"2023-05-02T08:36:18","modified_gmt":"2023-05-02T05:36:18","slug":"monster-pa-toaletten-och-andra-historier-om-kim","status":"archive","type":"product","link":"https:\/\/games.tactic.net\/sv\/tuote\/monster-pa-toaletten-och-andra-historier-om-kim\/","title":{"rendered":"Monster p\u00e5 toaletten och andra historier om Kim"},"content":{"rendered":"<p>5 historier. Kim \u00e4r ett helt vanligt barn som under helt vanliga vardagar tr\u00e4ffar helt vanliga hajar, dinosaurier och monster som g\u00e4rna ber\u00e4ttar om sina liv. Kim f\u00e5r svar p\u00e5 fr\u00e5gor om vad som \u00e4r farligare, hajar eller kokosn\u00f6tter, vad monster \u00e4r r\u00e4dda f\u00f6r, hur stora dinosaurier kan bli och vad f\u00f6r slags djur babyn i mammas mage \u00e4r.<\/p>\n","protected":false},"excerpt":{"rendered":"<p><span style=\"font-family: Arial, Helvetica, sans-serif;font-size: 12px\"><\/span><\/p>\n","protected":false},"featured_media":0,"template":"","meta":{"content-type":"","_monsterinsights_skip_tracking":false,"_monsterinsights_sitenote_active":false,"_monsterinsights_sitenote_note":"","_monsterinsights_sitenote_category":0},"product_brand":[],"product_cat":[1542],"product_tag":[],"brand":[],"target-group":[],"discontinued":[],"class_list":{"0":"post-61537","1":"product","2":"type-product","3":"status-archive","5":"product_cat-berattelse-och-bildbocker","7":"first","8":"outofstock","9":"taxable","10":"shipping-taxable","11":"product-type-simple"},"aioseo_notices":[],"_links":{"self":[{"href":"https:\/\/games.tactic.net\/sv\/wp-json\/wp\/v2\/product\/61537","targetHints":{"allow":["GET"]}}],"collection":[{"href":"https:\/\/games.tactic.net\/sv\/wp-json\/wp\/v2\/product"}],"about":[{"href":"https:\/\/games.tactic.net\/sv\/wp-json\/wp\/v2\/types\/product"}],"wp:attachment":[{"href":"https:\/\/games.tactic.net\/sv\/wp-json\/wp\/v2\/media?parent=61537"}],"wp:term":[{"taxonomy":"product_brand","embeddable":true,"href":"https:\/\/games.tactic.net\/sv\/wp-json\/wp\/v2\/product_brand?post=61537"},{"taxonomy":"product_cat","embeddable":true,"href":"https:\/\/games.tactic.net\/sv\/wp-json\/wp\/v2\/product_cat?post=61537"},{"taxonomy":"product_tag","embeddable":true,"href":"https:\/\/games.tactic.net\/sv\/wp-json\/wp\/v2\/product_tag?post=61537"},{"taxonomy":"brand","embeddable":true,"href":"https:\/\/games.tactic.net\/sv\/wp-json\/wp\/v2\/brand?post=61537"},{"taxonomy":"target-group","embeddable":true,"href":"https:\/\/games.tactic.net\/sv\/wp-json\/wp\/v2\/target-group?post=61537"},{"taxonomy":"discontinued","embeddable":true,"href":"https:\/\/games.tactic.net\/sv\/wp-json\/wp\/v2\/discontinued?post=61537"}],"curies":[{"name":"wp","href":"https:\/\/api.w.org\/{rel}","templated":true}]}}