{"id":61531,"date":"2019-11-09T01:51:12","date_gmt":"2021-02-16T09:14:41","guid":{"rendered":"https:\/\/dev.tactic.net\/tuote\/larsen-bin-maxi\/"},"modified":"2023-10-19T15:12:12","modified_gmt":"2023-10-19T12:12:12","slug":"larsen-bin-maxi","status":"publish","type":"product","link":"https:\/\/games.tactic.net\/sv\/tuote\/larsen-bin-maxi\/","title":{"rendered":"Larsen Maxi Bin 53 pcs pussel"},"content":{"rendered":"<p>Larsen Maxi Bin 53 bitar pussel 28,5 x 36,5 cm. Bin \u00e4r en viktig del av v\u00e5r planets ekosystem eftersom de g\u00f6r ett betydelsefullt arbete med att pollinera v\u00e4xter. Det \u00e4r s\u00e5 bina bidrar till produktionen av den mat vi \u00e4ter varje dag. Biodling \u00e4r en viktig hobby eller ett yrke. Bina surrar genom luften runt biodlaren medan hon samlar honung fr\u00e5n en vaxkaka. Vilket slags tr\u00e4d ger bina skugga vid deras hem? Ett bi \u00e4r upptaget med att samla pollen medan ett annat \u00e4r p\u00e5 v\u00e4g hem efter att ha hittat en hel del. M\u00e5nga andra insekter, som gr\u00e4shoppor och myror, njuter ocks\u00e5 av det fina v\u00e4dret. Vem \u00e4r det som har \u00e4tit p\u00e5 \u00e4pplena i bakgrunden? N\u00e5gra av bitarna har formen av ett flygplan, en bil, ett horn, en f\u00e5gel och byggnader.<\/p>\n<p>Larsen Maxi \u00e4r en h\u00f6gkvalitativ pusselserie f\u00f6r barn som kombinerar l\u00e4rande och lek. F\u00e4rgstarka illustrationer och stadiga rambitar g\u00f6r pusslen enkla och roliga att l\u00e4gga. Larsen Maxi-pussel \u00e4r idealiska f\u00f6r yngre barn och hj\u00e4lper till att utveckla finmotorik och koncentration.<\/p>\n<p>Larsen tillverkar h\u00f6gkvalitativa pedagogiska pussel som \u00e4r utformade f\u00f6r att st\u00f6dja l\u00e4rande genom lek. Detta norska familjef\u00f6retag har varit verksamt sedan 1953, och alla pussel tillverkas i Norge. Sortimentet omfattar m\u00e5nga olika teman som djur, kartor, fordon, rymden och natur. Tydliga illustrationer och h\u00e5llbara bitar g\u00f6r Larsen-pussel till ett utm\u00e4rkt val f\u00f6r barn.<\/p>\n","protected":false},"excerpt":{"rendered":"<p>Larsen Maxi Bin 53 bitars pussel 28,5 x 36,5 cm visar bin och pollinering i naturen. Pedagogiskt pussel som st\u00f6djer f\u00f6rst\u00e5else f\u00f6r ekosystem och observation.<\/p>\n","protected":false},"featured_media":0,"template":"","meta":{"content-type":"","_monsterinsights_skip_tracking":false,"_monsterinsights_sitenote_active":false,"_monsterinsights_sitenote_note":"","_monsterinsights_sitenote_category":0},"product_brand":[],"product_cat":[1520],"product_tag":[1235,932,845],"brand":[],"target-group":[],"discontinued":[],"class_list":{"0":"post-61531","1":"product","2":"type-product","3":"status-publish","5":"product_cat-barn-pussel","6":"product_tag-kombinera-sv","7":"product_tag-tidsfordriv","8":"product_tag-tillsammans","10":"first","11":"outofstock","12":"taxable","13":"shipping-taxable","14":"product-type-simple"},"aioseo_notices":[],"_links":{"self":[{"href":"https:\/\/games.tactic.net\/sv\/wp-json\/wp\/v2\/product\/61531","targetHints":{"allow":["GET"]}}],"collection":[{"href":"https:\/\/games.tactic.net\/sv\/wp-json\/wp\/v2\/product"}],"about":[{"href":"https:\/\/games.tactic.net\/sv\/wp-json\/wp\/v2\/types\/product"}],"wp:attachment":[{"href":"https:\/\/games.tactic.net\/sv\/wp-json\/wp\/v2\/media?parent=61531"}],"wp:term":[{"taxonomy":"product_brand","embeddable":true,"href":"https:\/\/games.tactic.net\/sv\/wp-json\/wp\/v2\/product_brand?post=61531"},{"taxonomy":"product_cat","embeddable":true,"href":"https:\/\/games.tactic.net\/sv\/wp-json\/wp\/v2\/product_cat?post=61531"},{"taxonomy":"product_tag","embeddable":true,"href":"https:\/\/games.tactic.net\/sv\/wp-json\/wp\/v2\/product_tag?post=61531"},{"taxonomy":"brand","embeddable":true,"href":"https:\/\/games.tactic.net\/sv\/wp-json\/wp\/v2\/brand?post=61531"},{"taxonomy":"target-group","embeddable":true,"href":"https:\/\/games.tactic.net\/sv\/wp-json\/wp\/v2\/target-group?post=61531"},{"taxonomy":"discontinued","embeddable":true,"href":"https:\/\/games.tactic.net\/sv\/wp-json\/wp\/v2\/discontinued?post=61531"}],"curies":[{"name":"wp","href":"https:\/\/api.w.org\/{rel}","templated":true}]}}