{"id":61530,"date":"2019-11-09T01:51:47","date_gmt":"2021-02-16T09:14:38","guid":{"rendered":"https:\/\/dev.tactic.net\/tuote\/larsen-byggarbetsplats-4x1-mini\/"},"modified":"2023-10-19T15:48:54","modified_gmt":"2023-10-19T12:48:54","slug":"larsen-byggarbetsplats-4x1-mini","status":"publish","type":"product","link":"https:\/\/games.tactic.net\/sv\/tuote\/larsen-byggarbetsplats-4x1-mini\/","title":{"rendered":"Larsen Mini Byggarbetsplats 7 pcs pussel"},"content":{"rendered":"<p>Larsen Mini Byggarbetsplats 7 bitar pussel 18,3 x 14,3 cm. 4 olika motiv finns tillg\u00e4ngliga. Dessa 4 pussel \u00e4r gjorda f\u00f6r barn som tycker om stora bilar och maskiner. Ett pussel visar en betongbil som levererar betong p\u00e5 byggarbetsplatsen, med en stor mobilkran i bakgrunden. P\u00e5 ett annat pussel arbetar en stor gr\u00e4vmaskin. Ett tredje pussel visar en stor lastbil som levererar grus, och det fj\u00e4rde visar en stor bulldozer i arbete. Varje pussel har 7 bitar och \u00e4r avsett f\u00f6r mindre barn. H\u00e4r finns mycket att prata om och mycket som kan stimulera fantasin hos sm\u00e5 barn som fascineras av stora byggmaskiner.<\/p>\n<p>Larsen Mini \u00e4r en h\u00f6gkvalitativ pusselserie f\u00f6r barn som kombinerar l\u00e4rande och lek. F\u00e4rgstarka illustrationer och stadiga rambitar g\u00f6r pusslen enkla och roliga att l\u00e4gga. Larsen Mini-pussel \u00e4r idealiska f\u00f6r yngre barn och hj\u00e4lper till att utveckla finmotorik och koncentration.<\/p>\n<p>Larsen tillverkar h\u00f6gkvalitativa pedagogiska pussel som \u00e4r utformade f\u00f6r att st\u00f6dja l\u00e4rande genom lek. Detta norska familjef\u00f6retag har varit verksamt sedan 1953, och alla pussel tillverkas i Norge. Sortimentet omfattar m\u00e5nga olika teman som djur, kartor, fordon, rymden och natur. Tydliga illustrationer och h\u00e5llbara bitar g\u00f6r Larsen-pussel till ett utm\u00e4rkt val f\u00f6r barn.<\/p>\n","protected":false},"excerpt":{"rendered":"<p>Larsen Mini Byggarbetsplats 7 bitars pussel 18,3 x 14,3 cm, levereras med 4 olika motiv. Tyv\u00e4rr g\u00e5r det inte att v\u00e4lja motiv vid k\u00f6p.<\/p>\n","protected":false},"featured_media":0,"template":"","meta":{"content-type":"","_monsterinsights_skip_tracking":false,"_monsterinsights_sitenote_active":false,"_monsterinsights_sitenote_note":"","_monsterinsights_sitenote_category":0},"product_brand":[],"product_cat":[1520],"product_tag":[1235,932,845],"brand":[],"target-group":[],"discontinued":[],"class_list":{"0":"post-61530","1":"product","2":"type-product","3":"status-publish","5":"product_cat-barn-pussel","6":"product_tag-kombinera-sv","7":"product_tag-tidsfordriv","8":"product_tag-tillsammans","10":"first","11":"instock","12":"taxable","13":"shipping-taxable","14":"product-type-simple"},"aioseo_notices":[],"_links":{"self":[{"href":"https:\/\/games.tactic.net\/sv\/wp-json\/wp\/v2\/product\/61530","targetHints":{"allow":["GET"]}}],"collection":[{"href":"https:\/\/games.tactic.net\/sv\/wp-json\/wp\/v2\/product"}],"about":[{"href":"https:\/\/games.tactic.net\/sv\/wp-json\/wp\/v2\/types\/product"}],"wp:attachment":[{"href":"https:\/\/games.tactic.net\/sv\/wp-json\/wp\/v2\/media?parent=61530"}],"wp:term":[{"taxonomy":"product_brand","embeddable":true,"href":"https:\/\/games.tactic.net\/sv\/wp-json\/wp\/v2\/product_brand?post=61530"},{"taxonomy":"product_cat","embeddable":true,"href":"https:\/\/games.tactic.net\/sv\/wp-json\/wp\/v2\/product_cat?post=61530"},{"taxonomy":"product_tag","embeddable":true,"href":"https:\/\/games.tactic.net\/sv\/wp-json\/wp\/v2\/product_tag?post=61530"},{"taxonomy":"brand","embeddable":true,"href":"https:\/\/games.tactic.net\/sv\/wp-json\/wp\/v2\/brand?post=61530"},{"taxonomy":"target-group","embeddable":true,"href":"https:\/\/games.tactic.net\/sv\/wp-json\/wp\/v2\/target-group?post=61530"},{"taxonomy":"discontinued","embeddable":true,"href":"https:\/\/games.tactic.net\/sv\/wp-json\/wp\/v2\/discontinued?post=61530"}],"curies":[{"name":"wp","href":"https:\/\/api.w.org\/{rel}","templated":true}]}}