{"id":61529,"date":"2019-11-09T01:51:42","date_gmt":"2021-02-16T09:14:35","guid":{"rendered":"https:\/\/dev.tactic.net\/tuote\/larsen-ekorre-kanin-igelkott-rav-4x1-mini\/"},"modified":"2023-10-19T15:52:22","modified_gmt":"2023-10-19T12:52:22","slug":"larsen-ekorre-kanin-igelkott-rav-4x1-mini","status":"publish","type":"product","link":"https:\/\/games.tactic.net\/sv\/tuote\/larsen-ekorre-kanin-igelkott-rav-4x1-mini\/","title":{"rendered":"Larsen Mini Ekorre, kanin, igelkott, r\u00e4v 5 pcs pussel"},"content":{"rendered":"<p>Larsen Mini Ekorre, kanin, igelkott, r\u00e4v 5 bitar pussel 18,3 x 14,3 cm. 4 olika motiv finns tillg\u00e4ngliga. H\u00e4r \u00e4r 4 pussel med s\u00f6ta vilda djur p\u00e5 en \u00e4ng med gr\u00f6nt gr\u00e4s och vackra blommor. En kanin tittar p\u00e5 en liten f\u00e5gel medan en mullvad sticker upp huvudet ur ett h\u00e5l i marken. En igelkott nosar p\u00e5 en snigel. En r\u00e4vunge sover s\u00f6tt medan brodern studerar en fj\u00e4ril som flyger f\u00f6rbi. En humla surrar framf\u00f6r en liten ekorre som st\u00e5r p\u00e5 en gammal tr\u00e4dstam \u2013 \u00e4r ekorren r\u00e4dd att humlan ska sticka? Varje pussel har 5 stora bitar som passar bra f\u00f6r sm\u00e5 barn som ska l\u00e4ra sig l\u00e4gga sina f\u00f6rsta pussel. Den fasta ramen hj\u00e4lper sm\u00e5 h\u00e4nder att f\u00e5 bitarna p\u00e5 plats.<\/p>\n<p>Larsen Mini \u00e4r en h\u00f6gkvalitativ pusselserie f\u00f6r barn som kombinerar l\u00e4rande och lek. F\u00e4rgstarka illustrationer och stadiga rambitar g\u00f6r pusslen enkla och roliga att l\u00e4gga. Larsen Mini-pussel \u00e4r idealiska f\u00f6r yngre barn och hj\u00e4lper till att utveckla finmotorik och koncentration.<\/p>\n<p>Larsen tillverkar h\u00f6gkvalitativa pedagogiska pussel som \u00e4r utformade f\u00f6r att st\u00f6dja l\u00e4rande genom lek. Detta norska familjef\u00f6retag har varit verksamt sedan 1953, och alla pussel tillverkas i Norge. Sortimentet omfattar m\u00e5nga olika teman som djur, kartor, fordon, rymden och natur. Tydliga illustrationer och h\u00e5llbara bitar g\u00f6r Larsen-pussel till ett utm\u00e4rkt val f\u00f6r barn.<\/p>\n","protected":false},"excerpt":{"rendered":"<p>Larsen Mini Ekorre, kanin, igelkott, r\u00e4v 5 bitars pussel 18,3 x 14,3 cm, levereras med 4 olika motiv. Tyv\u00e4rr g\u00e5r det inte att v\u00e4lja motiv vid k\u00f6p.<\/p>\n","protected":false},"featured_media":0,"template":"","meta":{"content-type":"","_monsterinsights_skip_tracking":false,"_monsterinsights_sitenote_active":false,"_monsterinsights_sitenote_note":"","_monsterinsights_sitenote_category":0},"product_brand":[],"product_cat":[1520],"product_tag":[1235,932,845],"brand":[],"target-group":[],"discontinued":[],"class_list":{"0":"post-61529","1":"product","2":"type-product","3":"status-publish","5":"product_cat-barn-pussel","6":"product_tag-kombinera-sv","7":"product_tag-tidsfordriv","8":"product_tag-tillsammans","10":"first","11":"instock","12":"taxable","13":"shipping-taxable","14":"product-type-simple"},"aioseo_notices":[],"_links":{"self":[{"href":"https:\/\/games.tactic.net\/sv\/wp-json\/wp\/v2\/product\/61529","targetHints":{"allow":["GET"]}}],"collection":[{"href":"https:\/\/games.tactic.net\/sv\/wp-json\/wp\/v2\/product"}],"about":[{"href":"https:\/\/games.tactic.net\/sv\/wp-json\/wp\/v2\/types\/product"}],"wp:attachment":[{"href":"https:\/\/games.tactic.net\/sv\/wp-json\/wp\/v2\/media?parent=61529"}],"wp:term":[{"taxonomy":"product_brand","embeddable":true,"href":"https:\/\/games.tactic.net\/sv\/wp-json\/wp\/v2\/product_brand?post=61529"},{"taxonomy":"product_cat","embeddable":true,"href":"https:\/\/games.tactic.net\/sv\/wp-json\/wp\/v2\/product_cat?post=61529"},{"taxonomy":"product_tag","embeddable":true,"href":"https:\/\/games.tactic.net\/sv\/wp-json\/wp\/v2\/product_tag?post=61529"},{"taxonomy":"brand","embeddable":true,"href":"https:\/\/games.tactic.net\/sv\/wp-json\/wp\/v2\/brand?post=61529"},{"taxonomy":"target-group","embeddable":true,"href":"https:\/\/games.tactic.net\/sv\/wp-json\/wp\/v2\/target-group?post=61529"},{"taxonomy":"discontinued","embeddable":true,"href":"https:\/\/games.tactic.net\/sv\/wp-json\/wp\/v2\/discontinued?post=61529"}],"curies":[{"name":"wp","href":"https:\/\/api.w.org\/{rel}","templated":true}]}}