{"id":61524,"date":"2019-11-09T01:51:21","date_gmt":"2021-02-16T09:14:19","guid":{"rendered":"https:\/\/dev.tactic.net\/tuote\/larsen-pirater-maxi\/"},"modified":"2023-10-19T16:20:52","modified_gmt":"2023-10-19T13:20:52","slug":"larsen-pirater-maxi","status":"publish","type":"product","link":"https:\/\/games.tactic.net\/sv\/tuote\/larsen-pirater-maxi\/","title":{"rendered":"Larsen Maxi Pirater 30 pcs pussel"},"content":{"rendered":"<p>Larsen Maxi Pirater 30 bitar pussel 28,5 x 36,5 cm. Den glada bes\u00e4ttningen p\u00e5 detta fantastiska piratskepp firar sitt senaste \u00e4ventyr. De styr med full fart mot en g\u00f6md \u00f6 f\u00f6r att begrava sin stulna skatt. Vilka rikedomar tror du g\u00f6mmer sig ombord p\u00e5 skeppet? Var f\u00f6rsiktig! Det \u00f6ppna havet \u00e4r fortfarande fullt av faror. Vilket slags monster hoppar upp ur vattnet? En av piraterna tror att det \u00e4r en sj\u00f6jungfru! De glada piraterna m\u00e4rker inte fiendeskeppet som f\u00f6ljer efter dem. Kan du se en annan b\u00e5t som kommer allt n\u00e4rmare? Denna speciella bes\u00e4ttning leds av sin kapten med svart \u00f6gonlapp och en papegoja p\u00e5 axeln. Vilka f\u00e4rger har papegojan? Papegojan skriker upphetsat: &#8221;&#8221;Land i sikte!&#8221;&#8221;.<\/p>\n<p>Larsen Maxi \u00e4r en h\u00f6gkvalitativ pusselserie f\u00f6r barn som kombinerar l\u00e4rande och lek. F\u00e4rgstarka illustrationer och stadiga rambitar g\u00f6r pusslen enkla och roliga att l\u00e4gga. Larsen Maxi-pussel \u00e4r idealiska f\u00f6r yngre barn och hj\u00e4lper till att utveckla finmotorik och koncentration.<\/p>\n<p>Larsen tillverkar h\u00f6gkvalitativa pedagogiska pussel som \u00e4r utformade f\u00f6r att st\u00f6dja l\u00e4rande genom lek. Detta norska familjef\u00f6retag har varit verksamt sedan 1953, och alla pussel tillverkas i Norge. Sortimentet omfattar m\u00e5nga olika teman som djur, kartor, fordon, rymden och natur. Tydliga illustrationer och h\u00e5llbara bitar g\u00f6r Larsen-pussel till ett utm\u00e4rkt val f\u00f6r barn.<\/p>\n","protected":false},"excerpt":{"rendered":"<p>Larsen Maxi Pirater 30 bitars pussel 28,5 x 36,5 cm visar ett pirat\u00e4ventyr. Barnpussel som st\u00f6djer fantasi och ber\u00e4ttarf\u00f6rm\u00e5ga.<\/p>\n","protected":false},"featured_media":0,"template":"","meta":{"content-type":"","_monsterinsights_skip_tracking":false,"_monsterinsights_sitenote_active":false,"_monsterinsights_sitenote_note":"","_monsterinsights_sitenote_category":0},"product_brand":[],"product_cat":[1520],"product_tag":[1235,932,845],"brand":[],"target-group":[],"discontinued":[],"class_list":{"0":"post-61524","1":"product","2":"type-product","3":"status-publish","5":"product_cat-barn-pussel","6":"product_tag-kombinera-sv","7":"product_tag-tidsfordriv","8":"product_tag-tillsammans","10":"first","11":"outofstock","12":"taxable","13":"shipping-taxable","14":"product-type-simple"},"aioseo_notices":[],"_links":{"self":[{"href":"https:\/\/games.tactic.net\/sv\/wp-json\/wp\/v2\/product\/61524","targetHints":{"allow":["GET"]}}],"collection":[{"href":"https:\/\/games.tactic.net\/sv\/wp-json\/wp\/v2\/product"}],"about":[{"href":"https:\/\/games.tactic.net\/sv\/wp-json\/wp\/v2\/types\/product"}],"wp:attachment":[{"href":"https:\/\/games.tactic.net\/sv\/wp-json\/wp\/v2\/media?parent=61524"}],"wp:term":[{"taxonomy":"product_brand","embeddable":true,"href":"https:\/\/games.tactic.net\/sv\/wp-json\/wp\/v2\/product_brand?post=61524"},{"taxonomy":"product_cat","embeddable":true,"href":"https:\/\/games.tactic.net\/sv\/wp-json\/wp\/v2\/product_cat?post=61524"},{"taxonomy":"product_tag","embeddable":true,"href":"https:\/\/games.tactic.net\/sv\/wp-json\/wp\/v2\/product_tag?post=61524"},{"taxonomy":"brand","embeddable":true,"href":"https:\/\/games.tactic.net\/sv\/wp-json\/wp\/v2\/brand?post=61524"},{"taxonomy":"target-group","embeddable":true,"href":"https:\/\/games.tactic.net\/sv\/wp-json\/wp\/v2\/target-group?post=61524"},{"taxonomy":"discontinued","embeddable":true,"href":"https:\/\/games.tactic.net\/sv\/wp-json\/wp\/v2\/discontinued?post=61524"}],"curies":[{"name":"wp","href":"https:\/\/api.w.org\/{rel}","templated":true}]}}