{"id":61523,"date":"2019-11-09T01:51:19","date_gmt":"2021-02-16T09:14:15","guid":{"rendered":"https:\/\/dev.tactic.net\/tuote\/larsen-prinsessor-1-maxi\/"},"modified":"2023-10-19T16:23:17","modified_gmt":"2023-10-19T13:23:17","slug":"larsen-prinsessor-1-maxi","status":"publish","type":"product","link":"https:\/\/games.tactic.net\/sv\/tuote\/larsen-prinsessor-1-maxi\/","title":{"rendered":"Larsen Maxi Prinsessor 1 35 pcs pussel"},"content":{"rendered":"<p>Larsen Maxi Prinsessor 1. 35 bitar pussel 28,5 x 36,5 cm. Det \u00e4r magi i den stj\u00e4rnklara natten i detta f\u00f6rtrollande prinsesspussel. Tre vackra prinsessor g\u00e5r nerf\u00f6r slottets trappa efter en underbar bal. Vagnen v\u00e4ntar medan stj\u00e4rnorna glittrar och m\u00e5nen lyser \u00f6ver slottet. Pusslet best\u00e5r av 35 bitar, varav n\u00e5gra \u00e4r formade som l\u00e4ppar, ett ekollon, en sk\u00e5pbil, ett nyckelh\u00e5l och en svamp. Varje prinsessa b\u00e4r en kl\u00e4nning i olika f\u00e4rger. Kan du gissa vem som blir n\u00e4sta drottning? Pusslet har st\u00f6rre bitar och passar yngre barn som kan k\u00e4nna igen enkla former.<\/p>\n<p>Larsen Maxi \u00e4r en h\u00f6gkvalitativ pusselserie f\u00f6r barn som kombinerar l\u00e4rande och lek. F\u00e4rgstarka illustrationer och stadiga rambitar g\u00f6r pusslen enkla och roliga att l\u00e4gga. Larsen Maxi-pussel \u00e4r idealiska f\u00f6r yngre barn och hj\u00e4lper till att utveckla finmotorik och koncentration.<\/p>\n<p>Larsen tillverkar h\u00f6gkvalitativa pedagogiska pussel som \u00e4r utformade f\u00f6r att st\u00f6dja l\u00e4rande genom lek. Detta norska familjef\u00f6retag har varit verksamt sedan 1953, och alla pussel tillverkas i Norge. Sortimentet omfattar m\u00e5nga olika teman som djur, kartor, fordon, rymden och natur. Tydliga illustrationer och h\u00e5llbara bitar g\u00f6r Larsen-pussel till ett utm\u00e4rkt val f\u00f6r barn.<\/p>\n","protected":false},"excerpt":{"rendered":"<p>Larsen Maxi Prinsessor 1. 35 bitars pussel 28,5 x 36,5 cm visar en magisk prinsesscen. Barnpussel som utvecklar fantasi och observationsf\u00f6rm\u00e5ga.<\/p>\n","protected":false},"featured_media":0,"template":"","meta":{"content-type":"","_monsterinsights_skip_tracking":false,"_monsterinsights_sitenote_active":false,"_monsterinsights_sitenote_note":"","_monsterinsights_sitenote_category":0},"product_brand":[],"product_cat":[1520],"product_tag":[1235,932,845],"brand":[],"target-group":[],"discontinued":[],"class_list":{"0":"post-61523","1":"product","2":"type-product","3":"status-publish","5":"product_cat-barn-pussel","6":"product_tag-kombinera-sv","7":"product_tag-tidsfordriv","8":"product_tag-tillsammans","10":"first","11":"instock","12":"taxable","13":"shipping-taxable","14":"product-type-simple"},"aioseo_notices":[],"_links":{"self":[{"href":"https:\/\/games.tactic.net\/sv\/wp-json\/wp\/v2\/product\/61523","targetHints":{"allow":["GET"]}}],"collection":[{"href":"https:\/\/games.tactic.net\/sv\/wp-json\/wp\/v2\/product"}],"about":[{"href":"https:\/\/games.tactic.net\/sv\/wp-json\/wp\/v2\/types\/product"}],"wp:attachment":[{"href":"https:\/\/games.tactic.net\/sv\/wp-json\/wp\/v2\/media?parent=61523"}],"wp:term":[{"taxonomy":"product_brand","embeddable":true,"href":"https:\/\/games.tactic.net\/sv\/wp-json\/wp\/v2\/product_brand?post=61523"},{"taxonomy":"product_cat","embeddable":true,"href":"https:\/\/games.tactic.net\/sv\/wp-json\/wp\/v2\/product_cat?post=61523"},{"taxonomy":"product_tag","embeddable":true,"href":"https:\/\/games.tactic.net\/sv\/wp-json\/wp\/v2\/product_tag?post=61523"},{"taxonomy":"brand","embeddable":true,"href":"https:\/\/games.tactic.net\/sv\/wp-json\/wp\/v2\/brand?post=61523"},{"taxonomy":"target-group","embeddable":true,"href":"https:\/\/games.tactic.net\/sv\/wp-json\/wp\/v2\/target-group?post=61523"},{"taxonomy":"discontinued","embeddable":true,"href":"https:\/\/games.tactic.net\/sv\/wp-json\/wp\/v2\/discontinued?post=61523"}],"curies":[{"name":"wp","href":"https:\/\/api.w.org\/{rel}","templated":true}]}}