{"id":61521,"date":"2019-11-09T01:51:10","date_gmt":"2021-02-16T09:14:09","guid":{"rendered":"https:\/\/dev.tactic.net\/tuote\/larsen-2-piratskepp-maxi\/"},"modified":"2023-10-19T15:06:32","modified_gmt":"2023-10-19T12:06:32","slug":"larsen-2-piratskepp-maxi","status":"publish","type":"product","link":"https:\/\/games.tactic.net\/sv\/tuote\/larsen-2-piratskepp-maxi\/","title":{"rendered":"Larsen Maxi 2 Piratskepp 39 pcs pussel"},"content":{"rendered":"<p>Larsen Maxi 2 piratskepp 39 bitar pussel 36,5 x 28,5 cm. Ett enormt piratslag har brutit ut \u00f6ver de sju haven! Tv\u00e5 skepp seglar sida vid sida medan piraterna p\u00e5 b\u00e5da b\u00e5tarna f\u00f6rbereder sig f\u00f6r att sl\u00e5ss och stj\u00e4la varandras skatter. F\u00f6r sent inser en kapten sitt misstag n\u00e4r han svingar sig i ett rep \u00f6ver till det andra skeppet. Stora elaka hajar har hoppat upp ur vattnet f\u00f6r att delta i striden! Kaptenens papegoja flyger iv\u00e4g i skr\u00e4ck n\u00e4r kanonkulorna med en sm\u00e4ll tr\u00e4ffar sidan av ett skepp. Vem tror du kommer att vinna denna strid? Bitarna har former som ett piratskepp, en haj och en papegoja.<\/p>\n<p>Larsen Maxi \u00e4r en h\u00f6gkvalitativ pusselserie f\u00f6r barn som kombinerar l\u00e4rande och lek. F\u00e4rgstarka illustrationer och stadiga rambitar g\u00f6r pusslen enkla och roliga att l\u00e4gga. Larsen Maxi-pussel \u00e4r idealiska f\u00f6r yngre barn och hj\u00e4lper till att utveckla finmotorik och koncentration.<\/p>\n<p>Larsen tillverkar h\u00f6gkvalitativa pedagogiska pussel som \u00e4r utformade f\u00f6r att st\u00f6dja l\u00e4rande genom lek. Detta norska familjef\u00f6retag har varit verksamt sedan 1953, och alla pussel tillverkas i Norge. Sortimentet omfattar m\u00e5nga olika teman som djur, kartor, fordon, rymden och natur. Tydliga illustrationer och h\u00e5llbara bitar g\u00f6r Larsen-pussel till ett utm\u00e4rkt val f\u00f6r barn.<\/p>\n","protected":false},"excerpt":{"rendered":"<p>Larsen Maxi Piratskepp 39 bitars pussel 36,5 x 28,5 cm visar en sp\u00e4nnande piratstrid. \u00c4ventyrspussel som st\u00f6djer fantasi och probleml\u00f6sning.<\/p>\n","protected":false},"featured_media":0,"template":"","meta":{"content-type":"","_monsterinsights_skip_tracking":false,"_monsterinsights_sitenote_active":false,"_monsterinsights_sitenote_note":"","_monsterinsights_sitenote_category":0},"product_brand":[],"product_cat":[1520],"product_tag":[1235,932,845],"brand":[],"target-group":[],"discontinued":[],"class_list":{"0":"post-61521","1":"product","2":"type-product","3":"status-publish","5":"product_cat-barn-pussel","6":"product_tag-kombinera-sv","7":"product_tag-tidsfordriv","8":"product_tag-tillsammans","10":"first","11":"instock","12":"taxable","13":"shipping-taxable","14":"product-type-simple"},"aioseo_notices":[],"_links":{"self":[{"href":"https:\/\/games.tactic.net\/sv\/wp-json\/wp\/v2\/product\/61521","targetHints":{"allow":["GET"]}}],"collection":[{"href":"https:\/\/games.tactic.net\/sv\/wp-json\/wp\/v2\/product"}],"about":[{"href":"https:\/\/games.tactic.net\/sv\/wp-json\/wp\/v2\/types\/product"}],"wp:attachment":[{"href":"https:\/\/games.tactic.net\/sv\/wp-json\/wp\/v2\/media?parent=61521"}],"wp:term":[{"taxonomy":"product_brand","embeddable":true,"href":"https:\/\/games.tactic.net\/sv\/wp-json\/wp\/v2\/product_brand?post=61521"},{"taxonomy":"product_cat","embeddable":true,"href":"https:\/\/games.tactic.net\/sv\/wp-json\/wp\/v2\/product_cat?post=61521"},{"taxonomy":"product_tag","embeddable":true,"href":"https:\/\/games.tactic.net\/sv\/wp-json\/wp\/v2\/product_tag?post=61521"},{"taxonomy":"brand","embeddable":true,"href":"https:\/\/games.tactic.net\/sv\/wp-json\/wp\/v2\/brand?post=61521"},{"taxonomy":"target-group","embeddable":true,"href":"https:\/\/games.tactic.net\/sv\/wp-json\/wp\/v2\/target-group?post=61521"},{"taxonomy":"discontinued","embeddable":true,"href":"https:\/\/games.tactic.net\/sv\/wp-json\/wp\/v2\/discontinued?post=61521"}],"curies":[{"name":"wp","href":"https:\/\/api.w.org\/{rel}","templated":true}]}}