{"id":61519,"date":"2019-11-09T01:51:04","date_gmt":"2021-02-16T09:14:03","guid":{"rendered":"https:\/\/dev.tactic.net\/tuote\/larsen-polis-maxi\/"},"modified":"2023-10-19T16:22:10","modified_gmt":"2023-10-19T13:22:10","slug":"larsen-polis-maxi","status":"publish","type":"product","link":"https:\/\/games.tactic.net\/sv\/tuote\/larsen-polis-maxi\/","title":{"rendered":"Larsen Maxi Polis 43 pcs pussel"},"content":{"rendered":"<p>Larsen Maxi Polis 43 bitar pussel 36,5 x 28,5 cm. Det \u00e4r lag och ordning som g\u00e4ller i detta mycket illustrativa och l\u00e4rorika polispussel. Ett bankr\u00e5n har just \u00e4gt rum och nu \u00e4r det upp till myndigheterna att f\u00e5nga de dj\u00e4rva r\u00e5narna. Polishelikoptrar lyser starkt p\u00e5 den misst\u00e4nkte som har tagits p\u00e5 bar g\u00e4rning. Med h\u00e4nderna i luften och den andra handen p\u00e5 s\u00e4cken med pengar ger han nerv\u00f6st upp. Polisen fyller platsen med sk\u00e5pbilar, bilar, b\u00e5tar, helikoptrar och motorcyklar. Sp\u00e5rhundar finns redo att hj\u00e4lpa till under insatsen. Vi ser en r\u00e5nare som grips och f\u00e5r handf\u00e4ngsel p\u00e5 en bil, en r\u00e5nare som f\u00e5ngats i benet och h\u00e4nger fr\u00e5n banktaket medan stulna pengar faller ur v\u00e4skan, samt tv\u00e5 r\u00e5nare med s\u00e4ckar fulla av pengar \u2013 en som ger upp och en som \u00e4r redo att orsaka \u00e4nnu mer kaos. Detta pussel med 43 bitar inneh\u00e5ller n\u00e5got mindre bitar, lagom enkla f\u00f6r \u00e4ldre barn. Pusselbitarna har passande former som polishj\u00e4lm, s\u00e4ck, polisbil, pistol, polis p\u00e5 motorcykel och polishund.<\/p>\n<p>Larsen Maxi \u00e4r en h\u00f6gkvalitativ pusselserie f\u00f6r barn som kombinerar l\u00e4rande och lek. F\u00e4rgstarka illustrationer och stadiga rambitar g\u00f6r pusslen enkla och roliga att l\u00e4gga. Larsen Maxi-pussel \u00e4r idealiska f\u00f6r yngre barn och hj\u00e4lper till att utveckla finmotorik och koncentration.<\/p>\n<p>Larsen tillverkar h\u00f6gkvalitativa pedagogiska pussel som \u00e4r utformade f\u00f6r att st\u00f6dja l\u00e4rande genom lek. Detta norska familjef\u00f6retag har varit verksamt sedan 1953, och alla pussel tillverkas i Norge. Sortimentet omfattar m\u00e5nga olika teman som djur, kartor, fordon, rymden och natur. Tydliga illustrationer och h\u00e5llbara bitar g\u00f6r Larsen-pussel till ett utm\u00e4rkt val f\u00f6r barn.<\/p>\n","protected":false},"excerpt":{"rendered":"<p>Larsen Maxi Polis 43 bitars pussel 36,5 x 28,5 cm visar en sp\u00e4nnande polisjakt. Pedagogiskt pussel som utvecklar observation och ber\u00e4ttarf\u00f6rm\u00e5ga.<\/p>\n","protected":false},"featured_media":0,"template":"","meta":{"content-type":"","_monsterinsights_skip_tracking":false,"_monsterinsights_sitenote_active":false,"_monsterinsights_sitenote_note":"","_monsterinsights_sitenote_category":0},"product_brand":[],"product_cat":[1520],"product_tag":[1235,932,845],"brand":[],"target-group":[],"discontinued":[],"class_list":{"0":"post-61519","1":"product","2":"type-product","3":"status-publish","5":"product_cat-barn-pussel","6":"product_tag-kombinera-sv","7":"product_tag-tidsfordriv","8":"product_tag-tillsammans","10":"first","11":"instock","12":"taxable","13":"shipping-taxable","14":"product-type-simple"},"aioseo_notices":[],"_links":{"self":[{"href":"https:\/\/games.tactic.net\/sv\/wp-json\/wp\/v2\/product\/61519","targetHints":{"allow":["GET"]}}],"collection":[{"href":"https:\/\/games.tactic.net\/sv\/wp-json\/wp\/v2\/product"}],"about":[{"href":"https:\/\/games.tactic.net\/sv\/wp-json\/wp\/v2\/types\/product"}],"wp:attachment":[{"href":"https:\/\/games.tactic.net\/sv\/wp-json\/wp\/v2\/media?parent=61519"}],"wp:term":[{"taxonomy":"product_brand","embeddable":true,"href":"https:\/\/games.tactic.net\/sv\/wp-json\/wp\/v2\/product_brand?post=61519"},{"taxonomy":"product_cat","embeddable":true,"href":"https:\/\/games.tactic.net\/sv\/wp-json\/wp\/v2\/product_cat?post=61519"},{"taxonomy":"product_tag","embeddable":true,"href":"https:\/\/games.tactic.net\/sv\/wp-json\/wp\/v2\/product_tag?post=61519"},{"taxonomy":"brand","embeddable":true,"href":"https:\/\/games.tactic.net\/sv\/wp-json\/wp\/v2\/brand?post=61519"},{"taxonomy":"target-group","embeddable":true,"href":"https:\/\/games.tactic.net\/sv\/wp-json\/wp\/v2\/target-group?post=61519"},{"taxonomy":"discontinued","embeddable":true,"href":"https:\/\/games.tactic.net\/sv\/wp-json\/wp\/v2\/discontinued?post=61519"}],"curies":[{"name":"wp","href":"https:\/\/api.w.org\/{rel}","templated":true}]}}