{"id":61518,"date":"2021-02-16T11:13:59","date_gmt":"2021-02-16T09:13:59","guid":{"rendered":"https:\/\/dev.tactic.net\/tuote\/larsen-zoo-maxi\/"},"modified":"2023-10-19T16:33:02","modified_gmt":"2023-10-19T13:33:02","slug":"larsen-zoo-maxi","status":"publish","type":"product","link":"https:\/\/games.tactic.net\/sv\/tuote\/larsen-zoo-maxi\/","title":{"rendered":"Larsen Maxi Zoo 48 pcs pussel"},"content":{"rendered":"<p>Larsen Maxi Zoo 48 bitar pussel 36,5 x 28,5 cm. Uppt\u00e4ck detta fantastiska, l\u00e4rorika djurparks-pussel som best\u00e5r av 48 bitar. Hur m\u00e5nga djurformade bitar hittar du? Pusslet visar en vacker illustration av en djurpark i safaristil, med en familj isbj\u00f6rnar, en bass\u00e4ng full av sj\u00f6lejon, rosa flamingor, en familj zebror, l\u00e5nghalsade giraffer, lejon, tigrar, alla m\u00f6jliga slags f\u00e5glar, gosiga koalor, magnifika apor, asiatiska elefanter och inte minst barnen och familjerna som fyller parken. Du hittar 16 olika djurarter bland m\u00e5nga livfulla f\u00e5glar. Detta \u00e4ventyrliga och f\u00e4rgglada pussel uppmuntrar b\u00e5de hand-\u00f6ga-koordination och utveckling, perfekt f\u00f6r ditt barns framsteg.<\/p>\n<p>Larsen Maxi \u00e4r en h\u00f6gkvalitativ pusselserie f\u00f6r barn som kombinerar l\u00e4rande och lek. F\u00e4rgstarka illustrationer och stadiga rambitar g\u00f6r pusslen enkla och roliga att l\u00e4gga. Larsen Maxi-pussel \u00e4r idealiska f\u00f6r yngre barn och hj\u00e4lper till att utveckla finmotorik och koncentration.<\/p>\n<p>Larsen tillverkar h\u00f6gkvalitativa pedagogiska pussel som \u00e4r utformade f\u00f6r att st\u00f6dja l\u00e4rande genom lek. Detta norska familjef\u00f6retag har varit verksamt sedan 1953, och alla pussel tillverkas i Norge. Sortimentet omfattar m\u00e5nga olika teman som djur, kartor, fordon, rymden och natur. Tydliga illustrationer och h\u00e5llbara bitar g\u00f6r Larsen-pussel till ett utm\u00e4rkt val f\u00f6r barn.<\/p>\n","protected":false},"excerpt":{"rendered":"<p>Larsen Maxi Djurpark 48 bitars pussel 36,5 x 28,5 cm visar ett f\u00e4rgglatt zoo med m\u00e5nga djur. Pedagogiskt pussel som st\u00f6djer observation och motorik.<\/p>\n","protected":false},"featured_media":0,"template":"","meta":{"content-type":"","_monsterinsights_skip_tracking":false,"_monsterinsights_sitenote_active":false,"_monsterinsights_sitenote_note":"","_monsterinsights_sitenote_category":0},"product_brand":[],"product_cat":[1520],"product_tag":[1235,932,845],"brand":[],"target-group":[],"discontinued":[],"class_list":{"0":"post-61518","1":"product","2":"type-product","3":"status-publish","5":"product_cat-barn-pussel","6":"product_tag-kombinera-sv","7":"product_tag-tidsfordriv","8":"product_tag-tillsammans","10":"first","11":"instock","12":"taxable","13":"shipping-taxable","14":"product-type-simple"},"aioseo_notices":[],"_links":{"self":[{"href":"https:\/\/games.tactic.net\/sv\/wp-json\/wp\/v2\/product\/61518","targetHints":{"allow":["GET"]}}],"collection":[{"href":"https:\/\/games.tactic.net\/sv\/wp-json\/wp\/v2\/product"}],"about":[{"href":"https:\/\/games.tactic.net\/sv\/wp-json\/wp\/v2\/types\/product"}],"wp:attachment":[{"href":"https:\/\/games.tactic.net\/sv\/wp-json\/wp\/v2\/media?parent=61518"}],"wp:term":[{"taxonomy":"product_brand","embeddable":true,"href":"https:\/\/games.tactic.net\/sv\/wp-json\/wp\/v2\/product_brand?post=61518"},{"taxonomy":"product_cat","embeddable":true,"href":"https:\/\/games.tactic.net\/sv\/wp-json\/wp\/v2\/product_cat?post=61518"},{"taxonomy":"product_tag","embeddable":true,"href":"https:\/\/games.tactic.net\/sv\/wp-json\/wp\/v2\/product_tag?post=61518"},{"taxonomy":"brand","embeddable":true,"href":"https:\/\/games.tactic.net\/sv\/wp-json\/wp\/v2\/brand?post=61518"},{"taxonomy":"target-group","embeddable":true,"href":"https:\/\/games.tactic.net\/sv\/wp-json\/wp\/v2\/target-group?post=61518"},{"taxonomy":"discontinued","embeddable":true,"href":"https:\/\/games.tactic.net\/sv\/wp-json\/wp\/v2\/discontinued?post=61518"}],"curies":[{"name":"wp","href":"https:\/\/api.w.org\/{rel}","templated":true}]}}