{"id":61517,"date":"2019-11-09T01:50:57","date_gmt":"2021-02-16T09:13:56","guid":{"rendered":"https:\/\/dev.tactic.net\/tuote\/larsen-arktis-2-maxi\/"},"modified":"2023-10-19T15:09:57","modified_gmt":"2023-10-19T12:09:57","slug":"larsen-arktis-2-maxi","status":"publish","type":"product","link":"https:\/\/games.tactic.net\/sv\/tuote\/larsen-arktis-2-maxi\/","title":{"rendered":"Larsen Maxi Arctic Ice 2 36 pcs pussel"},"content":{"rendered":"<p>Larsen Maxi Arktisk is 2. 36 bitar pussel 28,5 x 36,5 cm. Glaci\u00e4rer, igloor och sn\u00f6flingor t\u00e4cker denna lekfulla och tecknade arktiska scen. I detta roliga arktiska pussel \u00e4r havet fyllt med djur som fj\u00e4llhare, ren, m\u00e5sar, s\u00e4l, valross, fj\u00e4llr\u00e4v, narval, tv\u00e5 vitvalar, kn\u00f6lval, sn\u00f6uggla, sex isbj\u00f6rnar och en r\u00f6dfisk. Djuren njuter av att simma i havet medan isbj\u00f6rnarna samlar isblock f\u00f6r att bygga igloor. En isbj\u00f6rn paddlar kajak medan en annan \u00e5ker snowboard nerf\u00f6r berget. Pusslet best\u00e5r av 36 bitar som \u00e4r kreativt formade som en igloo, en s\u00e4l, en val, en ullm\u00f6ssa, en anka, en isbj\u00f6rn och en sn\u00f6gubbe. B\u00e5de yngre och \u00e4ldre barn kan ha gl\u00e4dje av detta pussel som hj\u00e4lper till att utveckla kognitiva och finmotoriska f\u00e4rdigheter.<\/p>\n<p>Larsen Maxi \u00e4r en h\u00f6gkvalitativ pusselserie f\u00f6r barn som kombinerar l\u00e4rande och lek. F\u00e4rgstarka illustrationer och stadiga rambitar g\u00f6r pusslen enkla och roliga att l\u00e4gga. Larsen Maxi-pussel \u00e4r idealiska f\u00f6r yngre barn och hj\u00e4lper till att utveckla finmotorik och koncentration.<\/p>\n<p>Larsen tillverkar h\u00f6gkvalitativa pedagogiska pussel som \u00e4r utformade f\u00f6r att st\u00f6dja l\u00e4rande genom lek. Detta norska familjef\u00f6retag har varit verksamt sedan 1953, och alla pussel tillverkas i Norge. Sortimentet omfattar m\u00e5nga olika teman som djur, kartor, fordon, rymden och natur. Tydliga illustrationer och h\u00e5llbara bitar g\u00f6r Larsen-pussel till ett utm\u00e4rkt val f\u00f6r barn.<\/p>\n","protected":false},"excerpt":{"rendered":"<p>Larsen Maxi Arktisk is 2. 36 bitars pussel 28,5 x 36,5 cm visar lekfulla arktiska djur som isbj\u00f6rnar och valar. Pedagogiskt pussel som st\u00f6djer l\u00e4rande och motoriska f\u00e4rdigheter.<\/p>\n","protected":false},"featured_media":0,"template":"","meta":{"content-type":"","_monsterinsights_skip_tracking":false,"_monsterinsights_sitenote_active":false,"_monsterinsights_sitenote_note":"","_monsterinsights_sitenote_category":0},"product_brand":[],"product_cat":[1520],"product_tag":[347,932,845],"brand":[],"target-group":[],"discontinued":[],"class_list":{"0":"post-61517","1":"product","2":"type-product","3":"status-publish","5":"product_cat-barn-pussel","6":"product_tag-kombinera","7":"product_tag-tidsfordriv","8":"product_tag-tillsammans","10":"first","11":"instock","12":"taxable","13":"shipping-taxable","14":"product-type-simple"},"aioseo_notices":[],"_links":{"self":[{"href":"https:\/\/games.tactic.net\/sv\/wp-json\/wp\/v2\/product\/61517","targetHints":{"allow":["GET"]}}],"collection":[{"href":"https:\/\/games.tactic.net\/sv\/wp-json\/wp\/v2\/product"}],"about":[{"href":"https:\/\/games.tactic.net\/sv\/wp-json\/wp\/v2\/types\/product"}],"wp:attachment":[{"href":"https:\/\/games.tactic.net\/sv\/wp-json\/wp\/v2\/media?parent=61517"}],"wp:term":[{"taxonomy":"product_brand","embeddable":true,"href":"https:\/\/games.tactic.net\/sv\/wp-json\/wp\/v2\/product_brand?post=61517"},{"taxonomy":"product_cat","embeddable":true,"href":"https:\/\/games.tactic.net\/sv\/wp-json\/wp\/v2\/product_cat?post=61517"},{"taxonomy":"product_tag","embeddable":true,"href":"https:\/\/games.tactic.net\/sv\/wp-json\/wp\/v2\/product_tag?post=61517"},{"taxonomy":"brand","embeddable":true,"href":"https:\/\/games.tactic.net\/sv\/wp-json\/wp\/v2\/brand?post=61517"},{"taxonomy":"target-group","embeddable":true,"href":"https:\/\/games.tactic.net\/sv\/wp-json\/wp\/v2\/target-group?post=61517"},{"taxonomy":"discontinued","embeddable":true,"href":"https:\/\/games.tactic.net\/sv\/wp-json\/wp\/v2\/discontinued?post=61517"}],"curies":[{"name":"wp","href":"https:\/\/api.w.org\/{rel}","templated":true}]}}