{"id":61516,"date":"2019-11-09T01:50:55","date_gmt":"2021-02-16T09:13:52","guid":{"rendered":"https:\/\/dev.tactic.net\/tuote\/larsen-brand-maxi\/"},"modified":"2023-10-19T15:31:05","modified_gmt":"2023-10-19T12:31:05","slug":"larsen-brand-maxi","status":"publish","type":"product","link":"https:\/\/games.tactic.net\/sv\/tuote\/larsen-brand-maxi\/","title":{"rendered":"Larsen Maxi Brand 45 pcs pussel"},"content":{"rendered":"<p>Larsen Maxi Brandk\u00e5r 45 bitar pussel 36,5 x 28,5 cm. Brandbilarna rycker snabbt ut med sirenerna tjutande f\u00f6r att sl\u00e4cka en stor brand i staden. Brandm\u00e4nnen arbetar tillsammans f\u00f6r att sl\u00e4cka l\u00e5gorna fr\u00e5n alla h\u00e5ll, medan en helikopter sv\u00e4var \u00f6ver byggnaden. Vatten sprutas genom slangar och r\u00e4ddningspersonal hj\u00e4lper m\u00e4nniskor i s\u00e4kerhet. <\/p>\n<p>Pusslet visar en sp\u00e4nnande r\u00e4ddningsinsats med m\u00e5nga detaljer och inneh\u00e5ller 45 bitar. Det passar lite \u00e4ldre barn och tr\u00e4nar b\u00e5de observationsf\u00f6rm\u00e5ga och intresse f\u00f6r verkliga h\u00e4ndelser.<\/p>\n<p>Larsen Maxi \u00e4r en h\u00f6gkvalitativ pusselserie f\u00f6r barn som kombinerar l\u00e4rande och lek. F\u00e4rgstarka illustrationer och stadiga rambitar g\u00f6r pusslen enkla och roliga att l\u00e4gga. Larsen Maxi-pussel \u00e4r idealiska f\u00f6r yngre barn och hj\u00e4lper till att utveckla finmotorik och koncentration.<\/p>\n<p>Larsen tillverkar h\u00f6gkvalitativa pedagogiska pussel som \u00e4r utformade f\u00f6r att st\u00f6dja l\u00e4rande genom lek. Detta norska familjef\u00f6retag har varit verksamt sedan 1953, och alla pussel tillverkas i Norge. Sortimentet omfattar m\u00e5nga olika teman som djur, kartor, fordon, rymden och natur. Tydliga illustrationer och h\u00e5llbara bitar g\u00f6r Larsen-pussel till ett utm\u00e4rkt val f\u00f6r barn.<\/p>\n","protected":false},"excerpt":{"rendered":"<p>Larsen Maxi Brandk\u00e5r 45 bitars pussel 36,5 x 28,5 cm visar brandm\u00e4n, fordon och r\u00e4ddningsinsatser. Engagerande barnpussel som utvecklar visuella f\u00e4rdigheter och intresse f\u00f6r verkliga situationer.<\/p>\n","protected":false},"featured_media":0,"template":"","meta":{"content-type":"","_monsterinsights_skip_tracking":false,"_monsterinsights_sitenote_active":false,"_monsterinsights_sitenote_note":"","_monsterinsights_sitenote_category":0},"product_brand":[],"product_cat":[1520],"product_tag":[1235,932,845],"brand":[],"target-group":[],"discontinued":[],"class_list":{"0":"post-61516","1":"product","2":"type-product","3":"status-publish","5":"product_cat-barn-pussel","6":"product_tag-kombinera-sv","7":"product_tag-tidsfordriv","8":"product_tag-tillsammans","10":"first","11":"instock","12":"taxable","13":"shipping-taxable","14":"product-type-simple"},"aioseo_notices":[],"_links":{"self":[{"href":"https:\/\/games.tactic.net\/sv\/wp-json\/wp\/v2\/product\/61516","targetHints":{"allow":["GET"]}}],"collection":[{"href":"https:\/\/games.tactic.net\/sv\/wp-json\/wp\/v2\/product"}],"about":[{"href":"https:\/\/games.tactic.net\/sv\/wp-json\/wp\/v2\/types\/product"}],"wp:attachment":[{"href":"https:\/\/games.tactic.net\/sv\/wp-json\/wp\/v2\/media?parent=61516"}],"wp:term":[{"taxonomy":"product_brand","embeddable":true,"href":"https:\/\/games.tactic.net\/sv\/wp-json\/wp\/v2\/product_brand?post=61516"},{"taxonomy":"product_cat","embeddable":true,"href":"https:\/\/games.tactic.net\/sv\/wp-json\/wp\/v2\/product_cat?post=61516"},{"taxonomy":"product_tag","embeddable":true,"href":"https:\/\/games.tactic.net\/sv\/wp-json\/wp\/v2\/product_tag?post=61516"},{"taxonomy":"brand","embeddable":true,"href":"https:\/\/games.tactic.net\/sv\/wp-json\/wp\/v2\/brand?post=61516"},{"taxonomy":"target-group","embeddable":true,"href":"https:\/\/games.tactic.net\/sv\/wp-json\/wp\/v2\/target-group?post=61516"},{"taxonomy":"discontinued","embeddable":true,"href":"https:\/\/games.tactic.net\/sv\/wp-json\/wp\/v2\/discontinued?post=61516"}],"curies":[{"name":"wp","href":"https:\/\/api.w.org\/{rel}","templated":true}]}}