{"id":61514,"date":"2019-11-09T01:50:51","date_gmt":"2021-02-16T09:13:45","guid":{"rendered":"https:\/\/dev.tactic.net\/tuote\/larsen-drakar-maxi\/"},"modified":"2023-10-19T15:28:46","modified_gmt":"2023-10-19T12:28:46","slug":"larsen-drakar-maxi","status":"publish","type":"product","link":"https:\/\/games.tactic.net\/sv\/tuote\/larsen-drakar-maxi\/","title":{"rendered":"Larsen Maxi Drakar 50 pcs pussel"},"content":{"rendered":"<p>Larsen Maxi Drakar 50 bitar pussel 28,5 x 36,5 cm. Detta mytiska pussel \u00e4r helt fantastiskt. Med eldsprutande drakar, riddare i skinande rustningar och en sagolik ber\u00e4ttelse f\u00e5r du en fantasifull upplevelse. Pusslet med 50 bitar visar sju eldsprutande drakar, tv\u00e5 riddare i full rustning, en prinsessa som v\u00e4ntar p\u00e5 att bli r\u00e4ddad, ett par p\u00e5 jakt efter skatter, ett lila slott i flera niv\u00e5er samt en skattkista fylld med \u00e4delstenar. Det \u00e4r midnatt och kaos har brutit ut i denna sagostad. Kan du hj\u00e4lpa riddaren Sean att r\u00e4dda prinsessan Pandora? N\u00e5gra av pusselbitarna \u00e4r formade som en krona, ett sp\u00f6ke, en varg, en drake, en fladdermus, en kruka, en f\u00e5gel och en hatt. Detta pussel passar b\u00e4st f\u00f6r \u00e4ldre barn som \u00e4r redo f\u00f6r en utmaning.<\/p>\n<p>Larsen Maxi \u00e4r en h\u00f6gkvalitativ pusselserie f\u00f6r barn som kombinerar l\u00e4rande och lek. F\u00e4rgstarka illustrationer och stadiga rambitar g\u00f6r pusslen enkla och roliga att l\u00e4gga. Larsen Maxi-pussel \u00e4r idealiska f\u00f6r yngre barn och hj\u00e4lper till att utveckla finmotorik och koncentration.<\/p>\n<p>Larsen tillverkar h\u00f6gkvalitativa pedagogiska pussel som \u00e4r utformade f\u00f6r att st\u00f6dja l\u00e4rande genom lek. Detta norska familjef\u00f6retag har varit verksamt sedan 1953, och alla pussel tillverkas i Norge. Sortimentet omfattar m\u00e5nga olika teman som djur, kartor, fordon, rymden och natur. Tydliga illustrationer och h\u00e5llbara bitar g\u00f6r Larsen-pussel till ett utm\u00e4rkt val f\u00f6r barn.<\/p>\n","protected":false},"excerpt":{"rendered":"<p>Larsen Maxi Drakar 50 bitars pussel 28,5 x 36,5 cm visar fantasydrakar och riddare. Barnpussel som st\u00f6djer fantasi och ber\u00e4ttande.<\/p>\n","protected":false},"featured_media":0,"template":"","meta":{"content-type":"","_monsterinsights_skip_tracking":false,"_monsterinsights_sitenote_active":false,"_monsterinsights_sitenote_note":"","_monsterinsights_sitenote_category":0},"product_brand":[],"product_cat":[1520],"product_tag":[1235,932,845],"brand":[],"target-group":[],"discontinued":[],"class_list":{"0":"post-61514","1":"product","2":"type-product","3":"status-publish","5":"product_cat-barn-pussel","6":"product_tag-kombinera-sv","7":"product_tag-tidsfordriv","8":"product_tag-tillsammans","10":"first","11":"instock","12":"taxable","13":"shipping-taxable","14":"product-type-simple"},"aioseo_notices":[],"_links":{"self":[{"href":"https:\/\/games.tactic.net\/sv\/wp-json\/wp\/v2\/product\/61514","targetHints":{"allow":["GET"]}}],"collection":[{"href":"https:\/\/games.tactic.net\/sv\/wp-json\/wp\/v2\/product"}],"about":[{"href":"https:\/\/games.tactic.net\/sv\/wp-json\/wp\/v2\/types\/product"}],"wp:attachment":[{"href":"https:\/\/games.tactic.net\/sv\/wp-json\/wp\/v2\/media?parent=61514"}],"wp:term":[{"taxonomy":"product_brand","embeddable":true,"href":"https:\/\/games.tactic.net\/sv\/wp-json\/wp\/v2\/product_brand?post=61514"},{"taxonomy":"product_cat","embeddable":true,"href":"https:\/\/games.tactic.net\/sv\/wp-json\/wp\/v2\/product_cat?post=61514"},{"taxonomy":"product_tag","embeddable":true,"href":"https:\/\/games.tactic.net\/sv\/wp-json\/wp\/v2\/product_tag?post=61514"},{"taxonomy":"brand","embeddable":true,"href":"https:\/\/games.tactic.net\/sv\/wp-json\/wp\/v2\/brand?post=61514"},{"taxonomy":"target-group","embeddable":true,"href":"https:\/\/games.tactic.net\/sv\/wp-json\/wp\/v2\/target-group?post=61514"},{"taxonomy":"discontinued","embeddable":true,"href":"https:\/\/games.tactic.net\/sv\/wp-json\/wp\/v2\/discontinued?post=61514"}],"curies":[{"name":"wp","href":"https:\/\/api.w.org\/{rel}","templated":true}]}}