{"id":61513,"date":"2019-11-09T01:50:48","date_gmt":"2021-02-16T09:13:41","guid":{"rendered":"https:\/\/dev.tactic.net\/tuote\/larsen-safari-maxi\/"},"modified":"2023-10-19T16:26:30","modified_gmt":"2023-10-19T13:26:30","slug":"larsen-safari-maxi","status":"publish","type":"product","link":"https:\/\/games.tactic.net\/sv\/tuote\/larsen-safari-maxi\/","title":{"rendered":"Larsen Maxi Safari 18 pcs pussel"},"content":{"rendered":"<p>Larsen Maxi Safari 18 bitar pussel 28,5 x 36,5 cm. Savannen breder ut sig framf\u00f6r dig i detta natursk\u00f6na pussel som passar b\u00e4st f\u00f6r sm\u00e5 h\u00e4nder eftersom det best\u00e5r av 18 st\u00f6rre bitar. Detta afrikanska safaripussel visar en elefant, tv\u00e5 giraffer, ett lejon, en pelikan, en f\u00e5gel, tv\u00e5 geparder, en flodh\u00e4st, en zebra, en brun tjur, ett r\u00e5djur och en vackert rosa flamingo. Medan flodh\u00e4sten simmar i en svalkande vattenp\u00f6l kan landdjuren njuta av den heta solen. Den engagerande och tecknade illustrationen riktar sig till yngre barn f\u00f6r att hj\u00e4lpa dem att l\u00e4ra sig om djur. N\u00e5gra av pusselbitarna \u00e4r noggrant tillverkade och utskurna i form av en fisk, en ananas, ett p\u00e4ron, en f\u00e5gel och ett lejon. Kan du gissa vilka andra former pusselbitarna har?<\/p>\n<p>Larsen Maxi \u00e4r en h\u00f6gkvalitativ pusselserie f\u00f6r barn som kombinerar l\u00e4rande och lek. F\u00e4rgstarka illustrationer och stadiga rambitar g\u00f6r pusslen enkla och roliga att l\u00e4gga. Larsen Maxi-pussel \u00e4r idealiska f\u00f6r yngre barn och hj\u00e4lper till att utveckla finmotorik och koncentration.<\/p>\n<p>Larsen tillverkar h\u00f6gkvalitativa pedagogiska pussel som \u00e4r utformade f\u00f6r att st\u00f6dja l\u00e4rande genom lek. Detta norska familjef\u00f6retag har varit verksamt sedan 1953, och alla pussel tillverkas i Norge. Sortimentet omfattar m\u00e5nga olika teman som djur, kartor, fordon, rymden och natur. Tydliga illustrationer och h\u00e5llbara bitar g\u00f6r Larsen-pussel till ett utm\u00e4rkt val f\u00f6r barn.<\/p>\n","protected":false},"excerpt":{"rendered":"<p>Larsen Maxi Safari 18 bitars pussel 28,5 x 36,5 cm visar afrikanska safaridjur som elefant och lejon. Barnpussel som st\u00f6djer l\u00e4rande och motorik.<\/p>\n","protected":false},"featured_media":0,"template":"","meta":{"content-type":"","_monsterinsights_skip_tracking":false,"_monsterinsights_sitenote_active":false,"_monsterinsights_sitenote_note":"","_monsterinsights_sitenote_category":0},"product_brand":[],"product_cat":[1520],"product_tag":[1235,932,845],"brand":[],"target-group":[],"discontinued":[],"class_list":{"0":"post-61513","1":"product","2":"type-product","3":"status-publish","5":"product_cat-barn-pussel","6":"product_tag-kombinera-sv","7":"product_tag-tidsfordriv","8":"product_tag-tillsammans","10":"first","11":"instock","12":"taxable","13":"shipping-taxable","14":"product-type-simple"},"aioseo_notices":[],"_links":{"self":[{"href":"https:\/\/games.tactic.net\/sv\/wp-json\/wp\/v2\/product\/61513","targetHints":{"allow":["GET"]}}],"collection":[{"href":"https:\/\/games.tactic.net\/sv\/wp-json\/wp\/v2\/product"}],"about":[{"href":"https:\/\/games.tactic.net\/sv\/wp-json\/wp\/v2\/types\/product"}],"wp:attachment":[{"href":"https:\/\/games.tactic.net\/sv\/wp-json\/wp\/v2\/media?parent=61513"}],"wp:term":[{"taxonomy":"product_brand","embeddable":true,"href":"https:\/\/games.tactic.net\/sv\/wp-json\/wp\/v2\/product_brand?post=61513"},{"taxonomy":"product_cat","embeddable":true,"href":"https:\/\/games.tactic.net\/sv\/wp-json\/wp\/v2\/product_cat?post=61513"},{"taxonomy":"product_tag","embeddable":true,"href":"https:\/\/games.tactic.net\/sv\/wp-json\/wp\/v2\/product_tag?post=61513"},{"taxonomy":"brand","embeddable":true,"href":"https:\/\/games.tactic.net\/sv\/wp-json\/wp\/v2\/brand?post=61513"},{"taxonomy":"target-group","embeddable":true,"href":"https:\/\/games.tactic.net\/sv\/wp-json\/wp\/v2\/target-group?post=61513"},{"taxonomy":"discontinued","embeddable":true,"href":"https:\/\/games.tactic.net\/sv\/wp-json\/wp\/v2\/discontinued?post=61513"}],"curies":[{"name":"wp","href":"https:\/\/api.w.org\/{rel}","templated":true}]}}