{"id":61509,"date":"2019-11-09T01:50:39","date_gmt":"2021-02-16T09:13:27","guid":{"rendered":"https:\/\/dev.tactic.net\/tuote\/larsen-prinsessor-2-maxi\/"},"modified":"2023-10-19T16:23:39","modified_gmt":"2023-10-19T13:23:39","slug":"larsen-prinsessor-2-maxi","status":"publish","type":"product","link":"https:\/\/games.tactic.net\/sv\/tuote\/larsen-prinsessor-2-maxi\/","title":{"rendered":"Larsen Maxi Prinsessor 2 24 pcs pussel"},"content":{"rendered":"<p>Larsen Maxi Prinsessor 2. 24 bitar pussel 36,5 x 28,5 cm. Ett sagolikt pussel med prinsessor, slott och magi. Tre prinsessor g\u00e5r nerf\u00f6r trappan fr\u00e5n ett vackert slott efter en festlig kv\u00e4ll. En h\u00e4stvagn v\u00e4ntar, medan stj\u00e4rnorna lyser p\u00e5 natthimlen. Flera av bitarna \u00e4r formade som till exempel kl\u00e4nningar och hj\u00e4rtan, vilket g\u00f6r pusslet extra sp\u00e4nnande. Med 24 bitar \u00e4r det perfekt f\u00f6r yngre barn och stimulerar fantasi och ber\u00e4ttargl\u00e4dje.<\/p>\n<p>Larsen Maxi \u00e4r en h\u00f6gkvalitativ pusselserie f\u00f6r barn som kombinerar l\u00e4rande och lek. F\u00e4rgstarka illustrationer och stadiga rambitar g\u00f6r pusslen enkla och roliga att l\u00e4gga. Larsen Maxi-pussel \u00e4r idealiska f\u00f6r yngre barn och hj\u00e4lper till att utveckla finmotorik och koncentration.<\/p>\n<p>Larsen tillverkar h\u00f6gkvalitativa pedagogiska pussel som \u00e4r utformade f\u00f6r att st\u00f6dja l\u00e4rande genom lek. Detta norska familjef\u00f6retag har varit verksamt sedan 1953, och alla pussel tillverkas i Norge. Sortimentet omfattar m\u00e5nga olika teman som djur, kartor, fordon, rymden och natur. Tydliga illustrationer och h\u00e5llbara bitar g\u00f6r Larsen-pussel till ett utm\u00e4rkt val f\u00f6r barn.<\/p>\n","protected":false},"excerpt":{"rendered":"<p>Larsen Maxi Prinsessor 24 bitars pussel 36,5 x 28,5 cm visar en magisk prinsessv\u00e4rld. Fantasypussel som st\u00f6djer fantasi och ber\u00e4ttande.<\/p>\n","protected":false},"featured_media":0,"template":"","meta":{"content-type":"","_monsterinsights_skip_tracking":false,"_monsterinsights_sitenote_active":false,"_monsterinsights_sitenote_note":"","_monsterinsights_sitenote_category":0},"product_brand":[],"product_cat":[1520],"product_tag":[1235,932,845],"brand":[],"target-group":[],"discontinued":[],"class_list":{"0":"post-61509","1":"product","2":"type-product","3":"status-publish","5":"product_cat-barn-pussel","6":"product_tag-kombinera-sv","7":"product_tag-tidsfordriv","8":"product_tag-tillsammans","10":"first","11":"outofstock","12":"taxable","13":"shipping-taxable","14":"product-type-simple"},"aioseo_notices":[],"_links":{"self":[{"href":"https:\/\/games.tactic.net\/sv\/wp-json\/wp\/v2\/product\/61509","targetHints":{"allow":["GET"]}}],"collection":[{"href":"https:\/\/games.tactic.net\/sv\/wp-json\/wp\/v2\/product"}],"about":[{"href":"https:\/\/games.tactic.net\/sv\/wp-json\/wp\/v2\/types\/product"}],"wp:attachment":[{"href":"https:\/\/games.tactic.net\/sv\/wp-json\/wp\/v2\/media?parent=61509"}],"wp:term":[{"taxonomy":"product_brand","embeddable":true,"href":"https:\/\/games.tactic.net\/sv\/wp-json\/wp\/v2\/product_brand?post=61509"},{"taxonomy":"product_cat","embeddable":true,"href":"https:\/\/games.tactic.net\/sv\/wp-json\/wp\/v2\/product_cat?post=61509"},{"taxonomy":"product_tag","embeddable":true,"href":"https:\/\/games.tactic.net\/sv\/wp-json\/wp\/v2\/product_tag?post=61509"},{"taxonomy":"brand","embeddable":true,"href":"https:\/\/games.tactic.net\/sv\/wp-json\/wp\/v2\/brand?post=61509"},{"taxonomy":"target-group","embeddable":true,"href":"https:\/\/games.tactic.net\/sv\/wp-json\/wp\/v2\/target-group?post=61509"},{"taxonomy":"discontinued","embeddable":true,"href":"https:\/\/games.tactic.net\/sv\/wp-json\/wp\/v2\/discontinued?post=61509"}],"curies":[{"name":"wp","href":"https:\/\/api.w.org\/{rel}","templated":true}]}}