{"id":61453,"date":"2019-11-09T01:47:59","date_gmt":"2021-02-16T09:12:42","guid":{"rendered":"https:\/\/dev.tactic.net\/tuote\/larsen-kaniner-2x1-midi\/"},"modified":"2023-10-19T15:46:46","modified_gmt":"2023-10-19T12:46:46","slug":"larsen-kaniner-2x1-midi","status":"publish","type":"product","link":"https:\/\/games.tactic.net\/sv\/tuote\/larsen-kaniner-2x1-midi\/","title":{"rendered":"Larsen Midi Kaniner 8 pcs pussel"},"content":{"rendered":"<p>Larsen Midi Kaniner 8 bitar pussel 28,5 x 18,3 cm. 2 olika motiv. Vart och ett av de tv\u00e5 pusslen har 8 bitar. N\u00e5gra av bitarna har formen av kaniner eller en mus.<\/p>\n<p>Larsen Midi \u00e4r en h\u00f6gkvalitativ pusselserie f\u00f6r barn som kombinerar l\u00e4rande och lek. F\u00e4rgstarka illustrationer och stadiga rambitar g\u00f6r pusslen enkla och roliga att l\u00e4gga. Larsen Midi-pussel \u00e4r idealiska f\u00f6r yngre barn och hj\u00e4lper till att utveckla finmotorik och koncentration.<\/p>\n<p>Larsen tillverkar h\u00f6gkvalitativa pedagogiska pussel som \u00e4r utformade f\u00f6r att st\u00f6dja l\u00e4rande genom lek. Detta norska familjef\u00f6retag har varit verksamt sedan 1953, och alla pussel tillverkas i Norge. Sortimentet omfattar m\u00e5nga olika teman som djur, kartor, fordon, rymden och natur. Tydliga illustrationer och h\u00e5llbara bitar g\u00f6r Larsen-pussel till ett utm\u00e4rkt val f\u00f6r barn.<\/p>\n","protected":false},"excerpt":{"rendered":"<p>Larsen Midi Kaniner 8 bitars pussel 28,5 x 18,3 cm, levereras med 2 olika motiv. Tyv\u00e4rr g\u00e5r det inte att v\u00e4lja motiv vid k\u00f6p. Gulligt djurpussel som st\u00f6djer tidigt l\u00e4rande.<\/p>\n","protected":false},"featured_media":0,"template":"","meta":{"content-type":"","_monsterinsights_skip_tracking":false,"_monsterinsights_sitenote_active":false,"_monsterinsights_sitenote_note":"","_monsterinsights_sitenote_category":0},"product_brand":[],"product_cat":[1520],"product_tag":[1235,932,845],"brand":[],"target-group":[],"discontinued":[],"class_list":{"0":"post-61453","1":"product","2":"type-product","3":"status-publish","5":"product_cat-barn-pussel","6":"product_tag-kombinera-sv","7":"product_tag-tidsfordriv","8":"product_tag-tillsammans","10":"first","11":"instock","12":"taxable","13":"shipping-taxable","14":"product-type-simple"},"aioseo_notices":[],"_links":{"self":[{"href":"https:\/\/games.tactic.net\/sv\/wp-json\/wp\/v2\/product\/61453","targetHints":{"allow":["GET"]}}],"collection":[{"href":"https:\/\/games.tactic.net\/sv\/wp-json\/wp\/v2\/product"}],"about":[{"href":"https:\/\/games.tactic.net\/sv\/wp-json\/wp\/v2\/types\/product"}],"wp:attachment":[{"href":"https:\/\/games.tactic.net\/sv\/wp-json\/wp\/v2\/media?parent=61453"}],"wp:term":[{"taxonomy":"product_brand","embeddable":true,"href":"https:\/\/games.tactic.net\/sv\/wp-json\/wp\/v2\/product_brand?post=61453"},{"taxonomy":"product_cat","embeddable":true,"href":"https:\/\/games.tactic.net\/sv\/wp-json\/wp\/v2\/product_cat?post=61453"},{"taxonomy":"product_tag","embeddable":true,"href":"https:\/\/games.tactic.net\/sv\/wp-json\/wp\/v2\/product_tag?post=61453"},{"taxonomy":"brand","embeddable":true,"href":"https:\/\/games.tactic.net\/sv\/wp-json\/wp\/v2\/brand?post=61453"},{"taxonomy":"target-group","embeddable":true,"href":"https:\/\/games.tactic.net\/sv\/wp-json\/wp\/v2\/target-group?post=61453"},{"taxonomy":"discontinued","embeddable":true,"href":"https:\/\/games.tactic.net\/sv\/wp-json\/wp\/v2\/discontinued?post=61453"}],"curies":[{"name":"wp","href":"https:\/\/api.w.org\/{rel}","templated":true}]}}