{"id":61450,"date":"2019-11-09T01:50:04","date_gmt":"2021-02-16T09:12:31","guid":{"rendered":"https:\/\/dev.tactic.net\/tuote\/larsen-dinosaurier-kritaperiod-maxi\/"},"modified":"2023-10-19T15:26:14","modified_gmt":"2023-10-19T12:26:14","slug":"larsen-dinosaurier-kritaperiod-maxi","status":"publish","type":"product","link":"https:\/\/games.tactic.net\/sv\/tuote\/larsen-dinosaurier-kritaperiod-maxi\/","title":{"rendered":"Larsen Maxi Dinosaurier, kritaperiod 57 pcs pussel"},"content":{"rendered":"<p>Larsen Maxi Dinosaurier fr\u00e5n kritaperioden 57 bitar pussel 36,5 x 28,5 cm. Terry Tyrannosaurus Rex skakar om byn och fyller landet med skr\u00e4ck. Den h\u00e4r arga T-Rexen letar efter lunch, men vad kommer den att hitta? Kommer den att sl\u00e5 sig ihop med Pliosaurus och \u00e4ta n\u00e5gra sm\u00e5 fj\u00e4lliga fiskar, eller blir de skr\u00e4mda v\u00e4xt\u00e4tarna n\u00e4sta m\u00e5ltid? Medan Triceratops nerv\u00f6st backar undan, kan du gissa vad som kan ha f\u00e5ngat Iguanodons uppm\u00e4rksamhet? Detta kreativa pussel best\u00e5r av 57 noggrant tillverkade bitar. N\u00e5gra av pusselbitarna \u00e4r medvetet formade som ett kohuvud, en hare, en tupp, en fisk och en fladdermus. De tematiska bitarna uppmuntrar formigenk\u00e4nning och spelar en viktig roll f\u00f6r hand-\u00f6ga-koordinationen. Med strax under 60 bitar \u00e4r detta pussel riktat till lite \u00e4ldre barn.<\/p>\n<p>Larsen Maxi \u00e4r en h\u00f6gkvalitativ pusselserie f\u00f6r barn som kombinerar l\u00e4rande och lek. F\u00e4rgstarka illustrationer och stadiga rambitar g\u00f6r pusslen enkla och roliga att l\u00e4gga. Larsen Maxi-pussel \u00e4r idealiska f\u00f6r yngre barn och hj\u00e4lper till att utveckla finmotorik och koncentration.<\/p>\n<p>Larsen tillverkar h\u00f6gkvalitativa pedagogiska pussel som \u00e4r utformade f\u00f6r att st\u00f6dja l\u00e4rande genom lek. Detta norska familjef\u00f6retag har varit verksamt sedan 1953, och alla pussel tillverkas i Norge. Sortimentet omfattar m\u00e5nga olika teman som djur, kartor, fordon, rymden och natur. Tydliga illustrationer och h\u00e5llbara bitar g\u00f6r Larsen-pussel till ett utm\u00e4rkt val f\u00f6r barn.<\/p>\n","protected":false},"excerpt":{"rendered":"<p>Larsen Maxi Dinosaurier fr\u00e5n kritaperioden 57 bitars pussel 36,5 x 28,5 cm visar dinosaurier som T-Rex. Pedagogiskt pussel som st\u00f6djer l\u00e4rande och motoriska f\u00e4rdigheter.<\/p>\n","protected":false},"featured_media":0,"template":"","meta":{"content-type":"","_monsterinsights_skip_tracking":false,"_monsterinsights_sitenote_active":false,"_monsterinsights_sitenote_note":"","_monsterinsights_sitenote_category":0},"product_brand":[],"product_cat":[1520],"product_tag":[1235,932,845],"brand":[],"target-group":[],"discontinued":[],"class_list":{"0":"post-61450","1":"product","2":"type-product","3":"status-publish","5":"product_cat-barn-pussel","6":"product_tag-kombinera-sv","7":"product_tag-tidsfordriv","8":"product_tag-tillsammans","10":"first","11":"instock","12":"taxable","13":"shipping-taxable","14":"product-type-simple"},"aioseo_notices":[],"_links":{"self":[{"href":"https:\/\/games.tactic.net\/sv\/wp-json\/wp\/v2\/product\/61450","targetHints":{"allow":["GET"]}}],"collection":[{"href":"https:\/\/games.tactic.net\/sv\/wp-json\/wp\/v2\/product"}],"about":[{"href":"https:\/\/games.tactic.net\/sv\/wp-json\/wp\/v2\/types\/product"}],"wp:attachment":[{"href":"https:\/\/games.tactic.net\/sv\/wp-json\/wp\/v2\/media?parent=61450"}],"wp:term":[{"taxonomy":"product_brand","embeddable":true,"href":"https:\/\/games.tactic.net\/sv\/wp-json\/wp\/v2\/product_brand?post=61450"},{"taxonomy":"product_cat","embeddable":true,"href":"https:\/\/games.tactic.net\/sv\/wp-json\/wp\/v2\/product_cat?post=61450"},{"taxonomy":"product_tag","embeddable":true,"href":"https:\/\/games.tactic.net\/sv\/wp-json\/wp\/v2\/product_tag?post=61450"},{"taxonomy":"brand","embeddable":true,"href":"https:\/\/games.tactic.net\/sv\/wp-json\/wp\/v2\/brand?post=61450"},{"taxonomy":"target-group","embeddable":true,"href":"https:\/\/games.tactic.net\/sv\/wp-json\/wp\/v2\/target-group?post=61450"},{"taxonomy":"discontinued","embeddable":true,"href":"https:\/\/games.tactic.net\/sv\/wp-json\/wp\/v2\/discontinued?post=61450"}],"curies":[{"name":"wp","href":"https:\/\/api.w.org\/{rel}","templated":true}]}}