{"id":61397,"date":"2019-11-09T01:49:26","date_gmt":"2021-02-16T09:12:00","guid":{"rendered":"https:\/\/dev.tactic.net\/tuote\/larsen-norden-och-baltikum-karta-maxi\/"},"modified":"2023-10-19T16:30:28","modified_gmt":"2023-10-19T13:30:28","slug":"larsen-norden-och-baltikum-karta-maxi","status":"publish","type":"product","link":"https:\/\/games.tactic.net\/sv\/tuote\/larsen-norden-och-baltikum-karta-maxi\/","title":{"rendered":"Larsen Maxi Norden och Baltikum Karta 75 pcs pussel"},"content":{"rendered":"<p>Larsen Maxi Norden 75 bitar pussel 28,5 x 36,5 cm. Detta politiska kartpussel \u00f6ver Norden och Baltikum visar de 8 europeiska l\u00e4nder som samarbetar informellt. L\u00e4nderna Danmark, Finland, Sverige, Norge, Island, Estland, Lettland och Litauen \u00e4r sammanl\u00e4nkade genom historiska, politiska och kulturella band. I \u00f6vre v\u00e4nstra h\u00f6rnet finns de 8 flaggorna. L\u00e4ngs h\u00f6gra sidan finns 8 riksvapen och en kompass i mitten. Namn p\u00e5 h\u00f6gsta bergstoppar och h\u00f6jder \u00e4r tydligt markerade, liksom st\u00e4der, floder, sj\u00f6ar, bergskedjor, dalar, glaci\u00e4rer och \u00f6ar. Pusslet best\u00e5r av 75 bitar som \u00e4r skurna l\u00e4ngs gr\u00e4nser och kustlinjer och passar b\u00e4st f\u00f6r \u00e4ldre barn med intresse f\u00f6r Europa.<\/p>\n<p>Larsen Maxi \u00e4r en h\u00f6gkvalitativ pusselserie f\u00f6r barn som kombinerar l\u00e4rande och lek. F\u00e4rgstarka illustrationer och stadiga rambitar g\u00f6r pusslen enkla och roliga att l\u00e4gga. Larsen Maxi-pussel \u00e4r idealiska f\u00f6r yngre barn och hj\u00e4lper till att utveckla finmotorik och koncentration.<\/p>\n<p>Larsen tillverkar h\u00f6gkvalitativa pedagogiska pussel som \u00e4r utformade f\u00f6r att st\u00f6dja l\u00e4rande genom lek. Detta norska familjef\u00f6retag har varit verksamt sedan 1953, och alla pussel tillverkas i Norge. Sortimentet omfattar m\u00e5nga olika teman som djur, kartor, fordon, rymden och natur. Tydliga illustrationer och h\u00e5llbara bitar g\u00f6r Larsen-pussel till ett utm\u00e4rkt val f\u00f6r barn.<\/p>\n","protected":false},"excerpt":{"rendered":"<p>Larsen Maxi Norden 75 bitars pussel 28,5 x 36,5 cm visar karta \u00f6ver nordiska och baltiska l\u00e4nder. Pedagogiskt pussel som st\u00f6djer geografikunskap.<\/p>\n","protected":false},"featured_media":0,"template":"","meta":{"content-type":"","_monsterinsights_skip_tracking":false,"_monsterinsights_sitenote_active":false,"_monsterinsights_sitenote_note":"","_monsterinsights_sitenote_category":0},"product_brand":[],"product_cat":[1520],"product_tag":[1235,932,845],"brand":[],"target-group":[],"discontinued":[],"class_list":{"0":"post-61397","1":"product","2":"type-product","3":"status-publish","5":"product_cat-barn-pussel","6":"product_tag-kombinera-sv","7":"product_tag-tidsfordriv","8":"product_tag-tillsammans","10":"first","11":"instock","12":"taxable","13":"shipping-taxable","14":"product-type-simple"},"aioseo_notices":[],"_links":{"self":[{"href":"https:\/\/games.tactic.net\/sv\/wp-json\/wp\/v2\/product\/61397","targetHints":{"allow":["GET"]}}],"collection":[{"href":"https:\/\/games.tactic.net\/sv\/wp-json\/wp\/v2\/product"}],"about":[{"href":"https:\/\/games.tactic.net\/sv\/wp-json\/wp\/v2\/types\/product"}],"wp:attachment":[{"href":"https:\/\/games.tactic.net\/sv\/wp-json\/wp\/v2\/media?parent=61397"}],"wp:term":[{"taxonomy":"product_brand","embeddable":true,"href":"https:\/\/games.tactic.net\/sv\/wp-json\/wp\/v2\/product_brand?post=61397"},{"taxonomy":"product_cat","embeddable":true,"href":"https:\/\/games.tactic.net\/sv\/wp-json\/wp\/v2\/product_cat?post=61397"},{"taxonomy":"product_tag","embeddable":true,"href":"https:\/\/games.tactic.net\/sv\/wp-json\/wp\/v2\/product_tag?post=61397"},{"taxonomy":"brand","embeddable":true,"href":"https:\/\/games.tactic.net\/sv\/wp-json\/wp\/v2\/brand?post=61397"},{"taxonomy":"target-group","embeddable":true,"href":"https:\/\/games.tactic.net\/sv\/wp-json\/wp\/v2\/target-group?post=61397"},{"taxonomy":"discontinued","embeddable":true,"href":"https:\/\/games.tactic.net\/sv\/wp-json\/wp\/v2\/discontinued?post=61397"}],"curies":[{"name":"wp","href":"https:\/\/api.w.org\/{rel}","templated":true}]}}