{"id":61396,"date":"2019-11-09T01:48:58","date_gmt":"2021-02-16T09:11:57","guid":{"rendered":"https:\/\/dev.tactic.net\/tuote\/larsen-afrikanska-savannen-maxi\/"},"modified":"2023-10-19T15:07:55","modified_gmt":"2023-10-19T12:07:55","slug":"larsen-afrikanska-savannen-maxi","status":"publish","type":"product","link":"https:\/\/games.tactic.net\/sv\/tuote\/larsen-afrikanska-savannen-maxi\/","title":{"rendered":"Larsen Maxi Afrikanska Savannen 65 pcs pussel"},"content":{"rendered":"<p>Larsen Maxi Afrikansk savann 65 bitar pussel 36,5 x 28,5 cm. Vattenh\u00e5let p\u00e5 den afrikanska savannen \u00e4r alltid en sp\u00e4nnande och popul\u00e4r plats f\u00f6r m\u00e5nga olika djurarter att bes\u00f6ka. Elefanter dyker alltid upp och njuter av att plaska i vattnet. Bufflar, antiloper och zebror kommer ocks\u00e5 till vattnet f\u00f6r att dricka under den varma delen av dagen. Kan du hitta lejonungarna som har kommit f\u00f6r att leka? \u00c4ven en eller tv\u00e5 nosh\u00f6rningar uppskattar de gr\u00f6na v\u00e4xter som vattnet ger. Hur m\u00e5nga giraffer betar l\u00e5ngt bort fr\u00e5n vattenkanten? Med 65 specialgjorda bitar \u00e4r detta pussel perfekt f\u00f6r lite \u00e4ldre barn som \u00e4lskar djur. F\u00e5geln i nedre v\u00e4nstra h\u00f6rnet \u00e4r en r\u00f6dn\u00e4bbad v\u00e4vare.<\/p>\n<p>Larsen Maxi \u00e4r en h\u00f6gkvalitativ pusselserie f\u00f6r barn som kombinerar l\u00e4rande och lek. F\u00e4rgstarka illustrationer och stadiga rambitar g\u00f6r pusslen enkla och roliga att l\u00e4gga. Larsen Maxi-pussel \u00e4r idealiska f\u00f6r yngre barn och hj\u00e4lper till att utveckla finmotorik och koncentration.<\/p>\n<p>Larsen tillverkar h\u00f6gkvalitativa pedagogiska pussel som \u00e4r utformade f\u00f6r att st\u00f6dja l\u00e4rande genom lek. Detta norska familjef\u00f6retag har varit verksamt sedan 1953, och alla pussel tillverkas i Norge. Sortimentet omfattar m\u00e5nga olika teman som djur, kartor, fordon, rymden och natur. Tydliga illustrationer och h\u00e5llbara bitar g\u00f6r Larsen-pussel till ett utm\u00e4rkt val f\u00f6r barn.<\/p>\n","protected":false},"excerpt":{"rendered":"<p>Larsen Maxi Afrikansk savann 65 bitars pussel 36,5 x 28,5 cm visar safaridjur som elefant, giraff och lejon. Pedagogiskt pussel som st\u00f6djer naturkunskap.<\/p>\n","protected":false},"featured_media":0,"template":"","meta":{"content-type":"","_monsterinsights_skip_tracking":false,"_monsterinsights_sitenote_active":false,"_monsterinsights_sitenote_note":"","_monsterinsights_sitenote_category":0},"product_brand":[],"product_cat":[1520],"product_tag":[1235,932,845],"brand":[],"target-group":[],"discontinued":[],"class_list":{"0":"post-61396","1":"product","2":"type-product","3":"status-publish","5":"product_cat-barn-pussel","6":"product_tag-kombinera-sv","7":"product_tag-tidsfordriv","8":"product_tag-tillsammans","10":"first","11":"instock","12":"taxable","13":"shipping-taxable","14":"product-type-simple"},"aioseo_notices":[],"_links":{"self":[{"href":"https:\/\/games.tactic.net\/sv\/wp-json\/wp\/v2\/product\/61396","targetHints":{"allow":["GET"]}}],"collection":[{"href":"https:\/\/games.tactic.net\/sv\/wp-json\/wp\/v2\/product"}],"about":[{"href":"https:\/\/games.tactic.net\/sv\/wp-json\/wp\/v2\/types\/product"}],"wp:attachment":[{"href":"https:\/\/games.tactic.net\/sv\/wp-json\/wp\/v2\/media?parent=61396"}],"wp:term":[{"taxonomy":"product_brand","embeddable":true,"href":"https:\/\/games.tactic.net\/sv\/wp-json\/wp\/v2\/product_brand?post=61396"},{"taxonomy":"product_cat","embeddable":true,"href":"https:\/\/games.tactic.net\/sv\/wp-json\/wp\/v2\/product_cat?post=61396"},{"taxonomy":"product_tag","embeddable":true,"href":"https:\/\/games.tactic.net\/sv\/wp-json\/wp\/v2\/product_tag?post=61396"},{"taxonomy":"brand","embeddable":true,"href":"https:\/\/games.tactic.net\/sv\/wp-json\/wp\/v2\/brand?post=61396"},{"taxonomy":"target-group","embeddable":true,"href":"https:\/\/games.tactic.net\/sv\/wp-json\/wp\/v2\/target-group?post=61396"},{"taxonomy":"discontinued","embeddable":true,"href":"https:\/\/games.tactic.net\/sv\/wp-json\/wp\/v2\/discontinued?post=61396"}],"curies":[{"name":"wp","href":"https:\/\/api.w.org\/{rel}","templated":true}]}}