{"id":61395,"date":"2019-11-09T01:48:47","date_gmt":"2021-02-16T09:11:54","guid":{"rendered":"https:\/\/dev.tactic.net\/tuote\/larsen-djurarter-i-norr-maxi\/"},"modified":"2023-10-19T16:19:41","modified_gmt":"2023-10-19T13:19:41","slug":"larsen-djurarter-i-norr-maxi","status":"publish","type":"product","link":"https:\/\/games.tactic.net\/sv\/tuote\/larsen-djurarter-i-norr-maxi\/","title":{"rendered":"Larsen Maxi Djurarter i norr 54 pcs pussel"},"content":{"rendered":"<p>Larsen Maxi Nordisk skog 54 bitar pussel 36,5 x 28,5 cm. Detta pussel visar nordisk vintervildmark n\u00e4r den \u00e4r som b\u00e4st. Det mest ikoniska djuret h\u00e4r \u00e4r \u00e4lgen. Pusslet best\u00e5r av 54 bitar och passar b\u00e5de st\u00f6rre och mindre h\u00e4nder, men riktar sig till \u00e4ldre barn. N\u00e5gra av bitarna \u00e4r formade som en segelb\u00e5t, en propeller, en hasselmus, en gitarr, en f\u00e5gel och en fisk. I detta arktiskt inspirerade pussel finns bland annat kungs\u00f6rn, berguv, varg, vildsvin, \u00e4lg (Alces alces), lodjur, ekorre, tj\u00e4der, gr\u00f6ng\u00f6ling, svarth\u00e4tta, bj\u00f6rn, r\u00e4v, j\u00e4rv, gr\u00e4sand, kronhjort, fj\u00e4llhare, gr\u00e4vling, vessla och igelkott.<\/p>\n<p>Larsen Maxi \u00e4r en h\u00f6gkvalitativ pusselserie f\u00f6r barn som kombinerar l\u00e4rande och lek. F\u00e4rgstarka illustrationer och stadiga rambitar g\u00f6r pusslen enkla och roliga att l\u00e4gga. Larsen Maxi-pussel \u00e4r idealiska f\u00f6r yngre barn och hj\u00e4lper till att utveckla finmotorik och koncentration.<\/p>\n<p>Larsen tillverkar h\u00f6gkvalitativa pedagogiska pussel som \u00e4r utformade f\u00f6r att st\u00f6dja l\u00e4rande genom lek. Detta norska familjef\u00f6retag har varit verksamt sedan 1953, och alla pussel tillverkas i Norge. Sortimentet omfattar m\u00e5nga olika teman som djur, kartor, fordon, rymden och natur. Tydliga illustrationer och h\u00e5llbara bitar g\u00f6r Larsen-pussel till ett utm\u00e4rkt val f\u00f6r barn.<\/p>\n","protected":false},"excerpt":{"rendered":"<p>Larsen Maxi Nordlig skog 54 bitars pussel 36,5 x 28,5 cm visar nordiska skogsdjur. Pedagogiskt pussel som st\u00f6djer naturkunskap.<\/p>\n","protected":false},"featured_media":0,"template":"","meta":{"content-type":"","_monsterinsights_skip_tracking":false,"_monsterinsights_sitenote_active":false,"_monsterinsights_sitenote_note":"","_monsterinsights_sitenote_category":0},"product_brand":[],"product_cat":[1520],"product_tag":[1235,932,845],"brand":[],"target-group":[],"discontinued":[],"class_list":{"0":"post-61395","1":"product","2":"type-product","3":"status-publish","5":"product_cat-barn-pussel","6":"product_tag-kombinera-sv","7":"product_tag-tidsfordriv","8":"product_tag-tillsammans","10":"first","11":"instock","12":"taxable","13":"shipping-taxable","14":"product-type-simple"},"aioseo_notices":[],"_links":{"self":[{"href":"https:\/\/games.tactic.net\/sv\/wp-json\/wp\/v2\/product\/61395","targetHints":{"allow":["GET"]}}],"collection":[{"href":"https:\/\/games.tactic.net\/sv\/wp-json\/wp\/v2\/product"}],"about":[{"href":"https:\/\/games.tactic.net\/sv\/wp-json\/wp\/v2\/types\/product"}],"wp:attachment":[{"href":"https:\/\/games.tactic.net\/sv\/wp-json\/wp\/v2\/media?parent=61395"}],"wp:term":[{"taxonomy":"product_brand","embeddable":true,"href":"https:\/\/games.tactic.net\/sv\/wp-json\/wp\/v2\/product_brand?post=61395"},{"taxonomy":"product_cat","embeddable":true,"href":"https:\/\/games.tactic.net\/sv\/wp-json\/wp\/v2\/product_cat?post=61395"},{"taxonomy":"product_tag","embeddable":true,"href":"https:\/\/games.tactic.net\/sv\/wp-json\/wp\/v2\/product_tag?post=61395"},{"taxonomy":"brand","embeddable":true,"href":"https:\/\/games.tactic.net\/sv\/wp-json\/wp\/v2\/brand?post=61395"},{"taxonomy":"target-group","embeddable":true,"href":"https:\/\/games.tactic.net\/sv\/wp-json\/wp\/v2\/target-group?post=61395"},{"taxonomy":"discontinued","embeddable":true,"href":"https:\/\/games.tactic.net\/sv\/wp-json\/wp\/v2\/discontinued?post=61395"}],"curies":[{"name":"wp","href":"https:\/\/api.w.org\/{rel}","templated":true}]}}