{"id":61393,"date":"2019-11-09T01:48:42","date_gmt":"2021-02-16T09:11:47","guid":{"rendered":"https:\/\/dev.tactic.net\/tuote\/larsen-savannen-maxi\/"},"modified":"2023-10-19T16:28:11","modified_gmt":"2023-10-19T13:28:11","slug":"larsen-savannen-maxi","status":"publish","type":"product","link":"https:\/\/games.tactic.net\/sv\/tuote\/larsen-savannen-maxi\/","title":{"rendered":"Larsen Maxi Savannen 43 pcs pussel"},"content":{"rendered":"<p>Larsen Maxi Savann 43 bitar pussel 36,5 x 28,5 cm. Upplev Afrikas vilda djurliv i detta trevliga och st\u00e4mningsfulla pussel med savannliv.  De afrikanska djuren njuter av full frihet i denna naturpark. Pusslet best\u00e5r av 43 bitar och passar perfekt f\u00f6r yngre barn. N\u00e5gra av de illustrativa pusselbitarna har passande former som krokodil, nosh\u00f6rning, fj\u00e4ril, elefant, lejon och flodh\u00e4st, vilket hj\u00e4lper barnen att k\u00e4nna igen djurformer var f\u00f6r sig. P\u00e5 savannen finns en prickig leopard, solkyssta giraffer, elefanter, en l\u00e5ngbent stork, en lurvig oryx, randiga zebror, nosh\u00f6rningar, kraftfulla bufflar, en gepard, Thomsons gasell, kudu, gr\u00e5kronad trana, en vackert rosa flamingo, en lurande krokodil, en sk\u00f6ldpadda, en kungsfiskare och f\u00f6rst\u00e5s djungelns konung \u2013 ett lejon. Det leriga vattnet i detta natursk\u00f6na pussel h\u00e5ller djuren svala och avslappnade, redo f\u00f6r sin dagliga jakt, medan fj\u00e4rilar och f\u00e5glar sv\u00e4var h\u00f6gt p\u00e5 himlen.<\/p>\n<p>Larsen Maxi \u00e4r en h\u00f6gkvalitativ pusselserie f\u00f6r barn som kombinerar l\u00e4rande och lek. F\u00e4rgstarka illustrationer och stadiga rambitar g\u00f6r pusslen enkla och roliga att l\u00e4gga. Larsen Maxi-pussel \u00e4r idealiska f\u00f6r yngre barn och hj\u00e4lper till att utveckla finmotorik och koncentration.<\/p>\n<p>Larsen tillverkar h\u00f6gkvalitativa pedagogiska pussel som \u00e4r utformade f\u00f6r att st\u00f6dja l\u00e4rande genom lek. Detta norska familjef\u00f6retag har varit verksamt sedan 1953, och alla pussel tillverkas i Norge. Sortimentet omfattar m\u00e5nga olika teman som djur, kartor, fordon, rymden och natur. Tydliga illustrationer och h\u00e5llbara bitar g\u00f6r Larsen-pussel till ett utm\u00e4rkt val f\u00f6r barn.<\/p>\n","protected":false},"excerpt":{"rendered":"<p>Larsen Maxi Savann 43 bitars pussel 36,5 x 28,5 cm visar afrikanska djur som lejon och giraffer. Djurpussel som st\u00f6djer igenk\u00e4nning och l\u00e4rande om vilda djur.<\/p>\n","protected":false},"featured_media":0,"template":"","meta":{"content-type":"","_monsterinsights_skip_tracking":false,"_monsterinsights_sitenote_active":false,"_monsterinsights_sitenote_note":"","_monsterinsights_sitenote_category":0},"product_brand":[],"product_cat":[1520],"product_tag":[1235,932,845],"brand":[],"target-group":[],"discontinued":[],"class_list":{"0":"post-61393","1":"product","2":"type-product","3":"status-publish","5":"product_cat-barn-pussel","6":"product_tag-kombinera-sv","7":"product_tag-tidsfordriv","8":"product_tag-tillsammans","10":"first","11":"instock","12":"taxable","13":"shipping-taxable","14":"product-type-simple"},"aioseo_notices":[],"_links":{"self":[{"href":"https:\/\/games.tactic.net\/sv\/wp-json\/wp\/v2\/product\/61393","targetHints":{"allow":["GET"]}}],"collection":[{"href":"https:\/\/games.tactic.net\/sv\/wp-json\/wp\/v2\/product"}],"about":[{"href":"https:\/\/games.tactic.net\/sv\/wp-json\/wp\/v2\/types\/product"}],"wp:attachment":[{"href":"https:\/\/games.tactic.net\/sv\/wp-json\/wp\/v2\/media?parent=61393"}],"wp:term":[{"taxonomy":"product_brand","embeddable":true,"href":"https:\/\/games.tactic.net\/sv\/wp-json\/wp\/v2\/product_brand?post=61393"},{"taxonomy":"product_cat","embeddable":true,"href":"https:\/\/games.tactic.net\/sv\/wp-json\/wp\/v2\/product_cat?post=61393"},{"taxonomy":"product_tag","embeddable":true,"href":"https:\/\/games.tactic.net\/sv\/wp-json\/wp\/v2\/product_tag?post=61393"},{"taxonomy":"brand","embeddable":true,"href":"https:\/\/games.tactic.net\/sv\/wp-json\/wp\/v2\/brand?post=61393"},{"taxonomy":"target-group","embeddable":true,"href":"https:\/\/games.tactic.net\/sv\/wp-json\/wp\/v2\/target-group?post=61393"},{"taxonomy":"discontinued","embeddable":true,"href":"https:\/\/games.tactic.net\/sv\/wp-json\/wp\/v2\/discontinued?post=61393"}],"curies":[{"name":"wp","href":"https:\/\/api.w.org\/{rel}","templated":true}]}}