{"id":61347,"date":"2021-02-16T11:10:01","date_gmt":"2021-02-16T09:10:01","guid":{"rendered":"https:\/\/dev.tactic.net\/tuote\/case-ih-optum-300-cvx\/"},"modified":"2023-10-20T15:32:46","modified_gmt":"2023-10-20T12:32:46","slug":"case-ih-optum-300-cvx","status":"publish","type":"product","link":"https:\/\/games.tactic.net\/sv\/tuote\/case-ih-optum-300-cvx\/","title":{"rendered":"Bruder Case IH Optum 300 CVX toy"},"content":{"rendered":"<p>Optum-serien erbjuder kraftfulla, kompakta och mycket smidiga traktorer med ett utm\u00e4rkt prestanda-till-vikt-f\u00f6rh\u00e5llande. Dessa modeller klarar alla utmaningar med maximal effekt, effektivitet och tillf\u00f6rlitlighet \u2013 och imponerar med sin nya design. N\u00e4r det g\u00e4ller design, funktionalitet och kvalitet inneh\u00e5ller den nya BRUDER-modellen i skala 1:16 allt, i enlighet med f\u00f6retagets motto &#8221;precis som p\u00e5 riktigt&#8221;. Hytten \u00e4r helt inglasad och har l\u00e4tt\u00f6ppnade d\u00f6rrar. Den f\u00e4llbara motorhuven ger tillg\u00e5ng till den imponerande motorn. Utm\u00e4rkt k\u00f6rbarhet och k\u00f6rkomfort tack vare den installerade pendelaxeln samt styrf\u00f6rl\u00e4ngningen som f\u00f6rs in genom taket.<\/p>\n","protected":false},"excerpt":{"rendered":"<p>Bruder<\/p>\n","protected":false},"featured_media":0,"template":"","meta":{"content-type":"","_monsterinsights_skip_tracking":false,"_monsterinsights_sitenote_active":false,"_monsterinsights_sitenote_note":"","_monsterinsights_sitenote_category":0},"product_brand":[],"product_cat":[823],"product_tag":[],"brand":[],"target-group":[],"discontinued":[],"class_list":{"0":"post-61347","1":"product","2":"type-product","3":"status-publish","5":"product_cat-bruder","7":"first","8":"instock","9":"taxable","10":"shipping-taxable","11":"product-type-simple"},"aioseo_notices":[],"_links":{"self":[{"href":"https:\/\/games.tactic.net\/sv\/wp-json\/wp\/v2\/product\/61347","targetHints":{"allow":["GET"]}}],"collection":[{"href":"https:\/\/games.tactic.net\/sv\/wp-json\/wp\/v2\/product"}],"about":[{"href":"https:\/\/games.tactic.net\/sv\/wp-json\/wp\/v2\/types\/product"}],"wp:attachment":[{"href":"https:\/\/games.tactic.net\/sv\/wp-json\/wp\/v2\/media?parent=61347"}],"wp:term":[{"taxonomy":"product_brand","embeddable":true,"href":"https:\/\/games.tactic.net\/sv\/wp-json\/wp\/v2\/product_brand?post=61347"},{"taxonomy":"product_cat","embeddable":true,"href":"https:\/\/games.tactic.net\/sv\/wp-json\/wp\/v2\/product_cat?post=61347"},{"taxonomy":"product_tag","embeddable":true,"href":"https:\/\/games.tactic.net\/sv\/wp-json\/wp\/v2\/product_tag?post=61347"},{"taxonomy":"brand","embeddable":true,"href":"https:\/\/games.tactic.net\/sv\/wp-json\/wp\/v2\/brand?post=61347"},{"taxonomy":"target-group","embeddable":true,"href":"https:\/\/games.tactic.net\/sv\/wp-json\/wp\/v2\/target-group?post=61347"},{"taxonomy":"discontinued","embeddable":true,"href":"https:\/\/games.tactic.net\/sv\/wp-json\/wp\/v2\/discontinued?post=61347"}],"curies":[{"name":"wp","href":"https:\/\/api.w.org\/{rel}","templated":true}]}}