{"id":61341,"date":"2021-02-16T11:09:41","date_gmt":"2021-02-16T09:09:41","guid":{"rendered":"https:\/\/dev.tactic.net\/tuote\/lista-ratt\/"},"modified":"2025-11-10T12:24:49","modified_gmt":"2025-11-10T10:24:49","slug":"lista-ratt","status":"archive","type":"product","link":"https:\/\/games.tactic.net\/sv\/tuote\/lista-ratt\/","title":{"rendered":"Tactic Fem i topp"},"content":{"rendered":"<p>I detta fr\u00e5gespel ska spelarna lista topp 5 p\u00e5 en lista med 10 alternativ. Ex. \u201dLista de 5 st\u00f6rsta st\u00e4derna i V\u00e4rlden\u201d. Spelarna f\u00e5r sedan flytta fram p\u00e5 spelplanen efter hur bra de lyckats. F\u00f6rst i m\u00e5l vinner.<\/p>\n","protected":false},"excerpt":{"rendered":"<p>I detta fr\u00e5gespel ska spelarna lista topp 5 p\u00e5 en lista med 10 alternativ. Ex. \u201dLista de 5 st\u00f6rsta st\u00e4derna i V\u00e4rlden\u201d. Spelarna f\u00e5r sedan flytta fram p\u00e5 spelplanen efter hur bra de lyckats. F\u00f6rst i m\u00e5l vinner.<\/p>\n","protected":false},"featured_media":0,"template":"","meta":{"content-type":"","_monsterinsights_skip_tracking":false,"_monsterinsights_sitenote_active":false,"_monsterinsights_sitenote_note":"","_monsterinsights_sitenote_category":0},"product_brand":[],"product_cat":[1523,1524],"product_tag":[849],"brand":[],"target-group":[],"discontinued":[],"class_list":{"0":"post-61341","1":"product","2":"type-product","3":"status-archive","5":"product_cat-fragespel-vuxenspel","6":"product_cat-fragespel-familjespel","7":"product_tag-kunskap","9":"first","10":"outofstock","11":"taxable","12":"shipping-taxable","13":"product-type-simple"},"aioseo_notices":[],"_links":{"self":[{"href":"https:\/\/games.tactic.net\/sv\/wp-json\/wp\/v2\/product\/61341","targetHints":{"allow":["GET"]}}],"collection":[{"href":"https:\/\/games.tactic.net\/sv\/wp-json\/wp\/v2\/product"}],"about":[{"href":"https:\/\/games.tactic.net\/sv\/wp-json\/wp\/v2\/types\/product"}],"wp:attachment":[{"href":"https:\/\/games.tactic.net\/sv\/wp-json\/wp\/v2\/media?parent=61341"}],"wp:term":[{"taxonomy":"product_brand","embeddable":true,"href":"https:\/\/games.tactic.net\/sv\/wp-json\/wp\/v2\/product_brand?post=61341"},{"taxonomy":"product_cat","embeddable":true,"href":"https:\/\/games.tactic.net\/sv\/wp-json\/wp\/v2\/product_cat?post=61341"},{"taxonomy":"product_tag","embeddable":true,"href":"https:\/\/games.tactic.net\/sv\/wp-json\/wp\/v2\/product_tag?post=61341"},{"taxonomy":"brand","embeddable":true,"href":"https:\/\/games.tactic.net\/sv\/wp-json\/wp\/v2\/brand?post=61341"},{"taxonomy":"target-group","embeddable":true,"href":"https:\/\/games.tactic.net\/sv\/wp-json\/wp\/v2\/target-group?post=61341"},{"taxonomy":"discontinued","embeddable":true,"href":"https:\/\/games.tactic.net\/sv\/wp-json\/wp\/v2\/discontinued?post=61341"}],"curies":[{"name":"wp","href":"https:\/\/api.w.org\/{rel}","templated":true}]}}