{"id":61284,"date":"2021-02-16T11:09:36","date_gmt":"2021-02-16T09:09:36","guid":{"rendered":"https:\/\/dev.tactic.net\/tuote\/blomsterangar\/"},"modified":"2021-10-11T08:57:47","modified_gmt":"2021-10-11T05:57:47","slug":"blomsterangar","status":"archive","type":"product","link":"https:\/\/games.tactic.net\/sv\/tuote\/blomsterangar\/","title":{"rendered":"Blomster\u00e4ngar"},"content":{"rendered":"<p>Denna m\u00e5larbok \u00e4r fylld med<br \/>\ndetaljrika och vackra m\u00f6nster av olika<br \/>\ntyper av v\u00e4xter, blommor och fj\u00e4rilar.<br \/>\nM\u00e5la och l\u00e5t kreativiteten fl\u00f6da!<\/p>\n","protected":false},"excerpt":{"rendered":"<p>Denna m\u00e5larbok \u00e4r fylld med<br \/>\ndetaljrika och vackra m\u00f6nster av olika<br \/>\ntyper av v\u00e4xter, blommor och fj\u00e4rilar.<br \/>\nM\u00e5la och l\u00e5t kreativiteten fl\u00f6da!<\/p>\n","protected":false},"featured_media":0,"template":"","meta":{"content-type":"","_monsterinsights_skip_tracking":false,"_monsterinsights_sitenote_active":false,"_monsterinsights_sitenote_note":"","_monsterinsights_sitenote_category":0},"product_brand":[],"product_cat":[141],"product_tag":[],"brand":[],"target-group":[],"discontinued":[],"class_list":{"0":"post-61284","1":"product","2":"type-product","3":"status-archive","5":"product_cat-okategoriserad","7":"first","8":"outofstock","9":"taxable","10":"shipping-taxable","11":"product-type-simple"},"aioseo_notices":[],"_links":{"self":[{"href":"https:\/\/games.tactic.net\/sv\/wp-json\/wp\/v2\/product\/61284","targetHints":{"allow":["GET"]}}],"collection":[{"href":"https:\/\/games.tactic.net\/sv\/wp-json\/wp\/v2\/product"}],"about":[{"href":"https:\/\/games.tactic.net\/sv\/wp-json\/wp\/v2\/types\/product"}],"wp:attachment":[{"href":"https:\/\/games.tactic.net\/sv\/wp-json\/wp\/v2\/media?parent=61284"}],"wp:term":[{"taxonomy":"product_brand","embeddable":true,"href":"https:\/\/games.tactic.net\/sv\/wp-json\/wp\/v2\/product_brand?post=61284"},{"taxonomy":"product_cat","embeddable":true,"href":"https:\/\/games.tactic.net\/sv\/wp-json\/wp\/v2\/product_cat?post=61284"},{"taxonomy":"product_tag","embeddable":true,"href":"https:\/\/games.tactic.net\/sv\/wp-json\/wp\/v2\/product_tag?post=61284"},{"taxonomy":"brand","embeddable":true,"href":"https:\/\/games.tactic.net\/sv\/wp-json\/wp\/v2\/brand?post=61284"},{"taxonomy":"target-group","embeddable":true,"href":"https:\/\/games.tactic.net\/sv\/wp-json\/wp\/v2\/target-group?post=61284"},{"taxonomy":"discontinued","embeddable":true,"href":"https:\/\/games.tactic.net\/sv\/wp-json\/wp\/v2\/discontinued?post=61284"}],"curies":[{"name":"wp","href":"https:\/\/api.w.org\/{rel}","templated":true}]}}