{"id":61254,"date":"2021-02-16T11:09:29","date_gmt":"2021-02-16T09:09:29","guid":{"rendered":"https:\/\/dev.tactic.net\/tuote\/lika-par-leka-bast\/"},"modified":"2022-02-09T13:56:34","modified_gmt":"2022-02-09T11:56:34","slug":"lika-par-leka-bast","status":"archive","type":"product","link":"https:\/\/games.tactic.net\/sv\/tuote\/lika-par-leka-bast\/","title":{"rendered":"Lika par leka b\u00e4st"},"content":{"rendered":"<div>Nominerat till \u00e5rets vuxenspel 2019.<\/div>\n<div><\/div>\n<div>\u201dHitta din sj\u00e4lsfr\u00e4nde. Svara p\u00e5 fr\u00e5gor och fundera ut roliga scenarier medan \u00f6vriga spelare t\u00e4nker ut egna svar p\u00e5 samma fr\u00e5gor. De tv\u00e5 som har likadana svar flest g\u00e5nger vinner spelet och vet vem i s\u00e4llskapet som \u00e4r sj\u00e4lsfr\u00e4nden i livet.\u201d<\/div>\n<div><\/div>\n<div>Du hittar det i en butik n\u00e4ra dig\u2026<\/div>\n<div><\/div>\n<div><i><b>Om \u00c5rets spel<\/b><\/i><\/div>\n<div><i>Utm\u00e4rkelsen \u00c5rets Spel och priset Guldt\u00e4rningen delades ut f\u00f6rsta g\u00e5ngen 1984. Priset delas ut av Lek <\/p>\n","protected":false},"excerpt":{"rendered":"<div>Nominerat till \u00e5rets vuxenspel 2019.<\/div>\n<div><\/div>\n<div>\u201dHitta din sj\u00e4lsfr\u00e4nde. Svara p\u00e5 fr\u00e5gor och fundera ut roliga scenarier medan \u00f6vriga spelare t\u00e4nker ut egna svar p\u00e5 samma fr\u00e5gor. De tv\u00e5 som har likadana svar flest g\u00e5nger vinner spelet och vet vem i s\u00e4llskapet som \u00e4r sj\u00e4lsfr\u00e4nden i livet.\u201d<\/div>\n<div><\/div>\n<div>Du hittar det i en butik n\u00e4ra dig\u2026<\/div>\n<div><\/div>\n<div><i><b>Om \u00c5rets spel<\/b><\/i><\/div>\n<div><i>Utm\u00e4rkelsen \u00c5rets Spel och priset Guldt\u00e4rningen delades ut f\u00f6rsta g\u00e5ngen 1984. Priset delas ut av Lek <\/p>\n","protected":false},"featured_media":0,"template":"","meta":{"content-type":"","_monsterinsights_skip_tracking":false,"_monsterinsights_sitenote_active":false,"_monsterinsights_sitenote_note":"","_monsterinsights_sitenote_category":0},"product_brand":[],"product_cat":[683],"product_tag":[],"brand":[],"target-group":[],"discontinued":[],"class_list":{"0":"post-61254","1":"product","2":"type-product","3":"status-archive","5":"product_cat-vuxenspel","7":"first","8":"outofstock","9":"taxable","10":"shipping-taxable","11":"product-type-simple"},"aioseo_notices":[],"_links":{"self":[{"href":"https:\/\/games.tactic.net\/sv\/wp-json\/wp\/v2\/product\/61254","targetHints":{"allow":["GET"]}}],"collection":[{"href":"https:\/\/games.tactic.net\/sv\/wp-json\/wp\/v2\/product"}],"about":[{"href":"https:\/\/games.tactic.net\/sv\/wp-json\/wp\/v2\/types\/product"}],"wp:attachment":[{"href":"https:\/\/games.tactic.net\/sv\/wp-json\/wp\/v2\/media?parent=61254"}],"wp:term":[{"taxonomy":"product_brand","embeddable":true,"href":"https:\/\/games.tactic.net\/sv\/wp-json\/wp\/v2\/product_brand?post=61254"},{"taxonomy":"product_cat","embeddable":true,"href":"https:\/\/games.tactic.net\/sv\/wp-json\/wp\/v2\/product_cat?post=61254"},{"taxonomy":"product_tag","embeddable":true,"href":"https:\/\/games.tactic.net\/sv\/wp-json\/wp\/v2\/product_tag?post=61254"},{"taxonomy":"brand","embeddable":true,"href":"https:\/\/games.tactic.net\/sv\/wp-json\/wp\/v2\/brand?post=61254"},{"taxonomy":"target-group","embeddable":true,"href":"https:\/\/games.tactic.net\/sv\/wp-json\/wp\/v2\/target-group?post=61254"},{"taxonomy":"discontinued","embeddable":true,"href":"https:\/\/games.tactic.net\/sv\/wp-json\/wp\/v2\/discontinued?post=61254"}],"curies":[{"name":"wp","href":"https:\/\/api.w.org\/{rel}","templated":true}]}}