{"id":61225,"date":"2021-02-16T11:09:25","date_gmt":"2021-02-16T09:09:25","guid":{"rendered":"https:\/\/dev.tactic.net\/tuote\/vem-vet-mest-junior\/"},"modified":"2022-03-22T13:13:45","modified_gmt":"2022-03-22T11:13:45","slug":"vem-vet-mest-junior","status":"archive","type":"product","link":"https:\/\/games.tactic.net\/sv\/tuote\/vem-vet-mest-junior\/","title":{"rendered":"Vem vet mest? Junior"},"content":{"rendered":"<p>Det enormt popul\u00e4ra TV-fr\u00e5gespelet nu i juniorversion! Spela dig igenom de olika ronderna och f\u00f6rs\u00f6k att vara f\u00f6rst med att n\u00e5 150 po\u00e4ng i<br \/>\nfinalen. Vem av er vet egentligen mest?<\/p>\n<div><\/div>\n<div>\u2022 1 500 fr\u00e5gor och svar i olika teman, allt fr\u00e5n Rymden till Zlatan.<\/div>\n<div>\u2022 Du k\u00e4nner igen spelid\u00e9n fr\u00e5n TVfr\u00e5gesporten Vem vet mest? Junior.<\/div>\n<div>\u2022 Perfekt p\u00e5 partyt bland kompisarna!<\/div>\n","protected":false},"excerpt":{"rendered":"<p>Det enormt popul\u00e4ra TV-fr\u00e5gespelet nu i juniorversion! Spela dig igenom de olika ronderna och f\u00f6rs\u00f6k att vara f\u00f6rst med att n\u00e5 150 po\u00e4ng i<br \/>\nfinalen. Vem av er vet egentligen mest?<\/p>\n","protected":false},"featured_media":0,"template":"","meta":{"content-type":"","_monsterinsights_skip_tracking":false,"_monsterinsights_sitenote_active":false,"_monsterinsights_sitenote_note":"","_monsterinsights_sitenote_category":0},"product_brand":[],"product_cat":[1524],"product_tag":[849,1254],"brand":[],"target-group":[],"discontinued":[],"class_list":{"0":"post-61225","1":"product","2":"type-product","3":"status-archive","5":"product_cat-fragespel-familjespel","6":"product_tag-kunskap","7":"product_tag-pedagogisk-sv","9":"first","10":"outofstock","11":"taxable","12":"shipping-taxable","13":"product-type-simple"},"aioseo_notices":[],"_links":{"self":[{"href":"https:\/\/games.tactic.net\/sv\/wp-json\/wp\/v2\/product\/61225","targetHints":{"allow":["GET"]}}],"collection":[{"href":"https:\/\/games.tactic.net\/sv\/wp-json\/wp\/v2\/product"}],"about":[{"href":"https:\/\/games.tactic.net\/sv\/wp-json\/wp\/v2\/types\/product"}],"wp:attachment":[{"href":"https:\/\/games.tactic.net\/sv\/wp-json\/wp\/v2\/media?parent=61225"}],"wp:term":[{"taxonomy":"product_brand","embeddable":true,"href":"https:\/\/games.tactic.net\/sv\/wp-json\/wp\/v2\/product_brand?post=61225"},{"taxonomy":"product_cat","embeddable":true,"href":"https:\/\/games.tactic.net\/sv\/wp-json\/wp\/v2\/product_cat?post=61225"},{"taxonomy":"product_tag","embeddable":true,"href":"https:\/\/games.tactic.net\/sv\/wp-json\/wp\/v2\/product_tag?post=61225"},{"taxonomy":"brand","embeddable":true,"href":"https:\/\/games.tactic.net\/sv\/wp-json\/wp\/v2\/brand?post=61225"},{"taxonomy":"target-group","embeddable":true,"href":"https:\/\/games.tactic.net\/sv\/wp-json\/wp\/v2\/target-group?post=61225"},{"taxonomy":"discontinued","embeddable":true,"href":"https:\/\/games.tactic.net\/sv\/wp-json\/wp\/v2\/discontinued?post=61225"}],"curies":[{"name":"wp","href":"https:\/\/api.w.org\/{rel}","templated":true}]}}