{"id":61179,"date":"2021-02-16T11:05:48","date_gmt":"2021-02-16T09:05:48","guid":{"rendered":"https:\/\/dev.tactic.net\/tuote\/gold-armada\/"},"modified":"2023-06-30T12:50:30","modified_gmt":"2023-06-30T09:50:30","slug":"gold-armada","status":"archive","type":"product","link":"https:\/\/games.tactic.net\/sv\/tuote\/gold-armada\/","title":{"rendered":"Gold Armada"},"content":{"rendered":"<div>Kasta t\u00e4rningen och f\u00f6rs\u00f6k att samla s\u00e5 m\u00e5nga guldmynt som m\u00f6jligt! Ju b\u00e4ttre kast, desto sv\u00e5rare att samla fler mynt. Bra kast bel\u00f6nas med guld, mindre bra kast ger dig en d\u00f6dskallebricka.<\/div>\n<div><\/div>\n<div>\u2022 Okomplicerat spel som blir mer utmanande under spelets g\u00e5ng.<\/div>\n<div>\u2022 Passar alla i familjen!<\/div>\n<div>\u2022 Snygg och f\u00e4rggrann spelplan!<\/div>\n","protected":false},"excerpt":{"rendered":"<p>Kasta t\u00e4rningen och f\u00f6rs\u00f6k att samla s\u00e5 m\u00e5nga guldmynt som m\u00f6jligt! Ju b\u00e4ttre kast, desto sv\u00e5rare att samla fler mynt. Bra kast bel\u00f6nas med guld, mindre bra kast ger dig en d\u00f6dskallebricka.<\/p>\n","protected":false},"featured_media":0,"template":"","meta":{"content-type":"","_monsterinsights_skip_tracking":false,"_monsterinsights_sitenote_active":false,"_monsterinsights_sitenote_note":"","_monsterinsights_sitenote_category":0},"product_brand":[],"product_cat":[1461],"product_tag":[1240,1265],"brand":[],"target-group":[],"discontinued":[],"class_list":{"0":"post-61179","1":"product","2":"type-product","3":"status-archive","5":"product_cat-bradspel","6":"product_tag-rakning-sv","7":"product_tag-taktik-sv","9":"first","10":"outofstock","11":"taxable","12":"shipping-taxable","13":"product-type-simple"},"aioseo_notices":[],"_links":{"self":[{"href":"https:\/\/games.tactic.net\/sv\/wp-json\/wp\/v2\/product\/61179","targetHints":{"allow":["GET"]}}],"collection":[{"href":"https:\/\/games.tactic.net\/sv\/wp-json\/wp\/v2\/product"}],"about":[{"href":"https:\/\/games.tactic.net\/sv\/wp-json\/wp\/v2\/types\/product"}],"wp:attachment":[{"href":"https:\/\/games.tactic.net\/sv\/wp-json\/wp\/v2\/media?parent=61179"}],"wp:term":[{"taxonomy":"product_brand","embeddable":true,"href":"https:\/\/games.tactic.net\/sv\/wp-json\/wp\/v2\/product_brand?post=61179"},{"taxonomy":"product_cat","embeddable":true,"href":"https:\/\/games.tactic.net\/sv\/wp-json\/wp\/v2\/product_cat?post=61179"},{"taxonomy":"product_tag","embeddable":true,"href":"https:\/\/games.tactic.net\/sv\/wp-json\/wp\/v2\/product_tag?post=61179"},{"taxonomy":"brand","embeddable":true,"href":"https:\/\/games.tactic.net\/sv\/wp-json\/wp\/v2\/brand?post=61179"},{"taxonomy":"target-group","embeddable":true,"href":"https:\/\/games.tactic.net\/sv\/wp-json\/wp\/v2\/target-group?post=61179"},{"taxonomy":"discontinued","embeddable":true,"href":"https:\/\/games.tactic.net\/sv\/wp-json\/wp\/v2\/discontinued?post=61179"}],"curies":[{"name":"wp","href":"https:\/\/api.w.org\/{rel}","templated":true}]}}