{"id":61178,"date":"2021-02-16T11:05:44","date_gmt":"2021-02-16T09:05:44","guid":{"rendered":"https:\/\/dev.tactic.net\/tuote\/choco\/"},"modified":"2023-10-25T13:22:43","modified_gmt":"2023-10-25T10:22:43","slug":"choco","status":"publish","type":"product","link":"https:\/\/games.tactic.net\/sv\/tuote\/choco\/","title":{"rendered":"Tactic Choco br\u00e4dspel"},"content":{"rendered":"<p>Tryck p\u00e5 t\u00e4rningen och leta efter antingen en jordn\u00f6t eller ett k\u00f6rsb\u00e4r. V\u00e4nd en av Chocobitarna. Den spelare som f\u00e5r flest Chocobitar vinner. Men se upp f\u00f6r larven som kan st\u00e4lla till det f\u00f6r dig!<\/p>\n","protected":false},"excerpt":{"rendered":"<p>Tryck p\u00e5 t\u00e4rningen och leta efter antingen en jordn\u00f6t eller ett k\u00f6rsb\u00e4r. V\u00e4nd en av Chocobitarna. Den spelare som f\u00e5r flest Chocobitar vinner. Men se upp f\u00f6r larven som kan st\u00e4lla till det f\u00f6r dig!<\/p>\n","protected":false},"featured_media":0,"template":"","meta":{"content-type":"","_monsterinsights_skip_tracking":false,"_monsterinsights_sitenote_active":false,"_monsterinsights_sitenote_note":"","_monsterinsights_sitenote_category":0},"product_brand":[],"product_cat":[1462],"product_tag":[1254],"brand":[{"id":2176,"name":"Choco","slug":"choco-4"}],"target-group":[],"discontinued":[],"class_list":{"0":"post-61178","1":"product","2":"type-product","3":"status-publish","5":"product_cat-bradspel-barnspel","6":"product_tag-pedagogisk-sv","7":"brand-choco-4","9":"first","10":"instock","11":"taxable","12":"shipping-taxable","13":"product-type-simple"},"aioseo_notices":[],"_links":{"self":[{"href":"https:\/\/games.tactic.net\/sv\/wp-json\/wp\/v2\/product\/61178","targetHints":{"allow":["GET"]}}],"collection":[{"href":"https:\/\/games.tactic.net\/sv\/wp-json\/wp\/v2\/product"}],"about":[{"href":"https:\/\/games.tactic.net\/sv\/wp-json\/wp\/v2\/types\/product"}],"wp:attachment":[{"href":"https:\/\/games.tactic.net\/sv\/wp-json\/wp\/v2\/media?parent=61178"}],"wp:term":[{"taxonomy":"product_brand","embeddable":true,"href":"https:\/\/games.tactic.net\/sv\/wp-json\/wp\/v2\/product_brand?post=61178"},{"taxonomy":"product_cat","embeddable":true,"href":"https:\/\/games.tactic.net\/sv\/wp-json\/wp\/v2\/product_cat?post=61178"},{"taxonomy":"product_tag","embeddable":true,"href":"https:\/\/games.tactic.net\/sv\/wp-json\/wp\/v2\/product_tag?post=61178"},{"taxonomy":"brand","embeddable":true,"href":"https:\/\/games.tactic.net\/sv\/wp-json\/wp\/v2\/brand?post=61178"},{"taxonomy":"target-group","embeddable":true,"href":"https:\/\/games.tactic.net\/sv\/wp-json\/wp\/v2\/target-group?post=61178"},{"taxonomy":"discontinued","embeddable":true,"href":"https:\/\/games.tactic.net\/sv\/wp-json\/wp\/v2\/discontinued?post=61178"}],"curies":[{"name":"wp","href":"https:\/\/api.w.org\/{rel}","templated":true}]}}