{"id":61177,"date":"2021-02-16T11:05:40","date_gmt":"2021-02-16T09:05:40","guid":{"rendered":"https:\/\/dev.tactic.net\/tuote\/bagit\/"},"modified":"2022-02-08T09:20:54","modified_gmt":"2022-02-08T07:20:54","slug":"bagit","status":"archive","type":"product","link":"https:\/\/games.tactic.net\/sv\/tuote\/bagit\/","title":{"rendered":"BAGit!"},"content":{"rendered":"<div>Dela upp er i tv\u00e5 lag och s\u00e4tt upp en spelplan. Varje lag f\u00f6rs\u00f6ker att f\u00f6rflytta sin \u00e4rtp\u00e5se till motst\u00e5ndarlagets m\u00e5lkorg samtidigt som de m\u00e5ste f\u00f6rsvara sitt eget m\u00e5l!<\/div>\n<div><\/div>\n<div>\u2022 Ett aktivt spel d\u00e4r du aldrig st\u00e5r still!<\/div>\n<div>\u2022 De enkla reglerna garanterar att \u00e4ven de yngsta spelarna har kul!<\/div>\n<div>\u2022 Spelet inneh\u00e5ller tv\u00e5 stora m\u00e5lkorgar i tyg och tv\u00e5 \u00e4rtp\u00e5sar!<\/div>\n","protected":false},"excerpt":{"rendered":"<p>Dela upp er i tv\u00e5 lag och s\u00e4tt upp en spelplan. Varje lag f\u00f6rs\u00f6ker att f\u00f6rflytta sin \u00e4rtp\u00e5se till motst\u00e5ndarlagets m\u00e5lkorg samtidigt som de m\u00e5ste f\u00f6rsvara sitt eget m\u00e5l!<\/p>\n","protected":false},"featured_media":0,"template":"","meta":{"content-type":"","_monsterinsights_skip_tracking":false,"_monsterinsights_sitenote_active":false,"_monsterinsights_sitenote_note":"","_monsterinsights_sitenote_category":0},"product_brand":[],"product_cat":[1536],"product_tag":[],"brand":[],"target-group":[],"discontinued":[],"class_list":{"0":"post-61177","1":"product","2":"type-product","3":"status-archive","5":"product_cat-andra-utomhusspel","7":"first","8":"outofstock","9":"taxable","10":"shipping-taxable","11":"product-type-simple"},"aioseo_notices":[],"_links":{"self":[{"href":"https:\/\/games.tactic.net\/sv\/wp-json\/wp\/v2\/product\/61177","targetHints":{"allow":["GET"]}}],"collection":[{"href":"https:\/\/games.tactic.net\/sv\/wp-json\/wp\/v2\/product"}],"about":[{"href":"https:\/\/games.tactic.net\/sv\/wp-json\/wp\/v2\/types\/product"}],"wp:attachment":[{"href":"https:\/\/games.tactic.net\/sv\/wp-json\/wp\/v2\/media?parent=61177"}],"wp:term":[{"taxonomy":"product_brand","embeddable":true,"href":"https:\/\/games.tactic.net\/sv\/wp-json\/wp\/v2\/product_brand?post=61177"},{"taxonomy":"product_cat","embeddable":true,"href":"https:\/\/games.tactic.net\/sv\/wp-json\/wp\/v2\/product_cat?post=61177"},{"taxonomy":"product_tag","embeddable":true,"href":"https:\/\/games.tactic.net\/sv\/wp-json\/wp\/v2\/product_tag?post=61177"},{"taxonomy":"brand","embeddable":true,"href":"https:\/\/games.tactic.net\/sv\/wp-json\/wp\/v2\/brand?post=61177"},{"taxonomy":"target-group","embeddable":true,"href":"https:\/\/games.tactic.net\/sv\/wp-json\/wp\/v2\/target-group?post=61177"},{"taxonomy":"discontinued","embeddable":true,"href":"https:\/\/games.tactic.net\/sv\/wp-json\/wp\/v2\/discontinued?post=61177"}],"curies":[{"name":"wp","href":"https:\/\/api.w.org\/{rel}","templated":true}]}}