{"id":61173,"date":"2021-02-16T11:05:27","date_gmt":"2021-02-16T09:05:27","guid":{"rendered":"https:\/\/dev.tactic.net\/tuote\/sota-djur-4\/"},"modified":"2022-10-10T10:34:53","modified_gmt":"2022-10-10T07:34:53","slug":"sota-djur-4","status":"archive","type":"product","link":"https:\/\/games.tactic.net\/sv\/tuote\/sota-djur-4\/","title":{"rendered":"S\u00f6ta djur stor pysselbok"},"content":{"rendered":"<p>96 sidor med s\u00f6ta djur att m\u00e5la och pyssla med.<br \/>\nValpar, kattungar, kaniner och alla andra djur som<br \/>\nbarnen s\u00e5 v\u00e4l k\u00e4nner igen!<\/p>\n","protected":false},"excerpt":{"rendered":"<p>96 sidor med s\u00f6ta djur att m\u00e5la och pyssla med.<br \/>\nValpar, kattungar, kaniner och alla andra djur som<br \/>\nbarnen s\u00e5 v\u00e4l k\u00e4nner igen!<\/p>\n","protected":false},"featured_media":0,"template":"","meta":{"content-type":"","_monsterinsights_skip_tracking":false,"_monsterinsights_sitenote_active":false,"_monsterinsights_sitenote_note":"","_monsterinsights_sitenote_category":0},"product_brand":[],"product_cat":[1529],"product_tag":[],"brand":[],"target-group":[],"discontinued":[],"class_list":{"0":"post-61173","1":"product","2":"type-product","3":"status-archive","5":"product_cat-malarbocker-malar-och-pysselbocker","7":"first","8":"instock","9":"taxable","10":"shipping-taxable","11":"product-type-simple"},"aioseo_notices":[],"_links":{"self":[{"href":"https:\/\/games.tactic.net\/sv\/wp-json\/wp\/v2\/product\/61173","targetHints":{"allow":["GET"]}}],"collection":[{"href":"https:\/\/games.tactic.net\/sv\/wp-json\/wp\/v2\/product"}],"about":[{"href":"https:\/\/games.tactic.net\/sv\/wp-json\/wp\/v2\/types\/product"}],"wp:attachment":[{"href":"https:\/\/games.tactic.net\/sv\/wp-json\/wp\/v2\/media?parent=61173"}],"wp:term":[{"taxonomy":"product_brand","embeddable":true,"href":"https:\/\/games.tactic.net\/sv\/wp-json\/wp\/v2\/product_brand?post=61173"},{"taxonomy":"product_cat","embeddable":true,"href":"https:\/\/games.tactic.net\/sv\/wp-json\/wp\/v2\/product_cat?post=61173"},{"taxonomy":"product_tag","embeddable":true,"href":"https:\/\/games.tactic.net\/sv\/wp-json\/wp\/v2\/product_tag?post=61173"},{"taxonomy":"brand","embeddable":true,"href":"https:\/\/games.tactic.net\/sv\/wp-json\/wp\/v2\/brand?post=61173"},{"taxonomy":"target-group","embeddable":true,"href":"https:\/\/games.tactic.net\/sv\/wp-json\/wp\/v2\/target-group?post=61173"},{"taxonomy":"discontinued","embeddable":true,"href":"https:\/\/games.tactic.net\/sv\/wp-json\/wp\/v2\/discontinued?post=61173"}],"curies":[{"name":"wp","href":"https:\/\/api.w.org\/{rel}","templated":true}]}}