{"id":61140,"date":"2021-02-16T11:05:11","date_gmt":"2021-02-16T09:05:11","guid":{"rendered":"https:\/\/dev.tactic.net\/tuote\/fendt-1050-vario-med-skiftningsbara-hjul\/"},"modified":"2023-10-20T15:46:45","modified_gmt":"2023-10-20T12:46:45","slug":"fendt-1050-vario-med-skiftningsbara-hjul","status":"publish","type":"product","link":"https:\/\/games.tactic.net\/sv\/tuote\/fendt-1050-vario-med-skiftningsbara-hjul\/","title":{"rendered":"Bruder Fendt 1050 Vario traktor leksak"},"content":{"rendered":"<p>Fendt 1050 Vario \u00e4r toppmodellen i Fendts sortiment \u2013 stor, stark och unik! BRUDER lanserar nu den f\u00f6rsta modellen i sin 4000-serie. Med h\u00f6jdjusterbart drag, styrbar framaxel, \u00f6ppningsbar hytt och nya axlar med l\u00f6stagbara hjul \u00e4r detta en riktig referenspunkt. Robust, detaljrik och lekv\u00e4nlig \u2013 i sann BRUDER-anda.<\/p>\n","protected":false},"excerpt":{"rendered":"<p>Fendt 1050 Vario \u00e4r toppmodellen! Denna BRUDER-traktor s\u00e4tter en ny standard med h\u00f6g detaljniv\u00e5, h\u00e5llbarhet och lekv\u00e4nlighet.<\/p>\n","protected":false},"featured_media":0,"template":"","meta":{"content-type":"","_monsterinsights_skip_tracking":false,"_monsterinsights_sitenote_active":false,"_monsterinsights_sitenote_note":"","_monsterinsights_sitenote_category":0},"product_brand":[],"product_cat":[823],"product_tag":[],"brand":[],"target-group":[],"discontinued":[],"class_list":{"0":"post-61140","1":"product","2":"type-product","3":"status-publish","5":"product_cat-bruder","7":"first","8":"instock","9":"taxable","10":"shipping-taxable","11":"product-type-simple"},"aioseo_notices":[],"_links":{"self":[{"href":"https:\/\/games.tactic.net\/sv\/wp-json\/wp\/v2\/product\/61140","targetHints":{"allow":["GET"]}}],"collection":[{"href":"https:\/\/games.tactic.net\/sv\/wp-json\/wp\/v2\/product"}],"about":[{"href":"https:\/\/games.tactic.net\/sv\/wp-json\/wp\/v2\/types\/product"}],"wp:attachment":[{"href":"https:\/\/games.tactic.net\/sv\/wp-json\/wp\/v2\/media?parent=61140"}],"wp:term":[{"taxonomy":"product_brand","embeddable":true,"href":"https:\/\/games.tactic.net\/sv\/wp-json\/wp\/v2\/product_brand?post=61140"},{"taxonomy":"product_cat","embeddable":true,"href":"https:\/\/games.tactic.net\/sv\/wp-json\/wp\/v2\/product_cat?post=61140"},{"taxonomy":"product_tag","embeddable":true,"href":"https:\/\/games.tactic.net\/sv\/wp-json\/wp\/v2\/product_tag?post=61140"},{"taxonomy":"brand","embeddable":true,"href":"https:\/\/games.tactic.net\/sv\/wp-json\/wp\/v2\/brand?post=61140"},{"taxonomy":"target-group","embeddable":true,"href":"https:\/\/games.tactic.net\/sv\/wp-json\/wp\/v2\/target-group?post=61140"},{"taxonomy":"discontinued","embeddable":true,"href":"https:\/\/games.tactic.net\/sv\/wp-json\/wp\/v2\/discontinued?post=61140"}],"curies":[{"name":"wp","href":"https:\/\/api.w.org\/{rel}","templated":true}]}}