{"id":61136,"date":"2019-11-09T01:06:10","date_gmt":"2021-02-16T09:04:59","guid":{"rendered":"https:\/\/dev.tactic.net\/tuote\/mexican-train-2\/"},"modified":"2025-12-08T10:15:20","modified_gmt":"2025-12-08T08:15:20","slug":"mexican-train-2","status":"publish","type":"product","link":"https:\/\/games.tactic.net\/sv\/tuote\/mexican-train-2\/","title":{"rendered":"Tactic Mexican Train board game"},"content":{"rendered":"<p>Mexican Train \u00e4r en modern och popul\u00e4r version av spelet Domino, spelas med 91 dubbeltolva-brickor. Upp till 8 spelare kan spela. M\u00e5let med spelet \u00e4r att bli av med alla sina dominobrickor. Du l\u00e4gger ut brickorna p\u00e5 ditt eget t\u00e5g, p\u00e5 Mexican Train, p\u00e5 andra t\u00e5g vid stationen eller p\u00e5 andra spelares t\u00e5g. Mexican Train \u00e4r en rolig variant av domino och ett mycket bra partyspel. L\u00e4tt att l\u00e4ra och otroligt roligt att spela.<\/p>\n","protected":false},"excerpt":{"rendered":"<p>Mexican Train \u00e4r en modern och popul\u00e4r version av spelet Domino, spelas med 91 dubbeltolva-brickor. Upp till 8 spelare kan spela. M\u00e5let med spelet \u00e4r att bli av med alla sina dominobrickor.<\/p>\n","protected":false},"featured_media":0,"template":"","meta":{"content-type":"","_monsterinsights_skip_tracking":false,"_monsterinsights_sitenote_active":false,"_monsterinsights_sitenote_note":"","_monsterinsights_sitenote_category":0},"product_brand":[],"product_cat":[1525,1577],"product_tag":[1235,1238,932],"brand":[],"target-group":[],"discontinued":[],"class_list":{"0":"post-61136","1":"product","2":"type-product","3":"status-publish","5":"product_cat-klassiker","6":"product_cat-klassiska-spel-vuxenspel","7":"product_tag-kombinera-sv","8":"product_tag-strategi-sv","9":"product_tag-tidsfordriv","11":"first","12":"instock","13":"taxable","14":"shipping-taxable","15":"product-type-simple"},"aioseo_notices":[],"_links":{"self":[{"href":"https:\/\/games.tactic.net\/sv\/wp-json\/wp\/v2\/product\/61136","targetHints":{"allow":["GET"]}}],"collection":[{"href":"https:\/\/games.tactic.net\/sv\/wp-json\/wp\/v2\/product"}],"about":[{"href":"https:\/\/games.tactic.net\/sv\/wp-json\/wp\/v2\/types\/product"}],"wp:attachment":[{"href":"https:\/\/games.tactic.net\/sv\/wp-json\/wp\/v2\/media?parent=61136"}],"wp:term":[{"taxonomy":"product_brand","embeddable":true,"href":"https:\/\/games.tactic.net\/sv\/wp-json\/wp\/v2\/product_brand?post=61136"},{"taxonomy":"product_cat","embeddable":true,"href":"https:\/\/games.tactic.net\/sv\/wp-json\/wp\/v2\/product_cat?post=61136"},{"taxonomy":"product_tag","embeddable":true,"href":"https:\/\/games.tactic.net\/sv\/wp-json\/wp\/v2\/product_tag?post=61136"},{"taxonomy":"brand","embeddable":true,"href":"https:\/\/games.tactic.net\/sv\/wp-json\/wp\/v2\/brand?post=61136"},{"taxonomy":"target-group","embeddable":true,"href":"https:\/\/games.tactic.net\/sv\/wp-json\/wp\/v2\/target-group?post=61136"},{"taxonomy":"discontinued","embeddable":true,"href":"https:\/\/games.tactic.net\/sv\/wp-json\/wp\/v2\/discontinued?post=61136"}],"curies":[{"name":"wp","href":"https:\/\/api.w.org\/{rel}","templated":true}]}}