{"id":61129,"date":"2021-02-16T11:04:37","date_gmt":"2021-02-16T09:04:37","guid":{"rendered":"https:\/\/dev.tactic.net\/tuote\/fragekort-europa\/"},"modified":"2022-02-09T14:10:42","modified_gmt":"2022-02-09T12:10:42","slug":"fragekort-europa","status":"archive","type":"product","link":"https:\/\/games.tactic.net\/sv\/tuote\/fragekort-europa\/","title":{"rendered":"Fr\u00e5gekort Europa"},"content":{"rendered":"<p>FR\u00c5GESPORT PERFEKT P\u00c5 RESAN! 10 olika teman: Jorden runt, Djur <\/p>\n","protected":false},"excerpt":{"rendered":"<p>FR\u00c5GESPORT PERFEKT P\u00c5 RESAN! 10 olika teman: Jorden runt, Djur <\/p>\n","protected":false},"featured_media":0,"template":"","meta":{"content-type":"","_monsterinsights_skip_tracking":false,"_monsterinsights_sitenote_active":false,"_monsterinsights_sitenote_note":"","_monsterinsights_sitenote_category":0},"product_brand":[],"product_cat":[1578,1563],"product_tag":[849],"brand":[],"target-group":[],"discontinued":[],"class_list":{"0":"post-61129","1":"product","2":"type-product","3":"status-archive","5":"product_cat-kort-och-tarningsspel-familjespel","6":"product_cat-kort-och-tarningsspel","7":"product_tag-kunskap","9":"first","10":"outofstock","11":"taxable","12":"shipping-taxable","13":"product-type-simple"},"aioseo_notices":[],"_links":{"self":[{"href":"https:\/\/games.tactic.net\/sv\/wp-json\/wp\/v2\/product\/61129","targetHints":{"allow":["GET"]}}],"collection":[{"href":"https:\/\/games.tactic.net\/sv\/wp-json\/wp\/v2\/product"}],"about":[{"href":"https:\/\/games.tactic.net\/sv\/wp-json\/wp\/v2\/types\/product"}],"wp:attachment":[{"href":"https:\/\/games.tactic.net\/sv\/wp-json\/wp\/v2\/media?parent=61129"}],"wp:term":[{"taxonomy":"product_brand","embeddable":true,"href":"https:\/\/games.tactic.net\/sv\/wp-json\/wp\/v2\/product_brand?post=61129"},{"taxonomy":"product_cat","embeddable":true,"href":"https:\/\/games.tactic.net\/sv\/wp-json\/wp\/v2\/product_cat?post=61129"},{"taxonomy":"product_tag","embeddable":true,"href":"https:\/\/games.tactic.net\/sv\/wp-json\/wp\/v2\/product_tag?post=61129"},{"taxonomy":"brand","embeddable":true,"href":"https:\/\/games.tactic.net\/sv\/wp-json\/wp\/v2\/brand?post=61129"},{"taxonomy":"target-group","embeddable":true,"href":"https:\/\/games.tactic.net\/sv\/wp-json\/wp\/v2\/target-group?post=61129"},{"taxonomy":"discontinued","embeddable":true,"href":"https:\/\/games.tactic.net\/sv\/wp-json\/wp\/v2\/discontinued?post=61129"}],"curies":[{"name":"wp","href":"https:\/\/api.w.org\/{rel}","templated":true}]}}