{"id":61114,"date":"2021-02-16T11:04:33","date_gmt":"2021-02-16T09:04:33","guid":{"rendered":"https:\/\/dev.tactic.net\/tuote\/domino-double-12\/"},"modified":"2022-03-22T12:39:28","modified_gmt":"2022-03-22T10:39:28","slug":"domino-double-12","status":"archive","type":"product","link":"https:\/\/games.tactic.net\/sv\/tuote\/domino-double-12\/","title":{"rendered":"Domino Double 12"},"content":{"rendered":"<div>Ett nytt dominospel som lockar till att spela spelet om och om igen. L\u00e4gg dina brickor och f\u00f6rs\u00f6k bli den som f\u00f6rst l\u00e4gger sin sista bricka.<\/div>\n<div><\/div>\n<div>\u2022 Fin h\u00e5llbar pl\u00e5task med f\u00f6nster.<\/div>\n<div>\u2022 Prickarna i olika f\u00e4rger p\u00e5 brickorna g\u00f6r spelet l\u00e4ttare att spela s\u00e5 att spelare p\u00e5 alla niv\u00e5er kan vara med.<\/div>\n<div>\u2022 Enkla regler g\u00f6r det l\u00e4tt att komma ig\u00e5ng \u00e4ven f\u00f6r nyb\u00f6rjare.<\/div>\n<div>\u2022 Inneh\u00e5ller 91 dominobrickor med f\u00e4rgpunkter.<\/div>\n","protected":false},"excerpt":{"rendered":"<p>Ett nytt dominospel som lockar till att spela spelet om och om igen. L\u00e4gg dina brickor och f\u00f6rs\u00f6k bli den som f\u00f6rst l\u00e4gger sin sista bricka.<\/p>\n","protected":false},"featured_media":0,"template":"","meta":{"content-type":"","_monsterinsights_skip_tracking":false,"_monsterinsights_sitenote_active":false,"_monsterinsights_sitenote_note":"","_monsterinsights_sitenote_category":0},"product_brand":[],"product_cat":[1525,1577],"product_tag":[1235,1238],"brand":[],"target-group":[],"discontinued":[],"class_list":{"0":"post-61114","1":"product","2":"type-product","3":"status-archive","5":"product_cat-klassiker","6":"product_cat-klassiska-spel-vuxenspel","7":"product_tag-kombinera-sv","8":"product_tag-strategi-sv","10":"first","11":"outofstock","12":"taxable","13":"shipping-taxable","14":"product-type-simple"},"aioseo_notices":[],"_links":{"self":[{"href":"https:\/\/games.tactic.net\/sv\/wp-json\/wp\/v2\/product\/61114","targetHints":{"allow":["GET"]}}],"collection":[{"href":"https:\/\/games.tactic.net\/sv\/wp-json\/wp\/v2\/product"}],"about":[{"href":"https:\/\/games.tactic.net\/sv\/wp-json\/wp\/v2\/types\/product"}],"wp:attachment":[{"href":"https:\/\/games.tactic.net\/sv\/wp-json\/wp\/v2\/media?parent=61114"}],"wp:term":[{"taxonomy":"product_brand","embeddable":true,"href":"https:\/\/games.tactic.net\/sv\/wp-json\/wp\/v2\/product_brand?post=61114"},{"taxonomy":"product_cat","embeddable":true,"href":"https:\/\/games.tactic.net\/sv\/wp-json\/wp\/v2\/product_cat?post=61114"},{"taxonomy":"product_tag","embeddable":true,"href":"https:\/\/games.tactic.net\/sv\/wp-json\/wp\/v2\/product_tag?post=61114"},{"taxonomy":"brand","embeddable":true,"href":"https:\/\/games.tactic.net\/sv\/wp-json\/wp\/v2\/brand?post=61114"},{"taxonomy":"target-group","embeddable":true,"href":"https:\/\/games.tactic.net\/sv\/wp-json\/wp\/v2\/target-group?post=61114"},{"taxonomy":"discontinued","embeddable":true,"href":"https:\/\/games.tactic.net\/sv\/wp-json\/wp\/v2\/discontinued?post=61114"}],"curies":[{"name":"wp","href":"https:\/\/api.w.org\/{rel}","templated":true}]}}