{"id":61113,"date":"2021-02-16T11:04:28","date_gmt":"2021-02-16T09:04:28","guid":{"rendered":"https:\/\/dev.tactic.net\/tuote\/domino-double-9\/"},"modified":"2023-10-17T19:05:09","modified_gmt":"2023-10-17T16:05:09","slug":"domino-double-9","status":"publish","type":"product","link":"https:\/\/games.tactic.net\/sv\/tuote\/domino-double-9\/","title":{"rendered":"Tactic Domino Double 9 br\u00e4dspel"},"content":{"rendered":"<p>Domino \u2013 det klassiska spelet som alla gillar! \u00c4r du f\u00f6rst med att bli av med alla dina brickor och d\u00e4rmed spelets vinnare? Fin h\u00e5llbar pl\u00e5task med f\u00f6nster. Prickarna i olika f\u00e4rger p\u00e5 brickorna g\u00f6r spelet l\u00e4ttare att spela s\u00e5 att spelare p\u00e5 alla niv\u00e5er kan vara med. Enkla regler g\u00f6r det l\u00e4tt att komma ig\u00e5ng \u00e4ven f\u00f6r nyb\u00f6rjare. Inneh\u00e5ller 55 dominobrickor med f\u00e4rgpunkter.<\/p>\n","protected":false},"excerpt":{"rendered":"<p>Domino \u2013 det klassiska spelet som alla gillar! \u00c4r du f\u00f6rst med att bli av med alla dina brickor och d\u00e4rmed spelets vinnare?<\/p>\n","protected":false},"featured_media":0,"template":"","meta":{"content-type":"","_monsterinsights_skip_tracking":false,"_monsterinsights_sitenote_active":false,"_monsterinsights_sitenote_note":"","_monsterinsights_sitenote_category":0},"product_brand":[],"product_cat":[1525,1577],"product_tag":[347,352],"brand":[],"target-group":[],"discontinued":[],"class_list":{"0":"post-61113","1":"product","2":"type-product","3":"status-publish","5":"product_cat-klassiker","6":"product_cat-klassiska-spel-vuxenspel","7":"product_tag-kombinera","8":"product_tag-strategi","10":"first","11":"instock","12":"taxable","13":"shipping-taxable","14":"product-type-simple"},"aioseo_notices":[],"_links":{"self":[{"href":"https:\/\/games.tactic.net\/sv\/wp-json\/wp\/v2\/product\/61113","targetHints":{"allow":["GET"]}}],"collection":[{"href":"https:\/\/games.tactic.net\/sv\/wp-json\/wp\/v2\/product"}],"about":[{"href":"https:\/\/games.tactic.net\/sv\/wp-json\/wp\/v2\/types\/product"}],"wp:attachment":[{"href":"https:\/\/games.tactic.net\/sv\/wp-json\/wp\/v2\/media?parent=61113"}],"wp:term":[{"taxonomy":"product_brand","embeddable":true,"href":"https:\/\/games.tactic.net\/sv\/wp-json\/wp\/v2\/product_brand?post=61113"},{"taxonomy":"product_cat","embeddable":true,"href":"https:\/\/games.tactic.net\/sv\/wp-json\/wp\/v2\/product_cat?post=61113"},{"taxonomy":"product_tag","embeddable":true,"href":"https:\/\/games.tactic.net\/sv\/wp-json\/wp\/v2\/product_tag?post=61113"},{"taxonomy":"brand","embeddable":true,"href":"https:\/\/games.tactic.net\/sv\/wp-json\/wp\/v2\/brand?post=61113"},{"taxonomy":"target-group","embeddable":true,"href":"https:\/\/games.tactic.net\/sv\/wp-json\/wp\/v2\/target-group?post=61113"},{"taxonomy":"discontinued","embeddable":true,"href":"https:\/\/games.tactic.net\/sv\/wp-json\/wp\/v2\/discontinued?post=61113"}],"curies":[{"name":"wp","href":"https:\/\/api.w.org\/{rel}","templated":true}]}}